{"id":79331,"date":"2026-03-14T23:32:11","date_gmt":"2026-03-14T23:32:11","guid":{"rendered":"https:\/\/joutia.shop\/product\/canon-pixma-ts9550a-imprimante-multifonction-jet-dencre-couleur-format-a3-et-a4-5-encres-separees-wifi-lan-2-chargeurs-de-papier-impression-recto-verso-noir-2\/"},"modified":"2026-03-14T23:32:11","modified_gmt":"2026-03-14T23:32:11","slug":"canon-pixma-ts9550a-imprimante-multifonction-jet-dencre-couleur-format-a3-et-a4-5-encres-separees-wifi-lan-2-chargeurs-de-papier-impression-recto-verso-noir-2","status":"publish","type":"product","link":"https:\/\/joutia.shop\/en\/product\/canon-pixma-ts9550a-imprimante-multifonction-jet-dencre-couleur-format-a3-et-a4-5-encres-separees-wifi-lan-2-chargeurs-de-papier-impression-recto-verso-noir-2\/","title":{"rendered":"Canon PIXMA TS9550a Color Inkjet Multifunction Printer A3 and A4 (5 separate inks, WiFi, LAN, 2 paper feeders, duplex printing) Black"},"content":{"rendered":"<h2>Canon S\u00e9rie PIXMA MG3650S &#8211; Imprimante, Copieur, Scanner pour la Maison Tout-en-Un | Connectivit\u00e9 Smartphone sans Fil | Imprimante pour la Maison<\/h2>\n<p>Le produit <strong>Canon S\u00e9rie PIXMA MG3650S &#8211; Imprimante, Copieur, Scanner pour la Maison Tout-en-Un | Connectivit\u00e9 Smartphone sans Fil | Imprimante pour la Maison<\/strong> est con\u00e7u pour offrir performance, fiabilit\u00e9 et confort d&rsquo;utilisation.<\/p>\n<p>Ce produit est id\u00e9al pour une utilisation quotidienne et r\u00e9pond parfaitement aux besoins des utilisateurs recherchant qualit\u00e9 et efficacit\u00e9.<\/p>\n<h3>Caract\u00e9ristiques principales<\/h3>\n<ul>\n<li>Conception robuste et durable<\/li>\n<li>Utilisation simple et intuitive<\/li>\n<li>Performance fiable<\/li>\n<li>Excellent rapport qualit\u00e9-prix<\/li>\n<\/ul>","protected":false},"excerpt":{"rendered":"<p>Canon S\u00e9rie PIXMA MG3650S &#8211; Imprimante, Copieur, Scanner pour la Maison Tout-en-Un | Connectivit\u00e9 Smartphone sans Fil | Imprimante pour la Maison &#8211; produit de qualit\u00e9 con\u00e7u pour un usage quotidien, offrant performance et fiabilit\u00e9.<\/p>","protected":false},"featured_media":77535,"comment_status":"open","ping_status":"closed","template":"","meta":[],"product_brand":[],"product_cat":[305],"product_tag":[336],"class_list":{"0":"post-79331","1":"product","2":"type-product","3":"status-publish","4":"has-post-thumbnail","6":"product_cat-informatique","7":"product_tag-imprimante","9":"first","10":"instock","11":"shipping-taxable","12":"product-type-external"},"_links":{"self":[{"href":"https:\/\/joutia.shop\/en\/wp-json\/wp\/v2\/product\/79331","targetHints":{"allow":["GET"]}}],"collection":[{"href":"https:\/\/joutia.shop\/en\/wp-json\/wp\/v2\/product"}],"about":[{"href":"https:\/\/joutia.shop\/en\/wp-json\/wp\/v2\/types\/product"}],"replies":[{"embeddable":true,"href":"https:\/\/joutia.shop\/en\/wp-json\/wp\/v2\/comments?post=79331"}],"wp:featuredmedia":[{"embeddable":true,"href":"https:\/\/joutia.shop\/en\/wp-json\/wp\/v2\/media\/77535"}],"wp:attachment":[{"href":"https:\/\/joutia.shop\/en\/wp-json\/wp\/v2\/media?parent=79331"}],"wp:term":[{"taxonomy":"product_brand","embeddable":true,"href":"https:\/\/joutia.shop\/en\/wp-json\/wp\/v2\/product_brand?post=79331"},{"taxonomy":"product_cat","embeddable":true,"href":"https:\/\/joutia.shop\/en\/wp-json\/wp\/v2\/product_cat?post=79331"},{"taxonomy":"product_tag","embeddable":true,"href":"https:\/\/joutia.shop\/en\/wp-json\/wp\/v2\/product_tag?post=79331"}],"curies":[{"name":"wp","href":"https:\/\/api.w.org\/{rel}","templated":true}]}}