{"id":79325,"date":"2026-03-14T23:32:10","date_gmt":"2026-03-14T23:32:10","guid":{"rendered":"https:\/\/joutia.shop\/product\/hp-officejet-200-mobile-imprimante-jets-dencres-couleur-4800-x-1200-dpi-a4-wifi-2\/"},"modified":"2026-03-14T23:32:10","modified_gmt":"2026-03-14T23:32:10","slug":"hp-officejet-200-mobile-imprimante-jets-dencres-couleur-4800-x-1200-dpi-a4-wifi-2","status":"publish","type":"product","link":"https:\/\/joutia.shop\/en\/product\/hp-officejet-200-mobile-imprimante-jets-dencres-couleur-4800-x-1200-dpi-a4-wifi-2\/","title":{"rendered":"HP Officejet 200 Mobile imprimante Jets d&rsquo;encres Couleur 4800 x 1200 DPI A4 WiFi"},"content":{"rendered":"<h2>Canon MAXIFY MB2150 Impresora Multifunci\u00f3n WiFi<\/h2>\n<p>Le produit <strong>Canon MAXIFY MB2150 Impresora Multifunci\u00f3n WiFi<\/strong> est con\u00e7u pour offrir performance, fiabilit\u00e9 et confort d&rsquo;utilisation.<\/p>\n<p>Ce produit est id\u00e9al pour une utilisation quotidienne et r\u00e9pond parfaitement aux besoins des utilisateurs recherchant qualit\u00e9 et efficacit\u00e9.<\/p>\n<h3>Caract\u00e9ristiques principales<\/h3>\n<ul>\n<li>Conception robuste et durable<\/li>\n<li>Utilisation simple et intuitive<\/li>\n<li>Performance fiable<\/li>\n<li>Excellent rapport qualit\u00e9-prix<\/li>\n<\/ul>","protected":false},"excerpt":{"rendered":"<p>Canon MAXIFY MB2150 Impresora Multifunci\u00f3n WiFi &#8211; produit de qualit\u00e9 con\u00e7u pour un usage quotidien, offrant performance et fiabilit\u00e9.<\/p>","protected":false},"featured_media":77988,"comment_status":"open","ping_status":"closed","template":"","meta":[],"product_brand":[],"product_cat":[305],"product_tag":[336],"class_list":{"0":"post-79325","1":"product","2":"type-product","3":"status-publish","4":"has-post-thumbnail","6":"product_cat-informatique","7":"product_tag-imprimante","9":"first","10":"instock","11":"shipping-taxable","12":"product-type-external"},"_links":{"self":[{"href":"https:\/\/joutia.shop\/en\/wp-json\/wp\/v2\/product\/79325","targetHints":{"allow":["GET"]}}],"collection":[{"href":"https:\/\/joutia.shop\/en\/wp-json\/wp\/v2\/product"}],"about":[{"href":"https:\/\/joutia.shop\/en\/wp-json\/wp\/v2\/types\/product"}],"replies":[{"embeddable":true,"href":"https:\/\/joutia.shop\/en\/wp-json\/wp\/v2\/comments?post=79325"}],"wp:featuredmedia":[{"embeddable":true,"href":"https:\/\/joutia.shop\/en\/wp-json\/wp\/v2\/media\/77988"}],"wp:attachment":[{"href":"https:\/\/joutia.shop\/en\/wp-json\/wp\/v2\/media?parent=79325"}],"wp:term":[{"taxonomy":"product_brand","embeddable":true,"href":"https:\/\/joutia.shop\/en\/wp-json\/wp\/v2\/product_brand?post=79325"},{"taxonomy":"product_cat","embeddable":true,"href":"https:\/\/joutia.shop\/en\/wp-json\/wp\/v2\/product_cat?post=79325"},{"taxonomy":"product_tag","embeddable":true,"href":"https:\/\/joutia.shop\/en\/wp-json\/wp\/v2\/product_tag?post=79325"}],"curies":[{"name":"wp","href":"https:\/\/api.w.org\/{rel}","templated":true}]}}