{"id":79323,"date":"2026-03-14T23:32:09","date_gmt":"2026-03-14T23:32:09","guid":{"rendered":"https:\/\/joutia.shop\/product\/hp-officejet-pro-8122e-405u3b-imprimante-multifonction-a-jet-dencre-a4-couleur-recto-verso-automatique-20-ppm-wi-fi-3-mois-de-forfait-instant-ink-gratuit-grise-2\/"},"modified":"2026-03-14T23:32:09","modified_gmt":"2026-03-14T23:32:09","slug":"hp-officejet-pro-8122e-405u3b-imprimante-multifonction-a-jet-dencre-a4-couleur-recto-verso-automatique-20-ppm-wi-fi-3-mois-de-forfait-instant-ink-gratuit-grise-2","status":"publish","type":"product","link":"https:\/\/joutia.shop\/en\/product\/hp-officejet-pro-8122e-405u3b-imprimante-multifonction-a-jet-dencre-a4-couleur-recto-verso-automatique-20-ppm-wi-fi-3-mois-de-forfait-instant-ink-gratuit-grise-2\/","title":{"rendered":"HP OfficeJet Pro 8122e, 405U3B, Imprimante Multifonction \u00e0 Jet d&rsquo;encre A4 Couleur, Recto Verso Automatique, 20 ppm, Wi-FI, 3 Mois de Forfait Instant Ink Gratuit, Grise"},"content":{"rendered":"<h2>HP Smart Tank 5108, 5D1B3A, imprimante Multifonction A4 avec r\u00e9servoir d&rsquo;encre Haute capacit\u00e9, Impression Manuelle Recto-Verso, num\u00e9risation, Copie, 12 Pages par Minute, Wi-FI, Smart, Eucalyptus<\/h2>\n<p>Le produit <strong>HP Smart Tank 5108, 5D1B3A, imprimante Multifonction A4 avec r\u00e9servoir d&rsquo;encre Haute capacit\u00e9, Impression Manuelle Recto-Verso, num\u00e9risation, Copie, 12 Pages par Minute, Wi-FI, Smart, Eucalyptus<\/strong> est con\u00e7u pour offrir performance, fiabilit\u00e9 et confort d&rsquo;utilisation.<\/p>\n<p>Ce produit est id\u00e9al pour une utilisation quotidienne et r\u00e9pond parfaitement aux besoins des utilisateurs recherchant qualit\u00e9 et efficacit\u00e9.<\/p>\n<h3>Caract\u00e9ristiques principales<\/h3>\n<ul>\n<li>Conception robuste et durable<\/li>\n<li>Utilisation simple et intuitive<\/li>\n<li>Performance fiable<\/li>\n<li>Excellent rapport qualit\u00e9-prix<\/li>\n<\/ul>","protected":false},"excerpt":{"rendered":"<p>HP Smart Tank 5108, 5D1B3A, imprimante Multifonction A4 avec r\u00e9servoir d&rsquo;encre Haute capacit\u00e9, Impression Manuelle Recto-Verso, num\u00e9risation, Copie, 12 Pages par Minute, Wi-FI, Smart, Eucalyptus &#8211; produit de qualit\u00e9 con\u00e7u pour un usage quotidien, offrant performance et fiabilit\u00e9.<\/p>","protected":false},"featured_media":77640,"comment_status":"open","ping_status":"closed","template":"","meta":[],"product_brand":[],"product_cat":[305],"product_tag":[336],"class_list":{"0":"post-79323","1":"product","2":"type-product","3":"status-publish","4":"has-post-thumbnail","6":"product_cat-informatique","7":"product_tag-imprimante","9":"first","10":"instock","11":"shipping-taxable","12":"product-type-external"},"_links":{"self":[{"href":"https:\/\/joutia.shop\/en\/wp-json\/wp\/v2\/product\/79323","targetHints":{"allow":["GET"]}}],"collection":[{"href":"https:\/\/joutia.shop\/en\/wp-json\/wp\/v2\/product"}],"about":[{"href":"https:\/\/joutia.shop\/en\/wp-json\/wp\/v2\/types\/product"}],"replies":[{"embeddable":true,"href":"https:\/\/joutia.shop\/en\/wp-json\/wp\/v2\/comments?post=79323"}],"wp:featuredmedia":[{"embeddable":true,"href":"https:\/\/joutia.shop\/en\/wp-json\/wp\/v2\/media\/77640"}],"wp:attachment":[{"href":"https:\/\/joutia.shop\/en\/wp-json\/wp\/v2\/media?parent=79323"}],"wp:term":[{"taxonomy":"product_brand","embeddable":true,"href":"https:\/\/joutia.shop\/en\/wp-json\/wp\/v2\/product_brand?post=79323"},{"taxonomy":"product_cat","embeddable":true,"href":"https:\/\/joutia.shop\/en\/wp-json\/wp\/v2\/product_cat?post=79323"},{"taxonomy":"product_tag","embeddable":true,"href":"https:\/\/joutia.shop\/en\/wp-json\/wp\/v2\/product_tag?post=79323"}],"curies":[{"name":"wp","href":"https:\/\/api.w.org\/{rel}","templated":true}]}}