{"id":79305,"date":"2026-03-14T23:32:06","date_gmt":"2026-03-14T23:32:06","guid":{"rendered":"https:\/\/joutia.shop\/product\/canon-maxify-gx1050-imprimante-a4-couleur-pour-la-maison-et-le-bureau-imprimante-copieur-et-scanner-jet-dencre-megatank-tout-en-un-sans-fil-connectivite-wi-fi-ethernet-et-usb-2\/"},"modified":"2026-03-14T23:32:06","modified_gmt":"2026-03-14T23:32:06","slug":"canon-maxify-gx1050-imprimante-a4-couleur-pour-la-maison-et-le-bureau-imprimante-copieur-et-scanner-jet-dencre-megatank-tout-en-un-sans-fil-connectivite-wi-fi-ethernet-et-usb-2","status":"publish","type":"product","link":"https:\/\/joutia.shop\/en\/product\/canon-maxify-gx1050-imprimante-a4-couleur-pour-la-maison-et-le-bureau-imprimante-copieur-et-scanner-jet-dencre-megatank-tout-en-un-sans-fil-connectivite-wi-fi-ethernet-et-usb-2\/","title":{"rendered":"Canon MAXIFY GX1050 Imprimante A4 Couleur pour la Maison et Le Bureau | Imprimante, Copieur et Scanner Jet d&rsquo;encre MegaTank Tout-en-Un, sans Fil | Connectivit\u00e9 Wi-FI, Ethernet et USB"},"content":{"rendered":"<h2>Brother DCP-L3520CDWE Imprimante Laser Couleur Multifonction 3 en 1 (Impression\/Copie\/Scan) &#8211; Recto-Verso Automatique en Impression &#8211; 18ppm &#8211; Eligible au Forfait EcoPro<\/h2>\n<p>Le produit <strong>Brother DCP-L3520CDWE Imprimante Laser Couleur Multifonction 3 en 1 (Impression\/Copie\/Scan) &#8211; Recto-Verso Automatique en Impression &#8211; 18ppm &#8211; Eligible au Forfait EcoPro<\/strong> est con\u00e7u pour offrir performance, fiabilit\u00e9 et confort d&rsquo;utilisation.<\/p>\n<p>Ce produit est id\u00e9al pour une utilisation quotidienne et r\u00e9pond parfaitement aux besoins des utilisateurs recherchant qualit\u00e9 et efficacit\u00e9.<\/p>\n<h3>Caract\u00e9ristiques principales<\/h3>\n<ul>\n<li>Conception robuste et durable<\/li>\n<li>Utilisation simple et intuitive<\/li>\n<li>Performance fiable<\/li>\n<li>Excellent rapport qualit\u00e9-prix<\/li>\n<\/ul>","protected":false},"excerpt":{"rendered":"<p>Brother DCP-L3520CDWE Imprimante Laser Couleur Multifonction 3 en 1 (Impression\/Copie\/Scan) &#8211; Recto-Verso Automatique en Impression &#8211; 18ppm &#8211; Eligible au Forfait EcoPro &#8211; produit de qualit\u00e9 con\u00e7u pour un usage quotidien, offrant performance et fiabilit\u00e9.<\/p>","protected":false},"featured_media":78166,"comment_status":"open","ping_status":"closed","template":"","meta":[],"product_brand":[],"product_cat":[305],"product_tag":[336],"class_list":{"0":"post-79305","1":"product","2":"type-product","3":"status-publish","4":"has-post-thumbnail","6":"product_cat-informatique","7":"product_tag-imprimante","9":"first","10":"instock","11":"shipping-taxable","12":"product-type-external"},"_links":{"self":[{"href":"https:\/\/joutia.shop\/en\/wp-json\/wp\/v2\/product\/79305","targetHints":{"allow":["GET"]}}],"collection":[{"href":"https:\/\/joutia.shop\/en\/wp-json\/wp\/v2\/product"}],"about":[{"href":"https:\/\/joutia.shop\/en\/wp-json\/wp\/v2\/types\/product"}],"replies":[{"embeddable":true,"href":"https:\/\/joutia.shop\/en\/wp-json\/wp\/v2\/comments?post=79305"}],"wp:featuredmedia":[{"embeddable":true,"href":"https:\/\/joutia.shop\/en\/wp-json\/wp\/v2\/media\/78166"}],"wp:attachment":[{"href":"https:\/\/joutia.shop\/en\/wp-json\/wp\/v2\/media?parent=79305"}],"wp:term":[{"taxonomy":"product_brand","embeddable":true,"href":"https:\/\/joutia.shop\/en\/wp-json\/wp\/v2\/product_brand?post=79305"},{"taxonomy":"product_cat","embeddable":true,"href":"https:\/\/joutia.shop\/en\/wp-json\/wp\/v2\/product_cat?post=79305"},{"taxonomy":"product_tag","embeddable":true,"href":"https:\/\/joutia.shop\/en\/wp-json\/wp\/v2\/product_tag?post=79305"}],"curies":[{"name":"wp","href":"https:\/\/api.w.org\/{rel}","templated":true}]}}