{"id":79294,"date":"2026-03-14T23:32:05","date_gmt":"2026-03-14T23:32:05","guid":{"rendered":"https:\/\/joutia.shop\/product\/brother-mfc-l2710dw-imprimante-multifonction-4-en-1-laser-monochrome-a4-impression-recto-verso-numerisation-copie-telecopie-airprint-2\/"},"modified":"2026-03-14T23:32:05","modified_gmt":"2026-03-14T23:32:05","slug":"brother-mfc-l2710dw-imprimante-multifonction-4-en-1-laser-monochrome-a4-impression-recto-verso-numerisation-copie-telecopie-airprint-2","status":"publish","type":"product","link":"https:\/\/joutia.shop\/en\/product\/brother-mfc-l2710dw-imprimante-multifonction-4-en-1-laser-monochrome-a4-impression-recto-verso-numerisation-copie-telecopie-airprint-2\/","title":{"rendered":"Brother MFC-L2710DW Imprimante Multifonction 4 en 1 Laser &#8211; Monochrome &#8211; A4 &#8211; Impression Recto-verso, Num\u00e9risation, Copie, T\u00e9l\u00e9copie &#8211; Airprint"},"content":{"rendered":"<h2>MFC-J5345DW &#8211; Imprimante jet d&rsquo;encre multifonction professionnelle A3 avec Wi-Fi. Eligible \u00e0 l&rsquo;abonnement EcoPro.<\/h2>\n<p>Le produit <strong>MFC-J5345DW &#8211; Imprimante jet d&rsquo;encre multifonction professionnelle A3 avec Wi-Fi. Eligible \u00e0 l&rsquo;abonnement EcoPro.<\/strong> est con\u00e7u pour offrir performance, fiabilit\u00e9 et confort d&rsquo;utilisation.<\/p>\n<p>Ce produit est id\u00e9al pour une utilisation quotidienne et r\u00e9pond parfaitement aux besoins des utilisateurs recherchant qualit\u00e9 et efficacit\u00e9.<\/p>\n<h3>Caract\u00e9ristiques principales<\/h3>\n<ul>\n<li>Conception robuste et durable<\/li>\n<li>Utilisation simple et intuitive<\/li>\n<li>Performance fiable<\/li>\n<li>Excellent rapport qualit\u00e9-prix<\/li>\n<\/ul>","protected":false},"excerpt":{"rendered":"<p>MFC-J5345DW &#8211; Imprimante jet d&rsquo;encre multifonction professionnelle A3 avec Wi-Fi. Eligible \u00e0 l&rsquo;abonnement EcoPro. &#8211; produit de qualit\u00e9 con\u00e7u pour un usage quotidien, offrant performance et fiabilit\u00e9.<\/p>","protected":false},"featured_media":78207,"comment_status":"open","ping_status":"closed","template":"","meta":[],"product_brand":[],"product_cat":[305],"product_tag":[336],"class_list":{"0":"post-79294","1":"product","2":"type-product","3":"status-publish","4":"has-post-thumbnail","6":"product_cat-informatique","7":"product_tag-imprimante","9":"first","10":"instock","11":"shipping-taxable","12":"product-type-external"},"_links":{"self":[{"href":"https:\/\/joutia.shop\/en\/wp-json\/wp\/v2\/product\/79294","targetHints":{"allow":["GET"]}}],"collection":[{"href":"https:\/\/joutia.shop\/en\/wp-json\/wp\/v2\/product"}],"about":[{"href":"https:\/\/joutia.shop\/en\/wp-json\/wp\/v2\/types\/product"}],"replies":[{"embeddable":true,"href":"https:\/\/joutia.shop\/en\/wp-json\/wp\/v2\/comments?post=79294"}],"wp:featuredmedia":[{"embeddable":true,"href":"https:\/\/joutia.shop\/en\/wp-json\/wp\/v2\/media\/78207"}],"wp:attachment":[{"href":"https:\/\/joutia.shop\/en\/wp-json\/wp\/v2\/media?parent=79294"}],"wp:term":[{"taxonomy":"product_brand","embeddable":true,"href":"https:\/\/joutia.shop\/en\/wp-json\/wp\/v2\/product_brand?post=79294"},{"taxonomy":"product_cat","embeddable":true,"href":"https:\/\/joutia.shop\/en\/wp-json\/wp\/v2\/product_cat?post=79294"},{"taxonomy":"product_tag","embeddable":true,"href":"https:\/\/joutia.shop\/en\/wp-json\/wp\/v2\/product_tag?post=79294"}],"curies":[{"name":"wp","href":"https:\/\/api.w.org\/{rel}","templated":true}]}}