{"id":79288,"date":"2026-03-14T23:32:03","date_gmt":"2026-03-14T23:32:03","guid":{"rendered":"https:\/\/joutia.shop\/product\/canon-maxify-mb5150-imprimante-multifonction-jet-dencre-24-ipm-en-blanc-et-noir-155-ipm-en-couleur-600-x-1200-dpi-noir-anthracite-2\/"},"modified":"2026-03-14T23:32:04","modified_gmt":"2026-03-14T23:32:04","slug":"canon-maxify-mb5150-imprimante-multifonction-jet-dencre-24-ipm-en-blanc-et-noir-155-ipm-en-couleur-600-x-1200-dpi-noir-anthracite-2","status":"publish","type":"product","link":"https:\/\/joutia.shop\/en\/product\/canon-maxify-mb5150-imprimante-multifonction-jet-dencre-24-ipm-en-blanc-et-noir-155-ipm-en-couleur-600-x-1200-dpi-noir-anthracite-2\/","title":{"rendered":"Canon Maxify MB5150 Imprimante Multifonction Jet d&rsquo;encre, 24 ipm en Blanc et Noir, 15,5 ipm en Couleur, 600 x 1200 dpi, Noir\/Anthracite"},"content":{"rendered":"<h2>HP Smart Tank 7007, Imprimante Multifonction Jet d\u2019Encre Couleur, A4, Wi-FI, Impression Recto-Verso Automatique, Num\u00e9risation et Copie, Jusqu\u2019\u00e0 3 Ans d\u2019Encre Inclus, Blanche<\/h2>\n<p>Le produit <strong>HP Smart Tank 7007, Imprimante Multifonction Jet d\u2019Encre Couleur, A4, Wi-FI, Impression Recto-Verso Automatique, Num\u00e9risation et Copie, Jusqu\u2019\u00e0 3 Ans d\u2019Encre Inclus, Blanche<\/strong> est con\u00e7u pour offrir performance, fiabilit\u00e9 et confort d&rsquo;utilisation.<\/p>\n<p>Ce produit est id\u00e9al pour une utilisation quotidienne et r\u00e9pond parfaitement aux besoins des utilisateurs recherchant qualit\u00e9 et efficacit\u00e9.<\/p>\n<h3>Caract\u00e9ristiques principales<\/h3>\n<ul>\n<li>Conception robuste et durable<\/li>\n<li>Utilisation simple et intuitive<\/li>\n<li>Performance fiable<\/li>\n<li>Excellent rapport qualit\u00e9-prix<\/li>\n<\/ul>","protected":false},"excerpt":{"rendered":"<p>HP Smart Tank 7007, Imprimante Multifonction Jet d\u2019Encre Couleur, A4, Wi-FI, Impression Recto-Verso Automatique, Num\u00e9risation et Copie, Jusqu\u2019\u00e0 3 Ans d\u2019Encre Inclus, Blanche &#8211; produit de qualit\u00e9 con\u00e7u pour un usage quotidien, offrant performance et fiabilit\u00e9.<\/p>","protected":false},"featured_media":78281,"comment_status":"open","ping_status":"closed","template":"","meta":[],"product_brand":[],"product_cat":[305],"product_tag":[336],"class_list":{"0":"post-79288","1":"product","2":"type-product","3":"status-publish","4":"has-post-thumbnail","6":"product_cat-informatique","7":"product_tag-imprimante","9":"first","10":"instock","11":"shipping-taxable","12":"product-type-external"},"_links":{"self":[{"href":"https:\/\/joutia.shop\/en\/wp-json\/wp\/v2\/product\/79288","targetHints":{"allow":["GET"]}}],"collection":[{"href":"https:\/\/joutia.shop\/en\/wp-json\/wp\/v2\/product"}],"about":[{"href":"https:\/\/joutia.shop\/en\/wp-json\/wp\/v2\/types\/product"}],"replies":[{"embeddable":true,"href":"https:\/\/joutia.shop\/en\/wp-json\/wp\/v2\/comments?post=79288"}],"wp:featuredmedia":[{"embeddable":true,"href":"https:\/\/joutia.shop\/en\/wp-json\/wp\/v2\/media\/78281"}],"wp:attachment":[{"href":"https:\/\/joutia.shop\/en\/wp-json\/wp\/v2\/media?parent=79288"}],"wp:term":[{"taxonomy":"product_brand","embeddable":true,"href":"https:\/\/joutia.shop\/en\/wp-json\/wp\/v2\/product_brand?post=79288"},{"taxonomy":"product_cat","embeddable":true,"href":"https:\/\/joutia.shop\/en\/wp-json\/wp\/v2\/product_cat?post=79288"},{"taxonomy":"product_tag","embeddable":true,"href":"https:\/\/joutia.shop\/en\/wp-json\/wp\/v2\/product_tag?post=79288"}],"curies":[{"name":"wp","href":"https:\/\/api.w.org\/{rel}","templated":true}]}}