{"id":79267,"date":"2026-03-14T23:32:01","date_gmt":"2026-03-14T23:32:01","guid":{"rendered":"https:\/\/joutia.shop\/product\/lexar-dual-type-c-type-a-usb-3-1-flash-laufwerk-128-go-2\/"},"modified":"2026-03-14T23:32:01","modified_gmt":"2026-03-14T23:32:01","slug":"lexar-dual-type-c-type-a-usb-3-1-flash-laufwerk-128-go-2","status":"publish","type":"product","link":"https:\/\/joutia.shop\/en\/product\/lexar-dual-type-c-type-a-usb-3-1-flash-laufwerk-128-go-2\/","title":{"rendered":"LEXAR Dual Type C\/Type A &#8211; USB 3.1 -Flash-Laufwerk &#8211; 128 Go"},"content":{"rendered":"<h2>Cl\u00e9 USB 2.0 en m\u00e9tal avec indicateur LED Lot de 5 couleurs (512 Mo, pas GB, plus petit que 1 Go Blank)<\/h2>\n<p>Le produit <strong>Cl\u00e9 USB 2.0 en m\u00e9tal avec indicateur LED Lot de 5 couleurs (512 Mo, pas GB, plus petit que 1 Go Blank)<\/strong> est con\u00e7u pour offrir performance, fiabilit\u00e9 et confort d&rsquo;utilisation.<\/p>\n<p>Ce produit est id\u00e9al pour une utilisation quotidienne et r\u00e9pond parfaitement aux besoins des utilisateurs recherchant qualit\u00e9 et efficacit\u00e9.<\/p>\n<h3>Caract\u00e9ristiques principales<\/h3>\n<ul>\n<li>Conception robuste et durable<\/li>\n<li>Utilisation simple et intuitive<\/li>\n<li>Performance fiable<\/li>\n<li>Excellent rapport qualit\u00e9-prix<\/li>\n<\/ul>","protected":false},"excerpt":{"rendered":"<p>Cl\u00e9 USB 2.0 en m\u00e9tal avec indicateur LED Lot de 5 couleurs (512 Mo, pas GB, plus petit que 1 Go Blank) &#8211; produit de qualit\u00e9 con\u00e7u pour un usage quotidien, offrant performance et fiabilit\u00e9.<\/p>","protected":false},"featured_media":77887,"comment_status":"open","ping_status":"closed","template":"","meta":[],"product_brand":[],"product_cat":[305],"product_tag":[335],"class_list":{"0":"post-79267","1":"product","2":"type-product","3":"status-publish","4":"has-post-thumbnail","6":"product_cat-informatique","7":"product_tag-cle-usb","9":"first","10":"instock","11":"shipping-taxable","12":"product-type-external"},"_links":{"self":[{"href":"https:\/\/joutia.shop\/en\/wp-json\/wp\/v2\/product\/79267","targetHints":{"allow":["GET"]}}],"collection":[{"href":"https:\/\/joutia.shop\/en\/wp-json\/wp\/v2\/product"}],"about":[{"href":"https:\/\/joutia.shop\/en\/wp-json\/wp\/v2\/types\/product"}],"replies":[{"embeddable":true,"href":"https:\/\/joutia.shop\/en\/wp-json\/wp\/v2\/comments?post=79267"}],"wp:featuredmedia":[{"embeddable":true,"href":"https:\/\/joutia.shop\/en\/wp-json\/wp\/v2\/media\/77887"}],"wp:attachment":[{"href":"https:\/\/joutia.shop\/en\/wp-json\/wp\/v2\/media?parent=79267"}],"wp:term":[{"taxonomy":"product_brand","embeddable":true,"href":"https:\/\/joutia.shop\/en\/wp-json\/wp\/v2\/product_brand?post=79267"},{"taxonomy":"product_cat","embeddable":true,"href":"https:\/\/joutia.shop\/en\/wp-json\/wp\/v2\/product_cat?post=79267"},{"taxonomy":"product_tag","embeddable":true,"href":"https:\/\/joutia.shop\/en\/wp-json\/wp\/v2\/product_tag?post=79267"}],"curies":[{"name":"wp","href":"https:\/\/api.w.org\/{rel}","templated":true}]}}