{"id":79265,"date":"2026-03-14T23:32:00","date_gmt":"2026-03-14T23:32:00","guid":{"rendered":"https:\/\/joutia.shop\/product\/integral-cle-8-go-usb-2-0-noir-2\/"},"modified":"2026-03-14T23:32:01","modified_gmt":"2026-03-14T23:32:01","slug":"integral-cle-8-go-usb-2-0-noir-2","status":"publish","type":"product","link":"https:\/\/joutia.shop\/en\/product\/integral-cle-8-go-usb-2-0-noir-2\/","title":{"rendered":"Integral &#8211; Cl\u00e9 8 Go USB 2.0 Noir"},"content":{"rendered":"<h2>Ulticool &#8211; Cl\u00e9 USB Capybara 32 Go \u2013 Design pratique et \u00e9l\u00e9gant pour adolescents, adultes, fans d&rsquo;animaux et amateurs de capybaras \u2013 Beige<\/h2>\n<p>Le produit <strong>Ulticool &#8211; Cl\u00e9 USB Capybara 32 Go \u2013 Design pratique et \u00e9l\u00e9gant pour adolescents, adultes, fans d&rsquo;animaux et amateurs de capybaras \u2013 Beige<\/strong> est con\u00e7u pour offrir performance, fiabilit\u00e9 et confort d&rsquo;utilisation.<\/p>\n<p>Ce produit est id\u00e9al pour une utilisation quotidienne et r\u00e9pond parfaitement aux besoins des utilisateurs recherchant qualit\u00e9 et efficacit\u00e9.<\/p>\n<h3>Caract\u00e9ristiques principales<\/h3>\n<ul>\n<li>Conception robuste et durable<\/li>\n<li>Utilisation simple et intuitive<\/li>\n<li>Performance fiable<\/li>\n<li>Excellent rapport qualit\u00e9-prix<\/li>\n<\/ul>","protected":false},"excerpt":{"rendered":"<p>Ulticool &#8211; Cl\u00e9 USB Capybara 32 Go \u2013 Design pratique et \u00e9l\u00e9gant pour adolescents, adultes, fans d&rsquo;animaux et amateurs de capybaras \u2013 Beige &#8211; produit de qualit\u00e9 con\u00e7u pour un usage quotidien, offrant performance et fiabilit\u00e9.<\/p>","protected":false},"featured_media":77989,"comment_status":"open","ping_status":"closed","template":"","meta":[],"product_brand":[],"product_cat":[305],"product_tag":[335],"class_list":{"0":"post-79265","1":"product","2":"type-product","3":"status-publish","4":"has-post-thumbnail","6":"product_cat-informatique","7":"product_tag-cle-usb","9":"first","10":"instock","11":"shipping-taxable","12":"product-type-external"},"_links":{"self":[{"href":"https:\/\/joutia.shop\/en\/wp-json\/wp\/v2\/product\/79265","targetHints":{"allow":["GET"]}}],"collection":[{"href":"https:\/\/joutia.shop\/en\/wp-json\/wp\/v2\/product"}],"about":[{"href":"https:\/\/joutia.shop\/en\/wp-json\/wp\/v2\/types\/product"}],"replies":[{"embeddable":true,"href":"https:\/\/joutia.shop\/en\/wp-json\/wp\/v2\/comments?post=79265"}],"wp:featuredmedia":[{"embeddable":true,"href":"https:\/\/joutia.shop\/en\/wp-json\/wp\/v2\/media\/77989"}],"wp:attachment":[{"href":"https:\/\/joutia.shop\/en\/wp-json\/wp\/v2\/media?parent=79265"}],"wp:term":[{"taxonomy":"product_brand","embeddable":true,"href":"https:\/\/joutia.shop\/en\/wp-json\/wp\/v2\/product_brand?post=79265"},{"taxonomy":"product_cat","embeddable":true,"href":"https:\/\/joutia.shop\/en\/wp-json\/wp\/v2\/product_cat?post=79265"},{"taxonomy":"product_tag","embeddable":true,"href":"https:\/\/joutia.shop\/en\/wp-json\/wp\/v2\/product_tag?post=79265"}],"curies":[{"name":"wp","href":"https:\/\/api.w.org\/{rel}","templated":true}]}}