{"id":79253,"date":"2026-03-14T23:31:59","date_gmt":"2026-03-14T23:31:59","guid":{"rendered":"https:\/\/joutia.shop\/product\/sandisk-sdcz50c-016g-b35pe-16-gb-cruzer-blade-usb-flash-drive-electric-pink-2\/"},"modified":"2026-03-14T23:31:59","modified_gmt":"2026-03-14T23:31:59","slug":"sandisk-sdcz50c-016g-b35pe-16-gb-cruzer-blade-usb-flash-drive-electric-pink-2","status":"publish","type":"product","link":"https:\/\/joutia.shop\/en\/product\/sandisk-sdcz50c-016g-b35pe-16-gb-cruzer-blade-usb-flash-drive-electric-pink-2\/","title":{"rendered":"SanDisk SDCZ50C-016G-B35PE 16 GB Cruzer Blade USB Flash Drive &#8211; Electric Pink"},"content":{"rendered":"<h2>Lexar Lot de 2 cl\u00e9s USB 3.2 Gen 1 A30E de 128 Go, jusqu&rsquo;\u00e0 100 Mo\/s, extension de stockage et sauvegarde pour syst\u00e8mes PC et Mac<\/h2>\n<p>Le produit <strong>Lexar Lot de 2 cl\u00e9s USB 3.2 Gen 1 A30E de 128 Go, jusqu&rsquo;\u00e0 100 Mo\/s, extension de stockage et sauvegarde pour syst\u00e8mes PC et Mac<\/strong> est con\u00e7u pour offrir performance, fiabilit\u00e9 et confort d&rsquo;utilisation.<\/p>\n<p>Ce produit est id\u00e9al pour une utilisation quotidienne et r\u00e9pond parfaitement aux besoins des utilisateurs recherchant qualit\u00e9 et efficacit\u00e9.<\/p>\n<h3>Caract\u00e9ristiques principales<\/h3>\n<ul>\n<li>Conception robuste et durable<\/li>\n<li>Utilisation simple et intuitive<\/li>\n<li>Performance fiable<\/li>\n<li>Excellent rapport qualit\u00e9-prix<\/li>\n<\/ul>","protected":false},"excerpt":{"rendered":"<p>Lexar Lot de 2 cl\u00e9s USB 3.2 Gen 1 A30E de 128 Go, jusqu&rsquo;\u00e0 100 Mo\/s, extension de stockage et sauvegarde pour syst\u00e8mes PC et Mac &#8211; produit de qualit\u00e9 con\u00e7u pour un usage quotidien, offrant performance et fiabilit\u00e9.<\/p>","protected":false},"featured_media":77635,"comment_status":"open","ping_status":"closed","template":"","meta":[],"product_brand":[],"product_cat":[305],"product_tag":[335],"class_list":{"0":"post-79253","1":"product","2":"type-product","3":"status-publish","4":"has-post-thumbnail","6":"product_cat-informatique","7":"product_tag-cle-usb","9":"first","10":"instock","11":"shipping-taxable","12":"product-type-external"},"_links":{"self":[{"href":"https:\/\/joutia.shop\/en\/wp-json\/wp\/v2\/product\/79253","targetHints":{"allow":["GET"]}}],"collection":[{"href":"https:\/\/joutia.shop\/en\/wp-json\/wp\/v2\/product"}],"about":[{"href":"https:\/\/joutia.shop\/en\/wp-json\/wp\/v2\/types\/product"}],"replies":[{"embeddable":true,"href":"https:\/\/joutia.shop\/en\/wp-json\/wp\/v2\/comments?post=79253"}],"wp:featuredmedia":[{"embeddable":true,"href":"https:\/\/joutia.shop\/en\/wp-json\/wp\/v2\/media\/77635"}],"wp:attachment":[{"href":"https:\/\/joutia.shop\/en\/wp-json\/wp\/v2\/media?parent=79253"}],"wp:term":[{"taxonomy":"product_brand","embeddable":true,"href":"https:\/\/joutia.shop\/en\/wp-json\/wp\/v2\/product_brand?post=79253"},{"taxonomy":"product_cat","embeddable":true,"href":"https:\/\/joutia.shop\/en\/wp-json\/wp\/v2\/product_cat?post=79253"},{"taxonomy":"product_tag","embeddable":true,"href":"https:\/\/joutia.shop\/en\/wp-json\/wp\/v2\/product_tag?post=79253"}],"curies":[{"name":"wp","href":"https:\/\/api.w.org\/{rel}","templated":true}]}}