{"id":79249,"date":"2026-03-14T23:31:58","date_gmt":"2026-03-14T23:31:58","guid":{"rendered":"https:\/\/joutia.shop\/product\/a-data-classic-serie-c906-cle-usb-2-0-32-go-noir-2\/"},"modified":"2026-03-14T23:31:58","modified_gmt":"2026-03-14T23:31:58","slug":"a-data-classic-serie-c906-cle-usb-2-0-32-go-noir-2","status":"publish","type":"product","link":"https:\/\/joutia.shop\/en\/product\/a-data-classic-serie-c906-cle-usb-2-0-32-go-noir-2\/","title":{"rendered":"A-Data Classic-Serie C906 Cl\u00e9 USB 2.0, 32 Go Noir"},"content":{"rendered":"<h2>Cl\u00e9 USB C 256 Go jusqu&rsquo;\u00e0 450 Mo\/s Double Type-C et USB-A USB 3.2 Disque SSD USB-C compatible avec iPhone 15\/16 S\u00e9rie Smartphone Tablette Ordinateur Portable Voiture Smart TV Console de Jeu<\/h2>\n<p>Le produit <strong>Cl\u00e9 USB C 256 Go jusqu&rsquo;\u00e0 450 Mo\/s Double Type-C et USB-A USB 3.2 Disque SSD USB-C compatible avec iPhone 15\/16 S\u00e9rie Smartphone Tablette Ordinateur Portable Voiture Smart TV Console de Jeu<\/strong> est con\u00e7u pour offrir performance, fiabilit\u00e9 et confort d&rsquo;utilisation.<\/p>\n<p>Ce produit est id\u00e9al pour une utilisation quotidienne et r\u00e9pond parfaitement aux besoins des utilisateurs recherchant qualit\u00e9 et efficacit\u00e9.<\/p>\n<h3>Caract\u00e9ristiques principales<\/h3>\n<ul>\n<li>Conception robuste et durable<\/li>\n<li>Utilisation simple et intuitive<\/li>\n<li>Performance fiable<\/li>\n<li>Excellent rapport qualit\u00e9-prix<\/li>\n<\/ul>","protected":false},"excerpt":{"rendered":"<p>Cl\u00e9 USB C 256 Go jusqu&rsquo;\u00e0 450 Mo\/s Double Type-C et USB-A USB 3.2 Disque SSD USB-C compatible avec iPhone 15\/16 S\u00e9rie Smartphone Tablette Ordinateur Portable Voiture Smart TV Console de Jeu &#8211; produit de qualit\u00e9 con\u00e7u pour un usage quotidien, offrant performance et fiabilit\u00e9.<\/p>","protected":false},"featured_media":78196,"comment_status":"open","ping_status":"closed","template":"","meta":[],"product_brand":[],"product_cat":[305],"product_tag":[335],"class_list":{"0":"post-79249","1":"product","2":"type-product","3":"status-publish","4":"has-post-thumbnail","6":"product_cat-informatique","7":"product_tag-cle-usb","9":"first","10":"instock","11":"shipping-taxable","12":"product-type-external"},"_links":{"self":[{"href":"https:\/\/joutia.shop\/en\/wp-json\/wp\/v2\/product\/79249","targetHints":{"allow":["GET"]}}],"collection":[{"href":"https:\/\/joutia.shop\/en\/wp-json\/wp\/v2\/product"}],"about":[{"href":"https:\/\/joutia.shop\/en\/wp-json\/wp\/v2\/types\/product"}],"replies":[{"embeddable":true,"href":"https:\/\/joutia.shop\/en\/wp-json\/wp\/v2\/comments?post=79249"}],"wp:featuredmedia":[{"embeddable":true,"href":"https:\/\/joutia.shop\/en\/wp-json\/wp\/v2\/media\/78196"}],"wp:attachment":[{"href":"https:\/\/joutia.shop\/en\/wp-json\/wp\/v2\/media?parent=79249"}],"wp:term":[{"taxonomy":"product_brand","embeddable":true,"href":"https:\/\/joutia.shop\/en\/wp-json\/wp\/v2\/product_brand?post=79249"},{"taxonomy":"product_cat","embeddable":true,"href":"https:\/\/joutia.shop\/en\/wp-json\/wp\/v2\/product_cat?post=79249"},{"taxonomy":"product_tag","embeddable":true,"href":"https:\/\/joutia.shop\/en\/wp-json\/wp\/v2\/product_tag?post=79249"}],"curies":[{"name":"wp","href":"https:\/\/api.w.org\/{rel}","templated":true}]}}