{"id":79234,"date":"2026-03-14T23:31:56","date_gmt":"2026-03-14T23:31:56","guid":{"rendered":"https:\/\/joutia.shop\/product\/sandisk-dj-cle-usb-512-go-pioneer-dj-et-alphatheta-compatible-dual-drive-haute-capacite-usb-a-usb-c-jusqua-1000-mo-s-en-lecture-et-900-mo-s-en-ecriture3-mois-de-la-formule-rekordbox-crea-2\/"},"modified":"2026-03-14T23:31:56","modified_gmt":"2026-03-14T23:31:56","slug":"sandisk-dj-cle-usb-512-go-pioneer-dj-et-alphatheta-compatible-dual-drive-haute-capacite-usb-a-usb-c-jusqua-1000-mo-s-en-lecture-et-900-mo-s-en-ecriture3-mois-de-la-formule-rekordbox-crea-2","status":"publish","type":"product","link":"https:\/\/joutia.shop\/en\/product\/sandisk-dj-cle-usb-512-go-pioneer-dj-et-alphatheta-compatible-dual-drive-haute-capacite-usb-a-usb-c-jusqua-1000-mo-s-en-lecture-et-900-mo-s-en-ecriture3-mois-de-la-formule-rekordbox-crea-2\/","title":{"rendered":"SanDisk DJ Cl\u00e9 USB 512 Go (Pioneer DJ et AlphaTheta Compatible, Dual Drive Haute capacit\u00e9, USB-A\/USB-C, Jusqu\u2019\u00e0 1000 Mo\/s en Lecture et 900 Mo\/s en \u00e9criture,3 Mois de la Formule rekordbox Creative)"},"content":{"rendered":"<h2>SanDisk DJ Cl\u00e9 USB 512 Go (Pioneer DJ et AlphaTheta Compatible, Dual Drive Haute capacit\u00e9, USB-A\/USB-C, Jusqu\u2019\u00e0 1000 Mo\/s en Lecture et 900 Mo\/s en \u00e9criture,3 Mois de la Formule rekordbox Creative)<\/h2>\n<p>Le produit <strong>SanDisk DJ Cl\u00e9 USB 512 Go (Pioneer DJ et AlphaTheta Compatible, Dual Drive Haute capacit\u00e9, USB-A\/USB-C, Jusqu\u2019\u00e0 1000 Mo\/s en Lecture et 900 Mo\/s en \u00e9criture,3 Mois de la Formule rekordbox Creative)<\/strong> est con\u00e7u pour offrir performance, fiabilit\u00e9 et confort d&rsquo;utilisation.<\/p>\n<p>Ce produit est id\u00e9al pour une utilisation quotidienne et r\u00e9pond parfaitement aux besoins des utilisateurs recherchant qualit\u00e9 et efficacit\u00e9.<\/p>\n<h3>Caract\u00e9ristiques principales<\/h3>\n<ul>\n<li>Conception robuste et durable<\/li>\n<li>Utilisation simple et intuitive<\/li>\n<li>Performance fiable<\/li>\n<li>Excellent rapport qualit\u00e9-prix<\/li>\n<\/ul>","protected":false},"excerpt":{"rendered":"<p>SanDisk DJ Cl\u00e9 USB 512 Go (Pioneer DJ et AlphaTheta Compatible, Dual Drive Haute capacit\u00e9, USB-A\/USB-C, Jusqu\u2019\u00e0 1000 Mo\/s en Lecture et 900 Mo\/s en \u00e9criture,3 Mois de la Formule rekordbox Creative) &#8211; produit de qualit\u00e9 con\u00e7u pour un usage quotidien, offrant performance et fiabilit\u00e9.<\/p>","protected":false},"featured_media":77523,"comment_status":"open","ping_status":"closed","template":"","meta":[],"product_brand":[],"product_cat":[305],"product_tag":[335],"class_list":{"0":"post-79234","1":"product","2":"type-product","3":"status-publish","4":"has-post-thumbnail","6":"product_cat-informatique","7":"product_tag-cle-usb","9":"first","10":"instock","11":"shipping-taxable","12":"product-type-external"},"_links":{"self":[{"href":"https:\/\/joutia.shop\/en\/wp-json\/wp\/v2\/product\/79234","targetHints":{"allow":["GET"]}}],"collection":[{"href":"https:\/\/joutia.shop\/en\/wp-json\/wp\/v2\/product"}],"about":[{"href":"https:\/\/joutia.shop\/en\/wp-json\/wp\/v2\/types\/product"}],"replies":[{"embeddable":true,"href":"https:\/\/joutia.shop\/en\/wp-json\/wp\/v2\/comments?post=79234"}],"wp:featuredmedia":[{"embeddable":true,"href":"https:\/\/joutia.shop\/en\/wp-json\/wp\/v2\/media\/77523"}],"wp:attachment":[{"href":"https:\/\/joutia.shop\/en\/wp-json\/wp\/v2\/media?parent=79234"}],"wp:term":[{"taxonomy":"product_brand","embeddable":true,"href":"https:\/\/joutia.shop\/en\/wp-json\/wp\/v2\/product_brand?post=79234"},{"taxonomy":"product_cat","embeddable":true,"href":"https:\/\/joutia.shop\/en\/wp-json\/wp\/v2\/product_cat?post=79234"},{"taxonomy":"product_tag","embeddable":true,"href":"https:\/\/joutia.shop\/en\/wp-json\/wp\/v2\/product_tag?post=79234"}],"curies":[{"name":"wp","href":"https:\/\/api.w.org\/{rel}","templated":true}]}}