{"id":79227,"date":"2026-03-14T23:31:54","date_gmt":"2026-03-14T23:31:54","guid":{"rendered":"https:\/\/joutia.shop\/product\/intenso-disque-dur-externe-ssd-tx100-1-to-portable-solid-state-drive-super-speed-usb-3-2-gen-1x1-5-gbit-s-jusqua-500-mo-s-2\/"},"modified":"2026-03-14T23:31:54","modified_gmt":"2026-03-14T23:31:54","slug":"intenso-disque-dur-externe-ssd-tx100-1-to-portable-solid-state-drive-super-speed-usb-3-2-gen-1x1-5-gbit-s-jusqua-500-mo-s-2","status":"publish","type":"product","link":"https:\/\/joutia.shop\/en\/product\/intenso-disque-dur-externe-ssd-tx100-1-to-portable-solid-state-drive-super-speed-usb-3-2-gen-1x1-5-gbit-s-jusqua-500-mo-s-2\/","title":{"rendered":"Intenso Disque dur externe SSD TX100, 1 To Portable Solid State Drive, Super Speed USB 3.2 Gen 1&#215;1 (5 Gbit\/s), jusqu&rsquo;\u00e0 500 Mo\/s"},"content":{"rendered":"<h2>Western Digital 2TB My Passport Ultra USB 3.0 Disque Dur Externe 2000 Go 2,5&Prime; 3.0 (3.1 Gen 1) Noir<\/h2>\n<p>Le produit <strong>Western Digital 2TB My Passport Ultra USB 3.0 Disque Dur Externe 2000 Go 2,5&Prime; 3.0 (3.1 Gen 1) Noir<\/strong> est con\u00e7u pour offrir performance, fiabilit\u00e9 et confort d&rsquo;utilisation.<\/p>\n<p>Ce produit est id\u00e9al pour une utilisation quotidienne et r\u00e9pond parfaitement aux besoins des utilisateurs recherchant qualit\u00e9 et efficacit\u00e9.<\/p>\n<h3>Caract\u00e9ristiques principales<\/h3>\n<ul>\n<li>Conception robuste et durable<\/li>\n<li>Utilisation simple et intuitive<\/li>\n<li>Performance fiable<\/li>\n<li>Excellent rapport qualit\u00e9-prix<\/li>\n<\/ul>","protected":false},"excerpt":{"rendered":"<p>Western Digital 2TB My Passport Ultra USB 3.0 Disque Dur Externe 2000 Go 2,5&Prime; 3.0 (3.1 Gen 1) Noir &#8211; produit de qualit\u00e9 con\u00e7u pour un usage quotidien, offrant performance et fiabilit\u00e9.<\/p>","protected":false},"featured_media":78219,"comment_status":"open","ping_status":"closed","template":"","meta":[],"product_brand":[],"product_cat":[305],"product_tag":[334],"class_list":{"0":"post-79227","1":"product","2":"type-product","3":"status-publish","4":"has-post-thumbnail","6":"product_cat-informatique","7":"product_tag-disque-dur-externe","9":"first","10":"instock","11":"shipping-taxable","12":"product-type-external"},"_links":{"self":[{"href":"https:\/\/joutia.shop\/en\/wp-json\/wp\/v2\/product\/79227","targetHints":{"allow":["GET"]}}],"collection":[{"href":"https:\/\/joutia.shop\/en\/wp-json\/wp\/v2\/product"}],"about":[{"href":"https:\/\/joutia.shop\/en\/wp-json\/wp\/v2\/types\/product"}],"replies":[{"embeddable":true,"href":"https:\/\/joutia.shop\/en\/wp-json\/wp\/v2\/comments?post=79227"}],"wp:featuredmedia":[{"embeddable":true,"href":"https:\/\/joutia.shop\/en\/wp-json\/wp\/v2\/media\/78219"}],"wp:attachment":[{"href":"https:\/\/joutia.shop\/en\/wp-json\/wp\/v2\/media?parent=79227"}],"wp:term":[{"taxonomy":"product_brand","embeddable":true,"href":"https:\/\/joutia.shop\/en\/wp-json\/wp\/v2\/product_brand?post=79227"},{"taxonomy":"product_cat","embeddable":true,"href":"https:\/\/joutia.shop\/en\/wp-json\/wp\/v2\/product_cat?post=79227"},{"taxonomy":"product_tag","embeddable":true,"href":"https:\/\/joutia.shop\/en\/wp-json\/wp\/v2\/product_tag?post=79227"}],"curies":[{"name":"wp","href":"https:\/\/api.w.org\/{rel}","templated":true}]}}