{"id":79222,"date":"2026-03-14T23:31:53","date_gmt":"2026-03-14T23:31:53","guid":{"rendered":"https:\/\/joutia.shop\/product\/etui-de-transport-compatible-avec-crucial-x10-x9-pro-4-to-2-to-1-to-ssd-portable-sac-de-rangement-pour-disque-dur-externe-pour-cable-usb-c-boite-uniquement-gris-fonce-2\/"},"modified":"2026-03-14T23:31:53","modified_gmt":"2026-03-14T23:31:53","slug":"etui-de-transport-compatible-avec-crucial-x10-x9-pro-4-to-2-to-1-to-ssd-portable-sac-de-rangement-pour-disque-dur-externe-pour-cable-usb-c-boite-uniquement-gris-fonce-2","status":"publish","type":"product","link":"https:\/\/joutia.shop\/en\/product\/etui-de-transport-compatible-avec-crucial-x10-x9-pro-4-to-2-to-1-to-ssd-portable-sac-de-rangement-pour-disque-dur-externe-pour-cable-usb-c-boite-uniquement-gris-fonce-2\/","title":{"rendered":"\u00c9tui de transport compatible avec Crucial X10\/X9 Pro 4 To\/2 To\/1 To SSD portable, sac de rangement pour disque dur externe pour c\u00e2ble USB-C (bo\u00eete uniquement) (gris fonc\u00e9)"},"content":{"rendered":"<h2>Western Digital 1TB My Passport Ultra USB 3.0 disque dur externe 1000 Go Noir &#8211; Disques durs externes (1000 Go, 2.5&Prime;, 3.0 (3.1 Gen 1), Noir)<\/h2>\n<p>Le produit <strong>Western Digital 1TB My Passport Ultra USB 3.0 disque dur externe 1000 Go Noir &#8211; Disques durs externes (1000 Go, 2.5&Prime;, 3.0 (3.1 Gen 1), Noir)<\/strong> est con\u00e7u pour offrir performance, fiabilit\u00e9 et confort d&rsquo;utilisation.<\/p>\n<p>Ce produit est id\u00e9al pour une utilisation quotidienne et r\u00e9pond parfaitement aux besoins des utilisateurs recherchant qualit\u00e9 et efficacit\u00e9.<\/p>\n<h3>Caract\u00e9ristiques principales<\/h3>\n<ul>\n<li>Conception robuste et durable<\/li>\n<li>Utilisation simple et intuitive<\/li>\n<li>Performance fiable<\/li>\n<li>Excellent rapport qualit\u00e9-prix<\/li>\n<\/ul>","protected":false},"excerpt":{"rendered":"<p>Western Digital 1TB My Passport Ultra USB 3.0 disque dur externe 1000 Go Noir &#8211; Disques durs externes (1000 Go, 2.5&Prime;, 3.0 (3.1 Gen 1), Noir) &#8211; produit de qualit\u00e9 con\u00e7u pour un usage quotidien, offrant performance et fiabilit\u00e9.<\/p>","protected":false},"featured_media":77480,"comment_status":"open","ping_status":"closed","template":"","meta":[],"product_brand":[],"product_cat":[305],"product_tag":[334],"class_list":{"0":"post-79222","1":"product","2":"type-product","3":"status-publish","4":"has-post-thumbnail","6":"product_cat-informatique","7":"product_tag-disque-dur-externe","9":"first","10":"instock","11":"shipping-taxable","12":"product-type-external"},"_links":{"self":[{"href":"https:\/\/joutia.shop\/en\/wp-json\/wp\/v2\/product\/79222","targetHints":{"allow":["GET"]}}],"collection":[{"href":"https:\/\/joutia.shop\/en\/wp-json\/wp\/v2\/product"}],"about":[{"href":"https:\/\/joutia.shop\/en\/wp-json\/wp\/v2\/types\/product"}],"replies":[{"embeddable":true,"href":"https:\/\/joutia.shop\/en\/wp-json\/wp\/v2\/comments?post=79222"}],"wp:featuredmedia":[{"embeddable":true,"href":"https:\/\/joutia.shop\/en\/wp-json\/wp\/v2\/media\/77480"}],"wp:attachment":[{"href":"https:\/\/joutia.shop\/en\/wp-json\/wp\/v2\/media?parent=79222"}],"wp:term":[{"taxonomy":"product_brand","embeddable":true,"href":"https:\/\/joutia.shop\/en\/wp-json\/wp\/v2\/product_brand?post=79222"},{"taxonomy":"product_cat","embeddable":true,"href":"https:\/\/joutia.shop\/en\/wp-json\/wp\/v2\/product_cat?post=79222"},{"taxonomy":"product_tag","embeddable":true,"href":"https:\/\/joutia.shop\/en\/wp-json\/wp\/v2\/product_tag?post=79222"}],"curies":[{"name":"wp","href":"https:\/\/api.w.org\/{rel}","templated":true}]}}