{"id":79215,"date":"2026-03-14T23:31:52","date_gmt":"2026-03-14T23:31:52","guid":{"rendered":"https:\/\/joutia.shop\/product\/slipdrive-housse-de-disque-dur-portable-pour-ordinateur-portable-disque-ssd-ssd-adhesif-reutilisable-housse-de-transport-pour-disque-dur-externe-a-coller-pochette-de-poche-petit-noir-2\/"},"modified":"2026-03-14T23:31:52","modified_gmt":"2026-03-14T23:31:52","slug":"slipdrive-housse-de-disque-dur-portable-pour-ordinateur-portable-disque-ssd-ssd-adhesif-reutilisable-housse-de-transport-pour-disque-dur-externe-a-coller-pochette-de-poche-petit-noir-2","status":"publish","type":"product","link":"https:\/\/joutia.shop\/en\/product\/slipdrive-housse-de-disque-dur-portable-pour-ordinateur-portable-disque-ssd-ssd-adhesif-reutilisable-housse-de-transport-pour-disque-dur-externe-a-coller-pochette-de-poche-petit-noir-2\/","title":{"rendered":"Slipdrive &#8211; Housse de Disque Dur Portable pour Ordinateur Portable &#8211; Disque SSD SSD &#8211; Adh\u00e9sif r\u00e9utilisable &#8211; Housse de Transport pour Disque Dur Externe \u00e0 Coller &#8211; Pochette de Poche (Petit, Noir)"},"content":{"rendered":"<h2>Toshiba Canvio Flex 1 to &#8211; Disque Dur Externe (HDD) Portable de 2,5 Pouces pour Mac, Windows PC, Smartphone et Tablette, Compatible avec la Plupart des appareils USB-C et USB-A, (HDTX210ESCAA)<\/h2>\n<p>Le produit <strong>Toshiba Canvio Flex 1 to &#8211; Disque Dur Externe (HDD) Portable de 2,5 Pouces pour Mac, Windows PC, Smartphone et Tablette, Compatible avec la Plupart des appareils USB-C et USB-A, (HDTX210ESCAA)<\/strong> est con\u00e7u pour offrir performance, fiabilit\u00e9 et confort d&rsquo;utilisation.<\/p>\n<p>Ce produit est id\u00e9al pour une utilisation quotidienne et r\u00e9pond parfaitement aux besoins des utilisateurs recherchant qualit\u00e9 et efficacit\u00e9.<\/p>\n<h3>Caract\u00e9ristiques principales<\/h3>\n<ul>\n<li>Conception robuste et durable<\/li>\n<li>Utilisation simple et intuitive<\/li>\n<li>Performance fiable<\/li>\n<li>Excellent rapport qualit\u00e9-prix<\/li>\n<\/ul>","protected":false},"excerpt":{"rendered":"<p>Toshiba Canvio Flex 1 to &#8211; Disque Dur Externe (HDD) Portable de 2,5 Pouces pour Mac, Windows PC, Smartphone et Tablette, Compatible avec la Plupart des appareils USB-C et USB-A, (HDTX210ESCAA) &#8211; produit de qualit\u00e9 con\u00e7u pour un usage quotidien, offrant performance et fiabilit\u00e9.<\/p>","protected":false},"featured_media":77393,"comment_status":"open","ping_status":"closed","template":"","meta":[],"product_brand":[],"product_cat":[305],"product_tag":[334],"class_list":{"0":"post-79215","1":"product","2":"type-product","3":"status-publish","4":"has-post-thumbnail","6":"product_cat-informatique","7":"product_tag-disque-dur-externe","9":"first","10":"instock","11":"shipping-taxable","12":"product-type-external"},"_links":{"self":[{"href":"https:\/\/joutia.shop\/en\/wp-json\/wp\/v2\/product\/79215","targetHints":{"allow":["GET"]}}],"collection":[{"href":"https:\/\/joutia.shop\/en\/wp-json\/wp\/v2\/product"}],"about":[{"href":"https:\/\/joutia.shop\/en\/wp-json\/wp\/v2\/types\/product"}],"replies":[{"embeddable":true,"href":"https:\/\/joutia.shop\/en\/wp-json\/wp\/v2\/comments?post=79215"}],"wp:featuredmedia":[{"embeddable":true,"href":"https:\/\/joutia.shop\/en\/wp-json\/wp\/v2\/media\/77393"}],"wp:attachment":[{"href":"https:\/\/joutia.shop\/en\/wp-json\/wp\/v2\/media?parent=79215"}],"wp:term":[{"taxonomy":"product_brand","embeddable":true,"href":"https:\/\/joutia.shop\/en\/wp-json\/wp\/v2\/product_brand?post=79215"},{"taxonomy":"product_cat","embeddable":true,"href":"https:\/\/joutia.shop\/en\/wp-json\/wp\/v2\/product_cat?post=79215"},{"taxonomy":"product_tag","embeddable":true,"href":"https:\/\/joutia.shop\/en\/wp-json\/wp\/v2\/product_tag?post=79215"}],"curies":[{"name":"wp","href":"https:\/\/api.w.org\/{rel}","templated":true}]}}