{"id":79185,"date":"2026-03-14T23:31:48","date_gmt":"2026-03-14T23:31:48","guid":{"rendered":"https:\/\/joutia.shop\/product\/procase-etui-disque-dur-externe-25-housse-de-protection-pour-wd-toshiba-canvio-seagate-samsung-ssd-hdd-pochette-portable-antichoc-25-pouces-avec-emplacements-pour-cartes-et-accessoires-rose-2\/"},"modified":"2026-03-14T23:31:48","modified_gmt":"2026-03-14T23:31:48","slug":"procase-etui-disque-dur-externe-25-housse-de-protection-pour-wd-toshiba-canvio-seagate-samsung-ssd-hdd-pochette-portable-antichoc-25-pouces-avec-emplacements-pour-cartes-et-accessoires-rose-2","status":"publish","type":"product","link":"https:\/\/joutia.shop\/en\/product\/procase-etui-disque-dur-externe-25-housse-de-protection-pour-wd-toshiba-canvio-seagate-samsung-ssd-hdd-pochette-portable-antichoc-25-pouces-avec-emplacements-pour-cartes-et-accessoires-rose-2\/","title":{"rendered":"ProCase \u00c9tui Disque Dur Externe 2,5&Prime;, Housse de Protection pour WD, Toshiba, Canvio, Seagate, Samsung SSD HDD, Pochette Portable Antichoc 2,5 Pouces avec Emplacements pour Cartes et Accessoires-Rose"},"content":{"rendered":"<h2>ADATA HV620S Disque Dur Externe 1000 Go, Noir, avec Seulement 11,5mm de Profil, Important Espace de Stockage, D\u00e9tecteurs de Chocs<\/h2>\n<p>Le produit <strong>ADATA HV620S Disque Dur Externe 1000 Go, Noir, avec Seulement 11,5mm de Profil, Important Espace de Stockage, D\u00e9tecteurs de Chocs<\/strong> est con\u00e7u pour offrir performance, fiabilit\u00e9 et confort d&rsquo;utilisation.<\/p>\n<p>Ce produit est id\u00e9al pour une utilisation quotidienne et r\u00e9pond parfaitement aux besoins des utilisateurs recherchant qualit\u00e9 et efficacit\u00e9.<\/p>\n<h3>Caract\u00e9ristiques principales<\/h3>\n<ul>\n<li>Conception robuste et durable<\/li>\n<li>Utilisation simple et intuitive<\/li>\n<li>Performance fiable<\/li>\n<li>Excellent rapport qualit\u00e9-prix<\/li>\n<\/ul>","protected":false},"excerpt":{"rendered":"<p>ADATA HV620S Disque Dur Externe 1000 Go, Noir, avec Seulement 11,5mm de Profil, Important Espace de Stockage, D\u00e9tecteurs de Chocs &#8211; produit de qualit\u00e9 con\u00e7u pour un usage quotidien, offrant performance et fiabilit\u00e9.<\/p>","protected":false},"featured_media":77504,"comment_status":"open","ping_status":"closed","template":"","meta":[],"product_brand":[],"product_cat":[305],"product_tag":[334],"class_list":{"0":"post-79185","1":"product","2":"type-product","3":"status-publish","4":"has-post-thumbnail","6":"product_cat-informatique","7":"product_tag-disque-dur-externe","9":"first","10":"instock","11":"shipping-taxable","12":"product-type-external"},"_links":{"self":[{"href":"https:\/\/joutia.shop\/en\/wp-json\/wp\/v2\/product\/79185","targetHints":{"allow":["GET"]}}],"collection":[{"href":"https:\/\/joutia.shop\/en\/wp-json\/wp\/v2\/product"}],"about":[{"href":"https:\/\/joutia.shop\/en\/wp-json\/wp\/v2\/types\/product"}],"replies":[{"embeddable":true,"href":"https:\/\/joutia.shop\/en\/wp-json\/wp\/v2\/comments?post=79185"}],"wp:featuredmedia":[{"embeddable":true,"href":"https:\/\/joutia.shop\/en\/wp-json\/wp\/v2\/media\/77504"}],"wp:attachment":[{"href":"https:\/\/joutia.shop\/en\/wp-json\/wp\/v2\/media?parent=79185"}],"wp:term":[{"taxonomy":"product_brand","embeddable":true,"href":"https:\/\/joutia.shop\/en\/wp-json\/wp\/v2\/product_brand?post=79185"},{"taxonomy":"product_cat","embeddable":true,"href":"https:\/\/joutia.shop\/en\/wp-json\/wp\/v2\/product_cat?post=79185"},{"taxonomy":"product_tag","embeddable":true,"href":"https:\/\/joutia.shop\/en\/wp-json\/wp\/v2\/product_tag?post=79185"}],"curies":[{"name":"wp","href":"https:\/\/api.w.org\/{rel}","templated":true}]}}