{"id":79178,"date":"2026-03-14T23:31:48","date_gmt":"2026-03-14T23:31:48","guid":{"rendered":"https:\/\/joutia.shop\/product\/lg-24u421a-b-ecran-pc-bureautique-24-dalle-va-resolution-fhd-1920x1080-5ms-100hz-hdr-10-srgb-99-cie1931-inclinable-incurve-1500r-hdmi-2-0-usb-c-15w-2\/"},"modified":"2026-03-14T23:31:48","modified_gmt":"2026-03-14T23:31:48","slug":"lg-24u421a-b-ecran-pc-bureautique-24-dalle-va-resolution-fhd-1920x1080-5ms-100hz-hdr-10-srgb-99-cie1931-inclinable-incurve-1500r-hdmi-2-0-usb-c-15w-2","status":"publish","type":"product","link":"https:\/\/joutia.shop\/en\/product\/lg-24u421a-b-ecran-pc-bureautique-24-dalle-va-resolution-fhd-1920x1080-5ms-100hz-hdr-10-srgb-99-cie1931-inclinable-incurve-1500r-hdmi-2-0-usb-c-15w-2\/","title":{"rendered":"LG 24U421A-B Ecran PC bureautique 24&Prime; &#8211; Dalle VA r\u00e9solution FHD (1920&#215;1080), 5ms 100Hz, HDR 10, sRGB 99% (CIE1931), inclinable, incurv\u00e9 1500R, HDMI 2.0, USB-C (15W)"},"content":{"rendered":"<h2>ASUS VA24DQ \u00c9cran 24&Prime; Full HD 1080p 75 Hz, IPS, Adaptive-Sync\/FreeSync, Eye Care, HDMI DisplayPort VGA, sans cadre, VESA Montage mural<\/h2>\n<p>Le produit <strong>ASUS VA24DQ \u00c9cran 24&Prime; Full HD 1080p 75 Hz, IPS, Adaptive-Sync\/FreeSync, Eye Care, HDMI DisplayPort VGA, sans cadre, VESA Montage mural<\/strong> est con\u00e7u pour offrir performance, fiabilit\u00e9 et confort d&rsquo;utilisation.<\/p>\n<p>Ce produit est id\u00e9al pour une utilisation quotidienne et r\u00e9pond parfaitement aux besoins des utilisateurs recherchant qualit\u00e9 et efficacit\u00e9.<\/p>\n<h3>Caract\u00e9ristiques principales<\/h3>\n<ul>\n<li>Conception robuste et durable<\/li>\n<li>Utilisation simple et intuitive<\/li>\n<li>Performance fiable<\/li>\n<li>Excellent rapport qualit\u00e9-prix<\/li>\n<\/ul>","protected":false},"excerpt":{"rendered":"<p>ASUS VA24DQ \u00c9cran 24&Prime; Full HD 1080p 75 Hz, IPS, Adaptive-Sync\/FreeSync, Eye Care, HDMI DisplayPort VGA, sans cadre, VESA Montage mural &#8211; produit de qualit\u00e9 con\u00e7u pour un usage quotidien, offrant performance et fiabilit\u00e9.<\/p>","protected":false},"featured_media":77919,"comment_status":"open","ping_status":"closed","template":"","meta":[],"product_brand":[],"product_cat":[305],"product_tag":[333],"class_list":{"0":"post-79178","1":"product","2":"type-product","3":"status-publish","4":"has-post-thumbnail","6":"product_cat-informatique","7":"product_tag-ecran-pc","9":"first","10":"instock","11":"shipping-taxable","12":"product-type-external"},"_links":{"self":[{"href":"https:\/\/joutia.shop\/en\/wp-json\/wp\/v2\/product\/79178","targetHints":{"allow":["GET"]}}],"collection":[{"href":"https:\/\/joutia.shop\/en\/wp-json\/wp\/v2\/product"}],"about":[{"href":"https:\/\/joutia.shop\/en\/wp-json\/wp\/v2\/types\/product"}],"replies":[{"embeddable":true,"href":"https:\/\/joutia.shop\/en\/wp-json\/wp\/v2\/comments?post=79178"}],"wp:featuredmedia":[{"embeddable":true,"href":"https:\/\/joutia.shop\/en\/wp-json\/wp\/v2\/media\/77919"}],"wp:attachment":[{"href":"https:\/\/joutia.shop\/en\/wp-json\/wp\/v2\/media?parent=79178"}],"wp:term":[{"taxonomy":"product_brand","embeddable":true,"href":"https:\/\/joutia.shop\/en\/wp-json\/wp\/v2\/product_brand?post=79178"},{"taxonomy":"product_cat","embeddable":true,"href":"https:\/\/joutia.shop\/en\/wp-json\/wp\/v2\/product_cat?post=79178"},{"taxonomy":"product_tag","embeddable":true,"href":"https:\/\/joutia.shop\/en\/wp-json\/wp\/v2\/product_tag?post=79178"}],"curies":[{"name":"wp","href":"https:\/\/api.w.org\/{rel}","templated":true}]}}