{"id":79167,"date":"2026-03-14T23:31:46","date_gmt":"2026-03-14T23:31:46","guid":{"rendered":"https:\/\/joutia.shop\/product\/dell-p2419h-ecran-de-pc-24-full-hd-lcd-a-retroeclairage-led-ips-60-hz-8-ms-noir-2\/"},"modified":"2026-03-14T23:31:46","modified_gmt":"2026-03-14T23:31:46","slug":"dell-p2419h-ecran-de-pc-24-full-hd-lcd-a-retroeclairage-led-ips-60-hz-8-ms-noir-2","status":"publish","type":"product","link":"https:\/\/joutia.shop\/en\/product\/dell-p2419h-ecran-de-pc-24-full-hd-lcd-a-retroeclairage-led-ips-60-hz-8-ms-noir-2\/","title":{"rendered":"Dell P2419H \u00c9cran de PC 24&Prime; Full HD LCD \u00e0 r\u00e9tro\u00e9clairage LED IPS 60 Hz 8 ms Noir"},"content":{"rendered":"<h2>Samsung Ecran PC Odyssey G3 27\u00a0\u00bb 165Hz, 1ms MPRT , Dalle VA, R\u00e9solution 1920 x 1080 , 3 000 : 1 , 250 cd\/m\u00b2, AMD FreeSync Premium, Eye Saver Mode &#038; Flicker Free, Pied Ajustable, DisplayPort<\/h2>\n<p>Le produit <strong>Samsung Ecran PC Odyssey G3 27\u00a0\u00bb 165Hz, 1ms MPRT , Dalle VA, R\u00e9solution 1920 x 1080 , 3 000 : 1 , 250 cd\/m\u00b2, AMD FreeSync Premium, Eye Saver Mode &#038; Flicker Free, Pied Ajustable, DisplayPort<\/strong> est con\u00e7u pour offrir performance, fiabilit\u00e9 et confort d&rsquo;utilisation.<\/p>\n<p>Ce produit est id\u00e9al pour une utilisation quotidienne et r\u00e9pond parfaitement aux besoins des utilisateurs recherchant qualit\u00e9 et efficacit\u00e9.<\/p>\n<h3>Caract\u00e9ristiques principales<\/h3>\n<ul>\n<li>Conception robuste et durable<\/li>\n<li>Utilisation simple et intuitive<\/li>\n<li>Performance fiable<\/li>\n<li>Excellent rapport qualit\u00e9-prix<\/li>\n<\/ul>","protected":false},"excerpt":{"rendered":"<p>Samsung Ecran PC Odyssey G3 27\u00a0\u00bb 165Hz, 1ms MPRT , Dalle VA, R\u00e9solution 1920 x 1080 , 3 000 : 1 , 250 cd\/m\u00b2, AMD FreeSync Premium, Eye Saver Mode &#038; Flicker Free, Pied Ajustable, DisplayPort &#8211; produit de qualit\u00e9 con\u00e7u pour un usage quotidien, offrant performance et fiabilit\u00e9.<\/p>","protected":false},"featured_media":77377,"comment_status":"open","ping_status":"closed","template":"","meta":[],"product_brand":[],"product_cat":[305],"product_tag":[333],"class_list":{"0":"post-79167","1":"product","2":"type-product","3":"status-publish","4":"has-post-thumbnail","6":"product_cat-informatique","7":"product_tag-ecran-pc","9":"first","10":"instock","11":"shipping-taxable","12":"product-type-external"},"_links":{"self":[{"href":"https:\/\/joutia.shop\/en\/wp-json\/wp\/v2\/product\/79167","targetHints":{"allow":["GET"]}}],"collection":[{"href":"https:\/\/joutia.shop\/en\/wp-json\/wp\/v2\/product"}],"about":[{"href":"https:\/\/joutia.shop\/en\/wp-json\/wp\/v2\/types\/product"}],"replies":[{"embeddable":true,"href":"https:\/\/joutia.shop\/en\/wp-json\/wp\/v2\/comments?post=79167"}],"wp:featuredmedia":[{"embeddable":true,"href":"https:\/\/joutia.shop\/en\/wp-json\/wp\/v2\/media\/77377"}],"wp:attachment":[{"href":"https:\/\/joutia.shop\/en\/wp-json\/wp\/v2\/media?parent=79167"}],"wp:term":[{"taxonomy":"product_brand","embeddable":true,"href":"https:\/\/joutia.shop\/en\/wp-json\/wp\/v2\/product_brand?post=79167"},{"taxonomy":"product_cat","embeddable":true,"href":"https:\/\/joutia.shop\/en\/wp-json\/wp\/v2\/product_cat?post=79167"},{"taxonomy":"product_tag","embeddable":true,"href":"https:\/\/joutia.shop\/en\/wp-json\/wp\/v2\/product_tag?post=79167"}],"curies":[{"name":"wp","href":"https:\/\/api.w.org\/{rel}","templated":true}]}}