{"id":79161,"date":"2026-03-14T23:31:45","date_gmt":"2026-03-14T23:31:45","guid":{"rendered":"https:\/\/joutia.shop\/product\/msi-pro-mp252-ecran-bureautique-full-hd-245-dalle-ips-1920-x-1080-100-hz-ecran-respectueux-des-yeux-haut-parleurs-integres-reglable-en-inclinaison-hdmi-2-0b-displayport-1-4a-2\/"},"modified":"2026-03-14T23:31:45","modified_gmt":"2026-03-14T23:31:45","slug":"msi-pro-mp252-ecran-bureautique-full-hd-245-dalle-ips-1920-x-1080-100-hz-ecran-respectueux-des-yeux-haut-parleurs-integres-reglable-en-inclinaison-hdmi-2-0b-displayport-1-4a-2","status":"publish","type":"product","link":"https:\/\/joutia.shop\/en\/product\/msi-pro-mp252-ecran-bureautique-full-hd-245-dalle-ips-1920-x-1080-100-hz-ecran-respectueux-des-yeux-haut-parleurs-integres-reglable-en-inclinaison-hdmi-2-0b-displayport-1-4a-2\/","title":{"rendered":"MSI Pro MP252 \u00e9cran bureautique Full HD 24,5&Prime; &#8211; Dalle IPS 1920 x 1080, 100 Hz, \u00e9cran respectueux des Yeux, Haut-parleurs int\u00e9gr\u00e9s, r\u00e9glable en Inclinaison &#8211; HDMI 2.0b, DisplayPort 1.4a"},"content":{"rendered":"<h2>AOC 24G2SU\/BK \u00e9cran Plat de PC 60,5 cm (23.8&Prime;) 1920 x 1080 Pixels Full HD Noir, Rouge<\/h2>\n<p>Le produit <strong>AOC 24G2SU\/BK \u00e9cran Plat de PC 60,5 cm (23.8&Prime;) 1920 x 1080 Pixels Full HD Noir, Rouge<\/strong> est con\u00e7u pour offrir performance, fiabilit\u00e9 et confort d&rsquo;utilisation.<\/p>\n<p>Ce produit est id\u00e9al pour une utilisation quotidienne et r\u00e9pond parfaitement aux besoins des utilisateurs recherchant qualit\u00e9 et efficacit\u00e9.<\/p>\n<h3>Caract\u00e9ristiques principales<\/h3>\n<ul>\n<li>Conception robuste et durable<\/li>\n<li>Utilisation simple et intuitive<\/li>\n<li>Performance fiable<\/li>\n<li>Excellent rapport qualit\u00e9-prix<\/li>\n<\/ul>","protected":false},"excerpt":{"rendered":"<p>AOC 24G2SU\/BK \u00e9cran Plat de PC 60,5 cm (23.8&Prime;) 1920 x 1080 Pixels Full HD Noir, Rouge &#8211; produit de qualit\u00e9 con\u00e7u pour un usage quotidien, offrant performance et fiabilit\u00e9.<\/p>","protected":false},"featured_media":77763,"comment_status":"open","ping_status":"closed","template":"","meta":[],"product_brand":[],"product_cat":[305],"product_tag":[333],"class_list":{"0":"post-79161","1":"product","2":"type-product","3":"status-publish","4":"has-post-thumbnail","6":"product_cat-informatique","7":"product_tag-ecran-pc","9":"first","10":"instock","11":"shipping-taxable","12":"product-type-external"},"_links":{"self":[{"href":"https:\/\/joutia.shop\/en\/wp-json\/wp\/v2\/product\/79161","targetHints":{"allow":["GET"]}}],"collection":[{"href":"https:\/\/joutia.shop\/en\/wp-json\/wp\/v2\/product"}],"about":[{"href":"https:\/\/joutia.shop\/en\/wp-json\/wp\/v2\/types\/product"}],"replies":[{"embeddable":true,"href":"https:\/\/joutia.shop\/en\/wp-json\/wp\/v2\/comments?post=79161"}],"wp:featuredmedia":[{"embeddable":true,"href":"https:\/\/joutia.shop\/en\/wp-json\/wp\/v2\/media\/77763"}],"wp:attachment":[{"href":"https:\/\/joutia.shop\/en\/wp-json\/wp\/v2\/media?parent=79161"}],"wp:term":[{"taxonomy":"product_brand","embeddable":true,"href":"https:\/\/joutia.shop\/en\/wp-json\/wp\/v2\/product_brand?post=79161"},{"taxonomy":"product_cat","embeddable":true,"href":"https:\/\/joutia.shop\/en\/wp-json\/wp\/v2\/product_cat?post=79161"},{"taxonomy":"product_tag","embeddable":true,"href":"https:\/\/joutia.shop\/en\/wp-json\/wp\/v2\/product_tag?post=79161"}],"curies":[{"name":"wp","href":"https:\/\/api.w.org\/{rel}","templated":true}]}}