{"id":79144,"date":"2026-03-14T23:31:43","date_gmt":"2026-03-14T23:31:43","guid":{"rendered":"https:\/\/joutia.shop\/product\/huanuo-bras-ecran-pc-49-pouces-unique-support-ecran-pc-ultra-large-pouvant-supporter-12-kg-bras-ecran-pc-reglable-ameliore-avec-usb-pince-en-c-et-base-a-oeillet-vesa-75-x-75-ou-100-x-100-mm-gaming-2\/"},"modified":"2026-03-14T23:31:43","modified_gmt":"2026-03-14T23:31:43","slug":"huanuo-bras-ecran-pc-49-pouces-unique-support-ecran-pc-ultra-large-pouvant-supporter-12-kg-bras-ecran-pc-reglable-ameliore-avec-usb-pince-en-c-et-base-a-oeillet-vesa-75-x-75-ou-100-x-100-mm-gaming-2","status":"publish","type":"product","link":"https:\/\/joutia.shop\/en\/product\/huanuo-bras-ecran-pc-49-pouces-unique-support-ecran-pc-ultra-large-pouvant-supporter-12-kg-bras-ecran-pc-reglable-ameliore-avec-usb-pince-en-c-et-base-a-oeillet-vesa-75-x-75-ou-100-x-100-mm-gaming-2\/","title":{"rendered":"HUANUO Bras \u00c9cran pc 49 Pouces Unique, Support \u00c9cran pc Ultra-Large Pouvant Supporter 12 kg, Bras Ecran pc R\u00e9glable Am\u00e9lior\u00e9 avec USB, Pince en C et Base \u00e0 \u0153illet, VESA 75 x 75 ou 100 x 100 mm Gaming"},"content":{"rendered":"<h2>Moniteur Eye Care ASUS VA27DQSB : 27 pulgadas, FHD (Full HD 1920&#215;1080), IPS, sin marco, 75 Hz, Adaptive-Sync, DisplayPort, HDMI, Eye Care, Low Blue Light, Flicker Free, Montable et la pared<\/h2>\n<p>Le produit <strong>Moniteur Eye Care ASUS VA27DQSB : 27 pulgadas, FHD (Full HD 1920&#215;1080), IPS, sin marco, 75 Hz, Adaptive-Sync, DisplayPort, HDMI, Eye Care, Low Blue Light, Flicker Free, Montable et la pared<\/strong> est con\u00e7u pour offrir performance, fiabilit\u00e9 et confort d&rsquo;utilisation.<\/p>\n<p>Ce produit est id\u00e9al pour une utilisation quotidienne et r\u00e9pond parfaitement aux besoins des utilisateurs recherchant qualit\u00e9 et efficacit\u00e9.<\/p>\n<h3>Caract\u00e9ristiques principales<\/h3>\n<ul>\n<li>Conception robuste et durable<\/li>\n<li>Utilisation simple et intuitive<\/li>\n<li>Performance fiable<\/li>\n<li>Excellent rapport qualit\u00e9-prix<\/li>\n<\/ul>","protected":false},"excerpt":{"rendered":"<p>Moniteur Eye Care ASUS VA27DQSB : 27 pulgadas, FHD (Full HD 1920&#215;1080), IPS, sin marco, 75 Hz, Adaptive-Sync, DisplayPort, HDMI, Eye Care, Low Blue Light, Flicker Free, Montable et la pared &#8211; produit de qualit\u00e9 con\u00e7u pour un usage quotidien, offrant performance et fiabilit\u00e9.<\/p>","protected":false},"featured_media":77776,"comment_status":"open","ping_status":"closed","template":"","meta":[],"product_brand":[],"product_cat":[305],"product_tag":[333],"class_list":{"0":"post-79144","1":"product","2":"type-product","3":"status-publish","4":"has-post-thumbnail","6":"product_cat-informatique","7":"product_tag-ecran-pc","9":"first","10":"instock","11":"shipping-taxable","12":"product-type-external"},"_links":{"self":[{"href":"https:\/\/joutia.shop\/en\/wp-json\/wp\/v2\/product\/79144","targetHints":{"allow":["GET"]}}],"collection":[{"href":"https:\/\/joutia.shop\/en\/wp-json\/wp\/v2\/product"}],"about":[{"href":"https:\/\/joutia.shop\/en\/wp-json\/wp\/v2\/types\/product"}],"replies":[{"embeddable":true,"href":"https:\/\/joutia.shop\/en\/wp-json\/wp\/v2\/comments?post=79144"}],"wp:featuredmedia":[{"embeddable":true,"href":"https:\/\/joutia.shop\/en\/wp-json\/wp\/v2\/media\/77776"}],"wp:attachment":[{"href":"https:\/\/joutia.shop\/en\/wp-json\/wp\/v2\/media?parent=79144"}],"wp:term":[{"taxonomy":"product_brand","embeddable":true,"href":"https:\/\/joutia.shop\/en\/wp-json\/wp\/v2\/product_brand?post=79144"},{"taxonomy":"product_cat","embeddable":true,"href":"https:\/\/joutia.shop\/en\/wp-json\/wp\/v2\/product_cat?post=79144"},{"taxonomy":"product_tag","embeddable":true,"href":"https:\/\/joutia.shop\/en\/wp-json\/wp\/v2\/product_tag?post=79144"}],"curies":[{"name":"wp","href":"https:\/\/api.w.org\/{rel}","templated":true}]}}