{"id":79135,"date":"2026-03-14T23:31:40","date_gmt":"2026-03-14T23:31:40","guid":{"rendered":"https:\/\/joutia.shop\/product\/apple-ipad-pro-13-m4-ecran-ultra-retina-xdr-2-to-camera-avant-12-mpx-horizontale-appareil-photo-arriere-12-mpx-wi-fi-6e-5g-autonomie-dune-journee-verre-nano-texture-noir-sideral-2\/"},"modified":"2026-03-14T23:31:40","modified_gmt":"2026-03-14T23:31:40","slug":"apple-ipad-pro-13-m4-ecran-ultra-retina-xdr-2-to-camera-avant-12-mpx-horizontale-appareil-photo-arriere-12-mpx-wi-fi-6e-5g-autonomie-dune-journee-verre-nano-texture-noir-sideral-2","status":"publish","type":"product","link":"https:\/\/joutia.shop\/en\/product\/apple-ipad-pro-13-m4-ecran-ultra-retina-xdr-2-to-camera-avant-12-mpx-horizontale-appareil-photo-arriere-12-mpx-wi-fi-6e-5g-autonomie-dune-journee-verre-nano-texture-noir-sideral-2\/","title":{"rendered":"Apple iPad Pro 13 (M4) : \u00c9cran Ultra Retina XDR, 2 to, Cam\u00e9ra Avant 12 Mpx Horizontale\/Appareil Photo arri\u00e8re 12 Mpx, Wi-FI 6E + 5G, Autonomie d\u2019Une journ\u00e9e, Verre Nano-textur\u00e9 &#8211; Noir sid\u00e9ral"},"content":{"rendered":"<h2>cocopar \u00e9cran Portable \u2013 Version Am\u00e9lior\u00e9e 17,3 Pouces 1080P IPS, 100% sRGB, Moniteur de Jeu USB-C avec Type-C et Mini HDMI pour Xbox, PS5, Ordinateur Portable, PC, Mac, Surface, Compatible VESA<\/h2>\n<p>Le produit <strong>cocopar \u00e9cran Portable \u2013 Version Am\u00e9lior\u00e9e 17,3 Pouces 1080P IPS, 100% sRGB, Moniteur de Jeu USB-C avec Type-C et Mini HDMI pour Xbox, PS5, Ordinateur Portable, PC, Mac, Surface, Compatible VESA<\/strong> est con\u00e7u pour offrir performance, fiabilit\u00e9 et confort d&rsquo;utilisation.<\/p>\n<p>Ce produit est id\u00e9al pour une utilisation quotidienne et r\u00e9pond parfaitement aux besoins des utilisateurs recherchant qualit\u00e9 et efficacit\u00e9.<\/p>\n<h3>Caract\u00e9ristiques principales<\/h3>\n<ul>\n<li>Conception robuste et durable<\/li>\n<li>Utilisation simple et intuitive<\/li>\n<li>Performance fiable<\/li>\n<li>Excellent rapport qualit\u00e9-prix<\/li>\n<\/ul>","protected":false},"excerpt":{"rendered":"<p>cocopar \u00e9cran Portable \u2013 Version Am\u00e9lior\u00e9e 17,3 Pouces 1080P IPS, 100% sRGB, Moniteur de Jeu USB-C avec Type-C et Mini HDMI pour Xbox, PS5, Ordinateur Portable, PC, Mac, Surface, Compatible VESA &#8211; produit de qualit\u00e9 con\u00e7u pour un usage quotidien, offrant performance et fiabilit\u00e9.<\/p>","protected":false},"featured_media":77781,"comment_status":"open","ping_status":"closed","template":"","meta":[],"product_brand":[],"product_cat":[305],"product_tag":[333],"class_list":{"0":"post-79135","1":"product","2":"type-product","3":"status-publish","4":"has-post-thumbnail","6":"product_cat-informatique","7":"product_tag-ecran-pc","9":"first","10":"instock","11":"shipping-taxable","12":"product-type-external"},"_links":{"self":[{"href":"https:\/\/joutia.shop\/en\/wp-json\/wp\/v2\/product\/79135","targetHints":{"allow":["GET"]}}],"collection":[{"href":"https:\/\/joutia.shop\/en\/wp-json\/wp\/v2\/product"}],"about":[{"href":"https:\/\/joutia.shop\/en\/wp-json\/wp\/v2\/types\/product"}],"replies":[{"embeddable":true,"href":"https:\/\/joutia.shop\/en\/wp-json\/wp\/v2\/comments?post=79135"}],"wp:featuredmedia":[{"embeddable":true,"href":"https:\/\/joutia.shop\/en\/wp-json\/wp\/v2\/media\/77781"}],"wp:attachment":[{"href":"https:\/\/joutia.shop\/en\/wp-json\/wp\/v2\/media?parent=79135"}],"wp:term":[{"taxonomy":"product_brand","embeddable":true,"href":"https:\/\/joutia.shop\/en\/wp-json\/wp\/v2\/product_brand?post=79135"},{"taxonomy":"product_cat","embeddable":true,"href":"https:\/\/joutia.shop\/en\/wp-json\/wp\/v2\/product_cat?post=79135"},{"taxonomy":"product_tag","embeddable":true,"href":"https:\/\/joutia.shop\/en\/wp-json\/wp\/v2\/product_tag?post=79135"}],"curies":[{"name":"wp","href":"https:\/\/api.w.org\/{rel}","templated":true}]}}