{"id":79132,"date":"2026-03-14T23:31:40","date_gmt":"2026-03-14T23:31:40","guid":{"rendered":"https:\/\/joutia.shop\/product\/logitech-g515-lightspeed-tkl-profile-clavier-gaming-sans-fil-lightsync-rvb-profil-ultra-plat-sans-pave-numerique-touches-en-pbt-contacts-mecaniques-tactiles-clavier-francais-azerty-noir-2\/"},"modified":"2026-03-14T23:31:40","modified_gmt":"2026-03-14T23:31:40","slug":"logitech-g515-lightspeed-tkl-profile-clavier-gaming-sans-fil-lightsync-rvb-profil-ultra-plat-sans-pave-numerique-touches-en-pbt-contacts-mecaniques-tactiles-clavier-francais-azerty-noir-2","status":"publish","type":"product","link":"https:\/\/joutia.shop\/en\/product\/logitech-g515-lightspeed-tkl-profile-clavier-gaming-sans-fil-lightsync-rvb-profil-ultra-plat-sans-pave-numerique-touches-en-pbt-contacts-mecaniques-tactiles-clavier-francais-azerty-noir-2\/","title":{"rendered":"Logitech G515 Lightspeed TKL profil\u00e9 Clavier Gaming sans Fil, LIGHTSYNC RVB, Profil Ultra-Plat sans pav\u00e9 num\u00e9rique, Touches en PBT, Contacts m\u00e9caniques tactiles, Clavier Fran\u00e7ais AZERTY &#8211; Noir"},"content":{"rendered":"<h2>EPOMAKER TH108 Pro Clavier M\u00e9canique sans Fil Grande Taille avec \u00c9cran &#038; Molette, Clavier Gaming avec Batterie 10000mAh, Gasket Cr\u00e9meux, RVB, Hot-Swap, Driver Personnalisable (Blanc, Creamy Jade)<\/h2>\n<p>Le produit <strong>EPOMAKER TH108 Pro Clavier M\u00e9canique sans Fil Grande Taille avec \u00c9cran &#038; Molette, Clavier Gaming avec Batterie 10000mAh, Gasket Cr\u00e9meux, RVB, Hot-Swap, Driver Personnalisable (Blanc, Creamy Jade)<\/strong> est con\u00e7u pour offrir performance, fiabilit\u00e9 et confort d&rsquo;utilisation.<\/p>\n<p>Ce produit est id\u00e9al pour une utilisation quotidienne et r\u00e9pond parfaitement aux besoins des utilisateurs recherchant qualit\u00e9 et efficacit\u00e9.<\/p>\n<h3>Caract\u00e9ristiques principales<\/h3>\n<ul>\n<li>Conception robuste et durable<\/li>\n<li>Utilisation simple et intuitive<\/li>\n<li>Performance fiable<\/li>\n<li>Excellent rapport qualit\u00e9-prix<\/li>\n<\/ul>","protected":false},"excerpt":{"rendered":"<p>EPOMAKER TH108 Pro Clavier M\u00e9canique sans Fil Grande Taille avec \u00c9cran &#038; Molette, Clavier Gaming avec Batterie 10000mAh, Gasket Cr\u00e9meux, RVB, Hot-Swap, Driver Personnalisable (Blanc, Creamy Jade) &#8211; produit de qualit\u00e9 con\u00e7u pour un usage quotidien, offrant performance et fiabilit\u00e9.<\/p>","protected":false},"featured_media":77609,"comment_status":"open","ping_status":"closed","template":"","meta":[],"product_brand":[],"product_cat":[329],"product_tag":[332],"class_list":{"0":"post-79132","1":"product","2":"type-product","3":"status-publish","4":"has-post-thumbnail","6":"product_cat-gaming","7":"product_tag-clavier-gaming","9":"first","10":"instock","11":"shipping-taxable","12":"product-type-external"},"_links":{"self":[{"href":"https:\/\/joutia.shop\/en\/wp-json\/wp\/v2\/product\/79132","targetHints":{"allow":["GET"]}}],"collection":[{"href":"https:\/\/joutia.shop\/en\/wp-json\/wp\/v2\/product"}],"about":[{"href":"https:\/\/joutia.shop\/en\/wp-json\/wp\/v2\/types\/product"}],"replies":[{"embeddable":true,"href":"https:\/\/joutia.shop\/en\/wp-json\/wp\/v2\/comments?post=79132"}],"wp:featuredmedia":[{"embeddable":true,"href":"https:\/\/joutia.shop\/en\/wp-json\/wp\/v2\/media\/77609"}],"wp:attachment":[{"href":"https:\/\/joutia.shop\/en\/wp-json\/wp\/v2\/media?parent=79132"}],"wp:term":[{"taxonomy":"product_brand","embeddable":true,"href":"https:\/\/joutia.shop\/en\/wp-json\/wp\/v2\/product_brand?post=79132"},{"taxonomy":"product_cat","embeddable":true,"href":"https:\/\/joutia.shop\/en\/wp-json\/wp\/v2\/product_cat?post=79132"},{"taxonomy":"product_tag","embeddable":true,"href":"https:\/\/joutia.shop\/en\/wp-json\/wp\/v2\/product_tag?post=79132"}],"curies":[{"name":"wp","href":"https:\/\/api.w.org\/{rel}","templated":true}]}}