{"id":79131,"date":"2026-03-14T23:31:40","date_gmt":"2026-03-14T23:31:40","guid":{"rendered":"https:\/\/joutia.shop\/product\/epomaker-g84-he-clavier-gaming-sans-fil-8k-sondage8000mah-socddks-clavier-magnetique-a-effet-hall-avec-declenchement-rapideactuation-reglable-rvb-keycap-pbt-hot-swap-qwerty-win-mac-blanc-2\/"},"modified":"2026-03-14T23:31:40","modified_gmt":"2026-03-14T23:31:40","slug":"epomaker-g84-he-clavier-gaming-sans-fil-8k-sondage8000mah-socddks-clavier-magnetique-a-effet-hall-avec-declenchement-rapideactuation-reglable-rvb-keycap-pbt-hot-swap-qwerty-win-mac-blanc-2","status":"publish","type":"product","link":"https:\/\/joutia.shop\/en\/product\/epomaker-g84-he-clavier-gaming-sans-fil-8k-sondage8000mah-socddks-clavier-magnetique-a-effet-hall-avec-declenchement-rapideactuation-reglable-rvb-keycap-pbt-hot-swap-qwerty-win-mac-blanc-2\/","title":{"rendered":"EPOMAKER G84 HE Clavier Gaming sans Fil, 8K Sondage&#038;8000mAh, SOCD&#038;DKS, Clavier Magn\u00e9tique \u00e0 Effet Hall avec D\u00e9clenchement Rapide&#038;Actuation R\u00e9glable, RVB, Keycap PBT, Hot-Swap, QWERTY, Win\/Mac (Blanc)"},"content":{"rendered":"<h2>The G-Lab &#8211; Combo Hydrogen &#8211; Pack Clavier Souris Gamer, Clavier Gamer 60% Filaire, R\u00e9tro\u00e9clairage RGB, azerty, Format Compact + Souris Gaming RGB, 6 Boutons, 6200 DPI &#8211; PC\/PS4\/PS5 \u2013 Blanc<\/h2>\n<p>Le produit <strong>The G-Lab &#8211; Combo Hydrogen &#8211; Pack Clavier Souris Gamer, Clavier Gamer 60% Filaire, R\u00e9tro\u00e9clairage RGB, azerty, Format Compact + Souris Gaming RGB, 6 Boutons, 6200 DPI &#8211; PC\/PS4\/PS5 \u2013 Blanc<\/strong> est con\u00e7u pour offrir performance, fiabilit\u00e9 et confort d&rsquo;utilisation.<\/p>\n<p>Ce produit est id\u00e9al pour une utilisation quotidienne et r\u00e9pond parfaitement aux besoins des utilisateurs recherchant qualit\u00e9 et efficacit\u00e9.<\/p>\n<h3>Caract\u00e9ristiques principales<\/h3>\n<ul>\n<li>Conception robuste et durable<\/li>\n<li>Utilisation simple et intuitive<\/li>\n<li>Performance fiable<\/li>\n<li>Excellent rapport qualit\u00e9-prix<\/li>\n<\/ul>","protected":false},"excerpt":{"rendered":"<p>The G-Lab &#8211; Combo Hydrogen &#8211; Pack Clavier Souris Gamer, Clavier Gamer 60% Filaire, R\u00e9tro\u00e9clairage RGB, azerty, Format Compact + Souris Gaming RGB, 6 Boutons, 6200 DPI &#8211; PC\/PS4\/PS5 \u2013 Blanc &#8211; produit de qualit\u00e9 con\u00e7u pour un usage quotidien, offrant performance et fiabilit\u00e9.<\/p>","protected":false},"featured_media":78236,"comment_status":"open","ping_status":"closed","template":"","meta":[],"product_brand":[],"product_cat":[329],"product_tag":[332],"class_list":{"0":"post-79131","1":"product","2":"type-product","3":"status-publish","4":"has-post-thumbnail","6":"product_cat-gaming","7":"product_tag-clavier-gaming","9":"first","10":"instock","11":"shipping-taxable","12":"product-type-external"},"_links":{"self":[{"href":"https:\/\/joutia.shop\/en\/wp-json\/wp\/v2\/product\/79131","targetHints":{"allow":["GET"]}}],"collection":[{"href":"https:\/\/joutia.shop\/en\/wp-json\/wp\/v2\/product"}],"about":[{"href":"https:\/\/joutia.shop\/en\/wp-json\/wp\/v2\/types\/product"}],"replies":[{"embeddable":true,"href":"https:\/\/joutia.shop\/en\/wp-json\/wp\/v2\/comments?post=79131"}],"wp:featuredmedia":[{"embeddable":true,"href":"https:\/\/joutia.shop\/en\/wp-json\/wp\/v2\/media\/78236"}],"wp:attachment":[{"href":"https:\/\/joutia.shop\/en\/wp-json\/wp\/v2\/media?parent=79131"}],"wp:term":[{"taxonomy":"product_brand","embeddable":true,"href":"https:\/\/joutia.shop\/en\/wp-json\/wp\/v2\/product_brand?post=79131"},{"taxonomy":"product_cat","embeddable":true,"href":"https:\/\/joutia.shop\/en\/wp-json\/wp\/v2\/product_cat?post=79131"},{"taxonomy":"product_tag","embeddable":true,"href":"https:\/\/joutia.shop\/en\/wp-json\/wp\/v2\/product_tag?post=79131"}],"curies":[{"name":"wp","href":"https:\/\/api.w.org\/{rel}","templated":true}]}}