{"id":79126,"date":"2026-03-14T23:31:39","date_gmt":"2026-03-14T23:31:39","guid":{"rendered":"https:\/\/joutia.shop\/product\/logitech-g-pro-x-tkl-rapid-clavier-gaming-filaire-sans-pave-numerique-touches-analogiques-magnetiques-mode-de-declenchement-rapide-actionnement-reglable-et-rvb-personnalisable-fra-azerty-noir-4\/"},"modified":"2026-03-14T23:31:39","modified_gmt":"2026-03-14T23:31:39","slug":"logitech-g-pro-x-tkl-rapid-clavier-gaming-filaire-sans-pave-numerique-touches-analogiques-magnetiques-mode-de-declenchement-rapide-actionnement-reglable-et-rvb-personnalisable-fra-azerty-noir-4","status":"publish","type":"product","link":"https:\/\/joutia.shop\/en\/product\/logitech-g-pro-x-tkl-rapid-clavier-gaming-filaire-sans-pave-numerique-touches-analogiques-magnetiques-mode-de-declenchement-rapide-actionnement-reglable-et-rvb-personnalisable-fra-azerty-noir-4\/","title":{"rendered":"Logitech G PRO X TKL RAPID, clavier gaming filaire sans pav\u00e9 num\u00e9rique touches analogiques magn\u00e9tiques, mode de d\u00e9clenchement rapide, actionnement r\u00e9glable et RVB personnalisable &#8211; FRA AZERTY &#8211; Noir"},"content":{"rendered":"<h2>Clavier M\u00e9canique Azerty\uff0cClavier Gamer M\u00e9canique 60% C\u00e2bl\u00e9 &#8211; Switchs Bleus &#8211; R\u00e9tro\u00e9clairage LED Personnalisable\uff0cAnti-ghosting &#8211; Compact et Ergonomique pour FPS, Bureau (PC, Mac)<\/h2>\n<p>Le produit <strong>Clavier M\u00e9canique Azerty\uff0cClavier Gamer M\u00e9canique 60% C\u00e2bl\u00e9 &#8211; Switchs Bleus &#8211; R\u00e9tro\u00e9clairage LED Personnalisable\uff0cAnti-ghosting &#8211; Compact et Ergonomique pour FPS, Bureau (PC, Mac)<\/strong> est con\u00e7u pour offrir performance, fiabilit\u00e9 et confort d&rsquo;utilisation.<\/p>\n<p>Ce produit est id\u00e9al pour une utilisation quotidienne et r\u00e9pond parfaitement aux besoins des utilisateurs recherchant qualit\u00e9 et efficacit\u00e9.<\/p>\n<h3>Caract\u00e9ristiques principales<\/h3>\n<ul>\n<li>Conception robuste et durable<\/li>\n<li>Utilisation simple et intuitive<\/li>\n<li>Performance fiable<\/li>\n<li>Excellent rapport qualit\u00e9-prix<\/li>\n<\/ul>","protected":false},"excerpt":{"rendered":"<p>Clavier M\u00e9canique Azerty\uff0cClavier Gamer M\u00e9canique 60% C\u00e2bl\u00e9 &#8211; Switchs Bleus &#8211; R\u00e9tro\u00e9clairage LED Personnalisable\uff0cAnti-ghosting &#8211; Compact et Ergonomique pour FPS, Bureau (PC, Mac) &#8211; produit de qualit\u00e9 con\u00e7u pour un usage quotidien, offrant performance et fiabilit\u00e9.<\/p>","protected":false},"featured_media":78201,"comment_status":"open","ping_status":"closed","template":"","meta":[],"product_brand":[],"product_cat":[329],"product_tag":[332],"class_list":{"0":"post-79126","1":"product","2":"type-product","3":"status-publish","4":"has-post-thumbnail","6":"product_cat-gaming","7":"product_tag-clavier-gaming","9":"first","10":"instock","11":"shipping-taxable","12":"product-type-external"},"_links":{"self":[{"href":"https:\/\/joutia.shop\/en\/wp-json\/wp\/v2\/product\/79126","targetHints":{"allow":["GET"]}}],"collection":[{"href":"https:\/\/joutia.shop\/en\/wp-json\/wp\/v2\/product"}],"about":[{"href":"https:\/\/joutia.shop\/en\/wp-json\/wp\/v2\/types\/product"}],"replies":[{"embeddable":true,"href":"https:\/\/joutia.shop\/en\/wp-json\/wp\/v2\/comments?post=79126"}],"wp:featuredmedia":[{"embeddable":true,"href":"https:\/\/joutia.shop\/en\/wp-json\/wp\/v2\/media\/78201"}],"wp:attachment":[{"href":"https:\/\/joutia.shop\/en\/wp-json\/wp\/v2\/media?parent=79126"}],"wp:term":[{"taxonomy":"product_brand","embeddable":true,"href":"https:\/\/joutia.shop\/en\/wp-json\/wp\/v2\/product_brand?post=79126"},{"taxonomy":"product_cat","embeddable":true,"href":"https:\/\/joutia.shop\/en\/wp-json\/wp\/v2\/product_cat?post=79126"},{"taxonomy":"product_tag","embeddable":true,"href":"https:\/\/joutia.shop\/en\/wp-json\/wp\/v2\/product_tag?post=79126"}],"curies":[{"name":"wp","href":"https:\/\/api.w.org\/{rel}","templated":true}]}}