{"id":79100,"date":"2026-03-14T23:31:35","date_gmt":"2026-03-14T23:31:35","guid":{"rendered":"https:\/\/joutia.shop\/product\/steelseries-apex-3-tkl-rvb-clavier-gaming-facteur-de-forme-esports-compact-sans-pave-numerique-illumination-rvb-a-8-zones-agencement-francais-azerty-2\/"},"modified":"2026-03-14T23:31:35","modified_gmt":"2026-03-14T23:31:35","slug":"steelseries-apex-3-tkl-rvb-clavier-gaming-facteur-de-forme-esports-compact-sans-pave-numerique-illumination-rvb-a-8-zones-agencement-francais-azerty-2","status":"publish","type":"product","link":"https:\/\/joutia.shop\/en\/product\/steelseries-apex-3-tkl-rvb-clavier-gaming-facteur-de-forme-esports-compact-sans-pave-numerique-illumination-rvb-a-8-zones-agencement-francais-azerty-2\/","title":{"rendered":"SteelSeries Apex 3 TKL RVB Clavier gaming &#8211; Facteur de forme esports compact sans pav\u00e9 num\u00e9rique &#8211; Illumination RVB \u00e0 8 zones &#8211; Agencement Fran\u00e7ais AZERTY"},"content":{"rendered":"<h2>SteelSeries Apex 3 TKL RVB Clavier gaming &#8211; Facteur de forme esports compact sans pav\u00e9 num\u00e9rique &#8211; Illumination RVB \u00e0 8 zones &#8211; Agencement Fran\u00e7ais AZERTY<\/h2>\n<p>Le produit <strong>SteelSeries Apex 3 TKL RVB Clavier gaming &#8211; Facteur de forme esports compact sans pav\u00e9 num\u00e9rique &#8211; Illumination RVB \u00e0 8 zones &#8211; Agencement Fran\u00e7ais AZERTY<\/strong> est con\u00e7u pour offrir performance, fiabilit\u00e9 et confort d&rsquo;utilisation.<\/p>\n<p>Ce produit est id\u00e9al pour une utilisation quotidienne et r\u00e9pond parfaitement aux besoins des utilisateurs recherchant qualit\u00e9 et efficacit\u00e9.<\/p>\n<h3>Caract\u00e9ristiques principales<\/h3>\n<ul>\n<li>Conception robuste et durable<\/li>\n<li>Utilisation simple et intuitive<\/li>\n<li>Performance fiable<\/li>\n<li>Excellent rapport qualit\u00e9-prix<\/li>\n<\/ul>","protected":false},"excerpt":{"rendered":"<p>SteelSeries Apex 3 TKL RVB Clavier gaming &#8211; Facteur de forme esports compact sans pav\u00e9 num\u00e9rique &#8211; Illumination RVB \u00e0 8 zones &#8211; Agencement Fran\u00e7ais AZERTY &#8211; produit de qualit\u00e9 con\u00e7u pour un usage quotidien, offrant performance et fiabilit\u00e9.<\/p>","protected":false},"featured_media":77489,"comment_status":"open","ping_status":"closed","template":"","meta":[],"product_brand":[],"product_cat":[329],"product_tag":[332],"class_list":{"0":"post-79100","1":"product","2":"type-product","3":"status-publish","4":"has-post-thumbnail","6":"product_cat-gaming","7":"product_tag-clavier-gaming","9":"first","10":"instock","11":"shipping-taxable","12":"product-type-external"},"_links":{"self":[{"href":"https:\/\/joutia.shop\/en\/wp-json\/wp\/v2\/product\/79100","targetHints":{"allow":["GET"]}}],"collection":[{"href":"https:\/\/joutia.shop\/en\/wp-json\/wp\/v2\/product"}],"about":[{"href":"https:\/\/joutia.shop\/en\/wp-json\/wp\/v2\/types\/product"}],"replies":[{"embeddable":true,"href":"https:\/\/joutia.shop\/en\/wp-json\/wp\/v2\/comments?post=79100"}],"wp:featuredmedia":[{"embeddable":true,"href":"https:\/\/joutia.shop\/en\/wp-json\/wp\/v2\/media\/77489"}],"wp:attachment":[{"href":"https:\/\/joutia.shop\/en\/wp-json\/wp\/v2\/media?parent=79100"}],"wp:term":[{"taxonomy":"product_brand","embeddable":true,"href":"https:\/\/joutia.shop\/en\/wp-json\/wp\/v2\/product_brand?post=79100"},{"taxonomy":"product_cat","embeddable":true,"href":"https:\/\/joutia.shop\/en\/wp-json\/wp\/v2\/product_cat?post=79100"},{"taxonomy":"product_tag","embeddable":true,"href":"https:\/\/joutia.shop\/en\/wp-json\/wp\/v2\/product_tag?post=79100"}],"curies":[{"name":"wp","href":"https:\/\/api.w.org\/{rel}","templated":true}]}}