{"id":79032,"date":"2026-03-14T23:31:23","date_gmt":"2026-03-14T23:31:23","guid":{"rendered":"https:\/\/joutia.shop\/product\/asus-rog-delta-ii-casque-gaming-sans-fil-equipement-officiel-de-team-vitality-connectivite-tri-mode-rog-speednova-membranes-de-50mm-jusqua-110-heures-dautonomie-de-batterie-legere-de-315g-2\/"},"modified":"2026-03-14T23:31:23","modified_gmt":"2026-03-14T23:31:23","slug":"asus-rog-delta-ii-casque-gaming-sans-fil-equipement-officiel-de-team-vitality-connectivite-tri-mode-rog-speednova-membranes-de-50mm-jusqua-110-heures-dautonomie-de-batterie-legere-de-315g-2","status":"publish","type":"product","link":"https:\/\/joutia.shop\/en\/product\/asus-rog-delta-ii-casque-gaming-sans-fil-equipement-officiel-de-team-vitality-connectivite-tri-mode-rog-speednova-membranes-de-50mm-jusqua-110-heures-dautonomie-de-batterie-legere-de-315g-2\/","title":{"rendered":"ASUS ROG Delta II &#8211; Casque Gaming sans Fil (\u00c9quipement Officiel de Team Vitality, connectivit\u00e9 tri-Mode, ROG Speednova, membranes de 50mm, jusqu&rsquo;\u00e0 110 Heures d&rsquo;autonomie de Batterie, l\u00e9g\u00e8re de 315g)"},"content":{"rendered":"<h2>Somic G951S Casque de Gaming avec Micro pour Xbox One, PS4, PC avec Prise 3,5 mm bo\u00eetier de contr\u00f4le et Oreilles de Chat Amovibles Noir<\/h2>\n<p>Le produit <strong>Somic G951S Casque de Gaming avec Micro pour Xbox One, PS4, PC avec Prise 3,5 mm bo\u00eetier de contr\u00f4le et Oreilles de Chat Amovibles Noir<\/strong> est con\u00e7u pour offrir performance, fiabilit\u00e9 et confort d&rsquo;utilisation.<\/p>\n<p>Ce produit est id\u00e9al pour une utilisation quotidienne et r\u00e9pond parfaitement aux besoins des utilisateurs recherchant qualit\u00e9 et efficacit\u00e9.<\/p>\n<h3>Caract\u00e9ristiques principales<\/h3>\n<ul>\n<li>Conception robuste et durable<\/li>\n<li>Utilisation simple et intuitive<\/li>\n<li>Performance fiable<\/li>\n<li>Excellent rapport qualit\u00e9-prix<\/li>\n<\/ul>","protected":false},"excerpt":{"rendered":"<p>Somic G951S Casque de Gaming avec Micro pour Xbox One, PS4, PC avec Prise 3,5 mm bo\u00eetier de contr\u00f4le et Oreilles de Chat Amovibles Noir &#8211; produit de qualit\u00e9 con\u00e7u pour un usage quotidien, offrant performance et fiabilit\u00e9.<\/p>","protected":false},"featured_media":78031,"comment_status":"open","ping_status":"closed","template":"","meta":[],"product_brand":[],"product_cat":[329],"product_tag":[330],"class_list":{"0":"post-79032","1":"product","2":"type-product","3":"status-publish","4":"has-post-thumbnail","6":"product_cat-gaming","7":"product_tag-casque-gaming","9":"first","10":"instock","11":"shipping-taxable","12":"product-type-external"},"_links":{"self":[{"href":"https:\/\/joutia.shop\/en\/wp-json\/wp\/v2\/product\/79032","targetHints":{"allow":["GET"]}}],"collection":[{"href":"https:\/\/joutia.shop\/en\/wp-json\/wp\/v2\/product"}],"about":[{"href":"https:\/\/joutia.shop\/en\/wp-json\/wp\/v2\/types\/product"}],"replies":[{"embeddable":true,"href":"https:\/\/joutia.shop\/en\/wp-json\/wp\/v2\/comments?post=79032"}],"wp:featuredmedia":[{"embeddable":true,"href":"https:\/\/joutia.shop\/en\/wp-json\/wp\/v2\/media\/78031"}],"wp:attachment":[{"href":"https:\/\/joutia.shop\/en\/wp-json\/wp\/v2\/media?parent=79032"}],"wp:term":[{"taxonomy":"product_brand","embeddable":true,"href":"https:\/\/joutia.shop\/en\/wp-json\/wp\/v2\/product_brand?post=79032"},{"taxonomy":"product_cat","embeddable":true,"href":"https:\/\/joutia.shop\/en\/wp-json\/wp\/v2\/product_cat?post=79032"},{"taxonomy":"product_tag","embeddable":true,"href":"https:\/\/joutia.shop\/en\/wp-json\/wp\/v2\/product_tag?post=79032"}],"curies":[{"name":"wp","href":"https:\/\/api.w.org\/{rel}","templated":true}]}}