{"id":79027,"date":"2026-03-14T23:31:22","date_gmt":"2026-03-14T23:31:22","guid":{"rendered":"https:\/\/joutia.shop\/product\/casque-gaming-sans-fil-pour-ps5-ps4-pc-switch-mac-mobile-24-ghz-usb-et-type-c-avec-microphone-casque-gaming-pliable-avec-son-stereo-et-eclairage-led-batterie-de-70h-pilotes-de-50mm-2\/"},"modified":"2026-03-14T23:31:22","modified_gmt":"2026-03-14T23:31:22","slug":"casque-gaming-sans-fil-pour-ps5-ps4-pc-switch-mac-mobile-24-ghz-usb-et-type-c-avec-microphone-casque-gaming-pliable-avec-son-stereo-et-eclairage-led-batterie-de-70h-pilotes-de-50mm-2","status":"publish","type":"product","link":"https:\/\/joutia.shop\/en\/product\/casque-gaming-sans-fil-pour-ps5-ps4-pc-switch-mac-mobile-24-ghz-usb-et-type-c-avec-microphone-casque-gaming-pliable-avec-son-stereo-et-eclairage-led-batterie-de-70h-pilotes-de-50mm-2\/","title":{"rendered":"Casque Gaming sans Fil pour PS5, PS4, PC, Switch, Mac, Mobile, 2,4 GHz USB et Type-C avec Microphone, Casque Gaming Pliable avec Son St\u00e9r\u00e9o et \u00c9clairage LED, Batterie de 70H, Pilotes de 50mm"},"content":{"rendered":"<h2>kwmobile Microphone de remplacement compatible avec Steelseries Arctis 1 &#8211; Micro de rechange pour casque audio casque gaming &#8211; noir<\/h2>\n<p>Le produit <strong>kwmobile Microphone de remplacement compatible avec Steelseries Arctis 1 &#8211; Micro de rechange pour casque audio casque gaming &#8211; noir<\/strong> est con\u00e7u pour offrir performance, fiabilit\u00e9 et confort d&rsquo;utilisation.<\/p>\n<p>Ce produit est id\u00e9al pour une utilisation quotidienne et r\u00e9pond parfaitement aux besoins des utilisateurs recherchant qualit\u00e9 et efficacit\u00e9.<\/p>\n<h3>Caract\u00e9ristiques principales<\/h3>\n<ul>\n<li>Conception robuste et durable<\/li>\n<li>Utilisation simple et intuitive<\/li>\n<li>Performance fiable<\/li>\n<li>Excellent rapport qualit\u00e9-prix<\/li>\n<\/ul>","protected":false},"excerpt":{"rendered":"<p>kwmobile Microphone de remplacement compatible avec Steelseries Arctis 1 &#8211; Micro de rechange pour casque audio casque gaming &#8211; noir &#8211; produit de qualit\u00e9 con\u00e7u pour un usage quotidien, offrant performance et fiabilit\u00e9.<\/p>","protected":false},"featured_media":77564,"comment_status":"open","ping_status":"closed","template":"","meta":[],"product_brand":[],"product_cat":[329],"product_tag":[330],"class_list":{"0":"post-79027","1":"product","2":"type-product","3":"status-publish","4":"has-post-thumbnail","6":"product_cat-gaming","7":"product_tag-casque-gaming","9":"first","10":"instock","11":"shipping-taxable","12":"product-type-external"},"_links":{"self":[{"href":"https:\/\/joutia.shop\/en\/wp-json\/wp\/v2\/product\/79027","targetHints":{"allow":["GET"]}}],"collection":[{"href":"https:\/\/joutia.shop\/en\/wp-json\/wp\/v2\/product"}],"about":[{"href":"https:\/\/joutia.shop\/en\/wp-json\/wp\/v2\/types\/product"}],"replies":[{"embeddable":true,"href":"https:\/\/joutia.shop\/en\/wp-json\/wp\/v2\/comments?post=79027"}],"wp:featuredmedia":[{"embeddable":true,"href":"https:\/\/joutia.shop\/en\/wp-json\/wp\/v2\/media\/77564"}],"wp:attachment":[{"href":"https:\/\/joutia.shop\/en\/wp-json\/wp\/v2\/media?parent=79027"}],"wp:term":[{"taxonomy":"product_brand","embeddable":true,"href":"https:\/\/joutia.shop\/en\/wp-json\/wp\/v2\/product_brand?post=79027"},{"taxonomy":"product_cat","embeddable":true,"href":"https:\/\/joutia.shop\/en\/wp-json\/wp\/v2\/product_cat?post=79027"},{"taxonomy":"product_tag","embeddable":true,"href":"https:\/\/joutia.shop\/en\/wp-json\/wp\/v2\/product_tag?post=79027"}],"curies":[{"name":"wp","href":"https:\/\/api.w.org\/{rel}","templated":true}]}}