{"id":79026,"date":"2026-03-14T23:31:22","date_gmt":"2026-03-14T23:31:22","guid":{"rendered":"https:\/\/joutia.shop\/product\/hyperx-hx-hscr-gm-cloud-revolver-casque-gaming-pour-pc-ps4-mac-2\/"},"modified":"2026-03-14T23:31:22","modified_gmt":"2026-03-14T23:31:22","slug":"hyperx-hx-hscr-gm-cloud-revolver-casque-gaming-pour-pc-ps4-mac-2","status":"publish","type":"product","link":"https:\/\/joutia.shop\/en\/product\/hyperx-hx-hscr-gm-cloud-revolver-casque-gaming-pour-pc-ps4-mac-2\/","title":{"rendered":"HyperX HX-HSCR-GM Cloud Revolver &#8211; Casque Gaming pour PC\/PS4\/Mac"},"content":{"rendered":"<h2>ASUS TUF H1 GEN II &#8211; Casque Gaming Filaire, Haut-parleurs ASUS Essence de 40 mm, Son Surround virtuel 7.1, Microphone certifi\u00e9 TeamSpeak, Conception l\u00e9g\u00e8re de 297 grammes<\/h2>\n<p>Le produit <strong>ASUS TUF H1 GEN II &#8211; Casque Gaming Filaire, Haut-parleurs ASUS Essence de 40 mm, Son Surround virtuel 7.1, Microphone certifi\u00e9 TeamSpeak, Conception l\u00e9g\u00e8re de 297 grammes<\/strong> est con\u00e7u pour offrir performance, fiabilit\u00e9 et confort d&rsquo;utilisation.<\/p>\n<p>Ce produit est id\u00e9al pour une utilisation quotidienne et r\u00e9pond parfaitement aux besoins des utilisateurs recherchant qualit\u00e9 et efficacit\u00e9.<\/p>\n<h3>Caract\u00e9ristiques principales<\/h3>\n<ul>\n<li>Conception robuste et durable<\/li>\n<li>Utilisation simple et intuitive<\/li>\n<li>Performance fiable<\/li>\n<li>Excellent rapport qualit\u00e9-prix<\/li>\n<\/ul>","protected":false},"excerpt":{"rendered":"<p>ASUS TUF H1 GEN II &#8211; Casque Gaming Filaire, Haut-parleurs ASUS Essence de 40 mm, Son Surround virtuel 7.1, Microphone certifi\u00e9 TeamSpeak, Conception l\u00e9g\u00e8re de 297 grammes &#8211; produit de qualit\u00e9 con\u00e7u pour un usage quotidien, offrant performance et fiabilit\u00e9.<\/p>","protected":false},"featured_media":77966,"comment_status":"open","ping_status":"closed","template":"","meta":[],"product_brand":[],"product_cat":[329],"product_tag":[330],"class_list":{"0":"post-79026","1":"product","2":"type-product","3":"status-publish","4":"has-post-thumbnail","6":"product_cat-gaming","7":"product_tag-casque-gaming","9":"first","10":"instock","11":"shipping-taxable","12":"product-type-external"},"_links":{"self":[{"href":"https:\/\/joutia.shop\/en\/wp-json\/wp\/v2\/product\/79026","targetHints":{"allow":["GET"]}}],"collection":[{"href":"https:\/\/joutia.shop\/en\/wp-json\/wp\/v2\/product"}],"about":[{"href":"https:\/\/joutia.shop\/en\/wp-json\/wp\/v2\/types\/product"}],"replies":[{"embeddable":true,"href":"https:\/\/joutia.shop\/en\/wp-json\/wp\/v2\/comments?post=79026"}],"wp:featuredmedia":[{"embeddable":true,"href":"https:\/\/joutia.shop\/en\/wp-json\/wp\/v2\/media\/77966"}],"wp:attachment":[{"href":"https:\/\/joutia.shop\/en\/wp-json\/wp\/v2\/media?parent=79026"}],"wp:term":[{"taxonomy":"product_brand","embeddable":true,"href":"https:\/\/joutia.shop\/en\/wp-json\/wp\/v2\/product_brand?post=79026"},{"taxonomy":"product_cat","embeddable":true,"href":"https:\/\/joutia.shop\/en\/wp-json\/wp\/v2\/product_cat?post=79026"},{"taxonomy":"product_tag","embeddable":true,"href":"https:\/\/joutia.shop\/en\/wp-json\/wp\/v2\/product_tag?post=79026"}],"curies":[{"name":"wp","href":"https:\/\/api.w.org\/{rel}","templated":true}]}}