{"id":79023,"date":"2026-03-14T23:31:20","date_gmt":"2026-03-14T23:31:20","guid":{"rendered":"https:\/\/joutia.shop\/product\/wage-casque-gaming-universel-filaire-noir-bleu-2\/"},"modified":"2026-03-14T23:31:20","modified_gmt":"2026-03-14T23:31:20","slug":"wage-casque-gaming-universel-filaire-noir-bleu-2","status":"publish","type":"product","link":"https:\/\/joutia.shop\/en\/product\/wage-casque-gaming-universel-filaire-noir-bleu-2\/","title":{"rendered":"Wage &#8211; Casque Gaming Universel filaire &#8211; Noir\/Bleu"},"content":{"rendered":"<h2>MCHOSE V9 Pro Casque de Gaming sans Fil avec Microphone D\u00e9tachable, Son Surround 7.1 Esports, Connexion Tri Mode, Transducteurs 53mm, pour PC, Mac, PS5, PS4, Switch Series &#8211; Noir<\/h2>\n<p>Le produit <strong>MCHOSE V9 Pro Casque de Gaming sans Fil avec Microphone D\u00e9tachable, Son Surround 7.1 Esports, Connexion Tri Mode, Transducteurs 53mm, pour PC, Mac, PS5, PS4, Switch Series &#8211; Noir<\/strong> est con\u00e7u pour offrir performance, fiabilit\u00e9 et confort d&rsquo;utilisation.<\/p>\n<p>Ce produit est id\u00e9al pour une utilisation quotidienne et r\u00e9pond parfaitement aux besoins des utilisateurs recherchant qualit\u00e9 et efficacit\u00e9.<\/p>\n<h3>Caract\u00e9ristiques principales<\/h3>\n<ul>\n<li>Conception robuste et durable<\/li>\n<li>Utilisation simple et intuitive<\/li>\n<li>Performance fiable<\/li>\n<li>Excellent rapport qualit\u00e9-prix<\/li>\n<\/ul>","protected":false},"excerpt":{"rendered":"<p>MCHOSE V9 Pro Casque de Gaming sans Fil avec Microphone D\u00e9tachable, Son Surround 7.1 Esports, Connexion Tri Mode, Transducteurs 53mm, pour PC, Mac, PS5, PS4, Switch Series &#8211; Noir &#8211; produit de qualit\u00e9 con\u00e7u pour un usage quotidien, offrant performance et fiabilit\u00e9.<\/p>","protected":false},"featured_media":77507,"comment_status":"open","ping_status":"closed","template":"","meta":[],"product_brand":[],"product_cat":[329],"product_tag":[330],"class_list":{"0":"post-79023","1":"product","2":"type-product","3":"status-publish","4":"has-post-thumbnail","6":"product_cat-gaming","7":"product_tag-casque-gaming","9":"first","10":"instock","11":"shipping-taxable","12":"product-type-external"},"_links":{"self":[{"href":"https:\/\/joutia.shop\/en\/wp-json\/wp\/v2\/product\/79023","targetHints":{"allow":["GET"]}}],"collection":[{"href":"https:\/\/joutia.shop\/en\/wp-json\/wp\/v2\/product"}],"about":[{"href":"https:\/\/joutia.shop\/en\/wp-json\/wp\/v2\/types\/product"}],"replies":[{"embeddable":true,"href":"https:\/\/joutia.shop\/en\/wp-json\/wp\/v2\/comments?post=79023"}],"wp:featuredmedia":[{"embeddable":true,"href":"https:\/\/joutia.shop\/en\/wp-json\/wp\/v2\/media\/77507"}],"wp:attachment":[{"href":"https:\/\/joutia.shop\/en\/wp-json\/wp\/v2\/media?parent=79023"}],"wp:term":[{"taxonomy":"product_brand","embeddable":true,"href":"https:\/\/joutia.shop\/en\/wp-json\/wp\/v2\/product_brand?post=79023"},{"taxonomy":"product_cat","embeddable":true,"href":"https:\/\/joutia.shop\/en\/wp-json\/wp\/v2\/product_cat?post=79023"},{"taxonomy":"product_tag","embeddable":true,"href":"https:\/\/joutia.shop\/en\/wp-json\/wp\/v2\/product_tag?post=79023"}],"curies":[{"name":"wp","href":"https:\/\/api.w.org\/{rel}","templated":true}]}}