{"id":79008,"date":"2026-03-14T23:31:18","date_gmt":"2026-03-14T23:31:18","guid":{"rendered":"https:\/\/joutia.shop\/product\/jbl-quantum-100m2-casque-gaming-filaire-circum-auriculaire-avec-microphone-amovible-son-jbl-quantumsound-signature-cable-jack-35mm-compatible-avec-de-nombreuses-plate-formes-fonction-mute-noir-3\/"},"modified":"2026-03-14T23:31:18","modified_gmt":"2026-03-14T23:31:18","slug":"jbl-quantum-100m2-casque-gaming-filaire-circum-auriculaire-avec-microphone-amovible-son-jbl-quantumsound-signature-cable-jack-35mm-compatible-avec-de-nombreuses-plate-formes-fonction-mute-noir-3","status":"publish","type":"product","link":"https:\/\/joutia.shop\/en\/product\/jbl-quantum-100m2-casque-gaming-filaire-circum-auriculaire-avec-microphone-amovible-son-jbl-quantumsound-signature-cable-jack-35mm-compatible-avec-de-nombreuses-plate-formes-fonction-mute-noir-3\/","title":{"rendered":"JBL Quantum 100M2 Casque gaming filaire circum-auriculaire avec microphone amovible, son JBL QuantumSOUND Signature, c\u00e2ble jack 3,5mm, compatible avec de nombreuses plate-formes, fonction mute, noir"},"content":{"rendered":"<h2>JBL Quantum 350 \u2013 Casque gaming avec micro d\u00e9tachable \u2013 Boutons de contr\u00f4les \u2013 Connexion USB \u2013 Son signature JBL \u2013 Compatible avec PC, Windows, Mac, PS4, Nintendo Switch<\/h2>\n<p>Le produit <strong>JBL Quantum 350 \u2013 Casque gaming avec micro d\u00e9tachable \u2013 Boutons de contr\u00f4les \u2013 Connexion USB \u2013 Son signature JBL \u2013 Compatible avec PC, Windows, Mac, PS4, Nintendo Switch<\/strong> est con\u00e7u pour offrir performance, fiabilit\u00e9 et confort d&rsquo;utilisation.<\/p>\n<p>Ce produit est id\u00e9al pour une utilisation quotidienne et r\u00e9pond parfaitement aux besoins des utilisateurs recherchant qualit\u00e9 et efficacit\u00e9.<\/p>\n<h3>Caract\u00e9ristiques principales<\/h3>\n<ul>\n<li>Conception robuste et durable<\/li>\n<li>Utilisation simple et intuitive<\/li>\n<li>Performance fiable<\/li>\n<li>Excellent rapport qualit\u00e9-prix<\/li>\n<\/ul>","protected":false},"excerpt":{"rendered":"<p>JBL Quantum 350 \u2013 Casque gaming avec micro d\u00e9tachable \u2013 Boutons de contr\u00f4les \u2013 Connexion USB \u2013 Son signature JBL \u2013 Compatible avec PC, Windows, Mac, PS4, Nintendo Switch &#8211; produit de qualit\u00e9 con\u00e7u pour un usage quotidien, offrant performance et fiabilit\u00e9.<\/p>","protected":false},"featured_media":77654,"comment_status":"open","ping_status":"closed","template":"","meta":[],"product_brand":[],"product_cat":[329],"product_tag":[330],"class_list":{"0":"post-79008","1":"product","2":"type-product","3":"status-publish","4":"has-post-thumbnail","6":"product_cat-gaming","7":"product_tag-casque-gaming","9":"first","10":"instock","11":"shipping-taxable","12":"product-type-external"},"_links":{"self":[{"href":"https:\/\/joutia.shop\/en\/wp-json\/wp\/v2\/product\/79008","targetHints":{"allow":["GET"]}}],"collection":[{"href":"https:\/\/joutia.shop\/en\/wp-json\/wp\/v2\/product"}],"about":[{"href":"https:\/\/joutia.shop\/en\/wp-json\/wp\/v2\/types\/product"}],"replies":[{"embeddable":true,"href":"https:\/\/joutia.shop\/en\/wp-json\/wp\/v2\/comments?post=79008"}],"wp:featuredmedia":[{"embeddable":true,"href":"https:\/\/joutia.shop\/en\/wp-json\/wp\/v2\/media\/77654"}],"wp:attachment":[{"href":"https:\/\/joutia.shop\/en\/wp-json\/wp\/v2\/media?parent=79008"}],"wp:term":[{"taxonomy":"product_brand","embeddable":true,"href":"https:\/\/joutia.shop\/en\/wp-json\/wp\/v2\/product_brand?post=79008"},{"taxonomy":"product_cat","embeddable":true,"href":"https:\/\/joutia.shop\/en\/wp-json\/wp\/v2\/product_cat?post=79008"},{"taxonomy":"product_tag","embeddable":true,"href":"https:\/\/joutia.shop\/en\/wp-json\/wp\/v2\/product_tag?post=79008"}],"curies":[{"name":"wp","href":"https:\/\/api.w.org\/{rel}","templated":true}]}}