{"id":78968,"date":"2026-03-14T23:31:12","date_gmt":"2026-03-14T23:31:12","guid":{"rendered":"https:\/\/joutia.shop\/product\/militaire-montre-connectee-homme-femme-avec-appel-bluetooth-1-39-hd-smartwatch-motre-sport-avec-110-modes-sportifs-podometre-cardiofrequencemetre-sommeil-etanche-ip68-pour-android-ios-orange-2\/"},"modified":"2026-03-14T23:31:12","modified_gmt":"2026-03-14T23:31:12","slug":"militaire-montre-connectee-homme-femme-avec-appel-bluetooth-1-39-hd-smartwatch-motre-sport-avec-110-modes-sportifs-podometre-cardiofrequencemetre-sommeil-etanche-ip68-pour-android-ios-orange-2","status":"publish","type":"product","link":"https:\/\/joutia.shop\/en\/product\/militaire-montre-connectee-homme-femme-avec-appel-bluetooth-1-39-hd-smartwatch-motre-sport-avec-110-modes-sportifs-podometre-cardiofrequencemetre-sommeil-etanche-ip68-pour-android-ios-orange-2\/","title":{"rendered":"Militaire Montre Connect\u00e9e Homme Femme avec Appel Bluetooth, 1.39&Prime; HD Smartwatch Motre Sport avec 110+ Modes Sportifs, Podometre Cardiofrequencemetre Sommeil, Etanche IP68 pour Android\/iOS, Orange"},"content":{"rendered":"<h2>Montre Connect\u00e9e Femme Homme, 2&Prime; Pouce HD avec Appel Bluetooth Smartwatch 100+ Sportifs,SpO2 Moniteur de Sommeil Cardiofr\u00e9quencem\u00e8tre -Or Rose<\/h2>\n<p>Le produit <strong>Montre Connect\u00e9e Femme Homme, 2&Prime; Pouce HD avec Appel Bluetooth Smartwatch 100+ Sportifs,SpO2 Moniteur de Sommeil Cardiofr\u00e9quencem\u00e8tre -Or Rose<\/strong> est con\u00e7u pour offrir performance, fiabilit\u00e9 et confort d&rsquo;utilisation.<\/p>\n<p>Ce produit est id\u00e9al pour une utilisation quotidienne et r\u00e9pond parfaitement aux besoins des utilisateurs recherchant qualit\u00e9 et efficacit\u00e9.<\/p>\n<h3>Caract\u00e9ristiques principales<\/h3>\n<ul>\n<li>Conception robuste et durable<\/li>\n<li>Utilisation simple et intuitive<\/li>\n<li>Performance fiable<\/li>\n<li>Excellent rapport qualit\u00e9-prix<\/li>\n<\/ul>","protected":false},"excerpt":{"rendered":"<p>Montre Connect\u00e9e Femme Homme, 2&Prime; Pouce HD avec Appel Bluetooth Smartwatch 100+ Sportifs,SpO2 Moniteur de Sommeil Cardiofr\u00e9quencem\u00e8tre -Or Rose &#8211; produit de qualit\u00e9 con\u00e7u pour un usage quotidien, offrant performance et fiabilit\u00e9.<\/p>","protected":false},"featured_media":78110,"comment_status":"open","ping_status":"closed","template":"","meta":[],"product_brand":[],"product_cat":[327],"product_tag":[328],"class_list":{"0":"post-78968","1":"product","2":"type-product","3":"status-publish","4":"has-post-thumbnail","6":"product_cat-montres","7":"product_tag-montre-connectee","9":"first","10":"instock","11":"shipping-taxable","12":"product-type-external"},"_links":{"self":[{"href":"https:\/\/joutia.shop\/en\/wp-json\/wp\/v2\/product\/78968","targetHints":{"allow":["GET"]}}],"collection":[{"href":"https:\/\/joutia.shop\/en\/wp-json\/wp\/v2\/product"}],"about":[{"href":"https:\/\/joutia.shop\/en\/wp-json\/wp\/v2\/types\/product"}],"replies":[{"embeddable":true,"href":"https:\/\/joutia.shop\/en\/wp-json\/wp\/v2\/comments?post=78968"}],"wp:featuredmedia":[{"embeddable":true,"href":"https:\/\/joutia.shop\/en\/wp-json\/wp\/v2\/media\/78110"}],"wp:attachment":[{"href":"https:\/\/joutia.shop\/en\/wp-json\/wp\/v2\/media?parent=78968"}],"wp:term":[{"taxonomy":"product_brand","embeddable":true,"href":"https:\/\/joutia.shop\/en\/wp-json\/wp\/v2\/product_brand?post=78968"},{"taxonomy":"product_cat","embeddable":true,"href":"https:\/\/joutia.shop\/en\/wp-json\/wp\/v2\/product_cat?post=78968"},{"taxonomy":"product_tag","embeddable":true,"href":"https:\/\/joutia.shop\/en\/wp-json\/wp\/v2\/product_tag?post=78968"}],"curies":[{"name":"wp","href":"https:\/\/api.w.org\/{rel}","templated":true}]}}