{"id":78965,"date":"2026-03-14T23:31:12","date_gmt":"2026-03-14T23:31:12","guid":{"rendered":"https:\/\/joutia.shop\/product\/apple-watch-series-11-gps-46-mm-montre-connectee-avec-boitier-obsidienne-et-bracelet-sport-noir-score-de-sommeil-moniteur-dactivite-suivi-de-la-sante-ecran-toujours-active-2\/"},"modified":"2026-03-14T23:31:12","modified_gmt":"2026-03-14T23:31:12","slug":"apple-watch-series-11-gps-46-mm-montre-connectee-avec-boitier-obsidienne-et-bracelet-sport-noir-score-de-sommeil-moniteur-dactivite-suivi-de-la-sante-ecran-toujours-active-2","status":"publish","type":"product","link":"https:\/\/joutia.shop\/en\/product\/apple-watch-series-11-gps-46-mm-montre-connectee-avec-boitier-obsidienne-et-bracelet-sport-noir-score-de-sommeil-moniteur-dactivite-suivi-de-la-sante-ecran-toujours-active-2\/","title":{"rendered":"Apple Watch Series 11 [GPS 46 mm] Montre connect\u00e9e avec bo\u00eetier Obsidienne et Bracelet Sport Noir. Score de Sommeil, Moniteur d\u2019activit\u00e9, Suivi de la sant\u00e9, \u00e9cran Toujours activ\u00e9"},"content":{"rendered":"<h2>HUAWEI Watch GT 4 Montre Connect\u00e9e Femme Jusqu&rsquo;\u00e0 14 Jours d&rsquo;autonomie &#8211; Compatible avec iOS et Android &#8211; Suivi de la fr\u00e9quence Cardiaque &#8211; Montre Sport, SpO2 et GPS &#8211; 41MM Argent Version FR<\/h2>\n<p>Le produit <strong>HUAWEI Watch GT 4 Montre Connect\u00e9e Femme Jusqu&rsquo;\u00e0 14 Jours d&rsquo;autonomie &#8211; Compatible avec iOS et Android &#8211; Suivi de la fr\u00e9quence Cardiaque &#8211; Montre Sport, SpO2 et GPS &#8211; 41MM Argent Version FR<\/strong> est con\u00e7u pour offrir performance, fiabilit\u00e9 et confort d&rsquo;utilisation.<\/p>\n<p>Ce produit est id\u00e9al pour une utilisation quotidienne et r\u00e9pond parfaitement aux besoins des utilisateurs recherchant qualit\u00e9 et efficacit\u00e9.<\/p>\n<h3>Caract\u00e9ristiques principales<\/h3>\n<ul>\n<li>Conception robuste et durable<\/li>\n<li>Utilisation simple et intuitive<\/li>\n<li>Performance fiable<\/li>\n<li>Excellent rapport qualit\u00e9-prix<\/li>\n<\/ul>","protected":false},"excerpt":{"rendered":"<p>HUAWEI Watch GT 4 Montre Connect\u00e9e Femme Jusqu&rsquo;\u00e0 14 Jours d&rsquo;autonomie &#8211; Compatible avec iOS et Android &#8211; Suivi de la fr\u00e9quence Cardiaque &#8211; Montre Sport, SpO2 et GPS &#8211; 41MM Argent Version FR &#8211; produit de qualit\u00e9 con\u00e7u pour un usage quotidien, offrant performance et fiabilit\u00e9.<\/p>","protected":false},"featured_media":77554,"comment_status":"open","ping_status":"closed","template":"","meta":[],"product_brand":[],"product_cat":[327],"product_tag":[328],"class_list":{"0":"post-78965","1":"product","2":"type-product","3":"status-publish","4":"has-post-thumbnail","6":"product_cat-montres","7":"product_tag-montre-connectee","9":"first","10":"instock","11":"shipping-taxable","12":"product-type-external"},"_links":{"self":[{"href":"https:\/\/joutia.shop\/en\/wp-json\/wp\/v2\/product\/78965","targetHints":{"allow":["GET"]}}],"collection":[{"href":"https:\/\/joutia.shop\/en\/wp-json\/wp\/v2\/product"}],"about":[{"href":"https:\/\/joutia.shop\/en\/wp-json\/wp\/v2\/types\/product"}],"replies":[{"embeddable":true,"href":"https:\/\/joutia.shop\/en\/wp-json\/wp\/v2\/comments?post=78965"}],"wp:featuredmedia":[{"embeddable":true,"href":"https:\/\/joutia.shop\/en\/wp-json\/wp\/v2\/media\/77554"}],"wp:attachment":[{"href":"https:\/\/joutia.shop\/en\/wp-json\/wp\/v2\/media?parent=78965"}],"wp:term":[{"taxonomy":"product_brand","embeddable":true,"href":"https:\/\/joutia.shop\/en\/wp-json\/wp\/v2\/product_brand?post=78965"},{"taxonomy":"product_cat","embeddable":true,"href":"https:\/\/joutia.shop\/en\/wp-json\/wp\/v2\/product_cat?post=78965"},{"taxonomy":"product_tag","embeddable":true,"href":"https:\/\/joutia.shop\/en\/wp-json\/wp\/v2\/product_tag?post=78965"}],"curies":[{"name":"wp","href":"https:\/\/api.w.org\/{rel}","templated":true}]}}