{"id":78961,"date":"2026-03-14T23:31:10","date_gmt":"2026-03-14T23:31:10","guid":{"rendered":"https:\/\/joutia.shop\/product\/montre-connectee-femme-sport-smartwatch-1-83-fitness-smart-watch-avec-appel-bluetooth-100-sport-mode-podometre-moniteur-de-sante-tension-arterielle-spo2-montres-intelligente-pour-andriod-et-ios-2\/"},"modified":"2026-03-14T23:31:10","modified_gmt":"2026-03-14T23:31:10","slug":"montre-connectee-femme-sport-smartwatch-1-83-fitness-smart-watch-avec-appel-bluetooth-100-sport-mode-podometre-moniteur-de-sante-tension-arterielle-spo2-montres-intelligente-pour-andriod-et-ios-2","status":"publish","type":"product","link":"https:\/\/joutia.shop\/en\/product\/montre-connectee-femme-sport-smartwatch-1-83-fitness-smart-watch-avec-appel-bluetooth-100-sport-mode-podometre-moniteur-de-sante-tension-arterielle-spo2-montres-intelligente-pour-andriod-et-ios-2\/","title":{"rendered":"Montre Connect\u00e9e Femme Sport Smartwatch: 1.83&Prime; Fitness Smart Watch avec Appel Bluetooth 100+ Sport Mode Podometre Moniteur de Sante Tension Arterielle SpO2 Montres Intelligente pour Andriod et iOS"},"content":{"rendered":"<h2>Apple Watch Series 10 (46 mm GPS + Cellular) Montre connect\u00e9e avec Bo\u00eetier en Titane Ardoise et Bracelet Milanais Ardoise (M\/L). Suivi de l\u2019activit\u00e9 Physique, app ECG, \u00e9cran Retina Toujours activ\u00e9<\/h2>\n<p>Le produit <strong>Apple Watch Series 10 (46 mm GPS + Cellular) Montre connect\u00e9e avec Bo\u00eetier en Titane Ardoise et Bracelet Milanais Ardoise (M\/L). Suivi de l\u2019activit\u00e9 Physique, app ECG, \u00e9cran Retina Toujours activ\u00e9<\/strong> est con\u00e7u pour offrir performance, fiabilit\u00e9 et confort d&rsquo;utilisation.<\/p>\n<p>Ce produit est id\u00e9al pour une utilisation quotidienne et r\u00e9pond parfaitement aux besoins des utilisateurs recherchant qualit\u00e9 et efficacit\u00e9.<\/p>\n<h3>Caract\u00e9ristiques principales<\/h3>\n<ul>\n<li>Conception robuste et durable<\/li>\n<li>Utilisation simple et intuitive<\/li>\n<li>Performance fiable<\/li>\n<li>Excellent rapport qualit\u00e9-prix<\/li>\n<\/ul>","protected":false},"excerpt":{"rendered":"<p>Apple Watch Series 10 (46 mm GPS + Cellular) Montre connect\u00e9e avec Bo\u00eetier en Titane Ardoise et Bracelet Milanais Ardoise (M\/L). Suivi de l\u2019activit\u00e9 Physique, app ECG, \u00e9cran Retina Toujours activ\u00e9 &#8211; produit de qualit\u00e9 con\u00e7u pour un usage quotidien, offrant performance et fiabilit\u00e9.<\/p>","protected":false},"featured_media":77714,"comment_status":"open","ping_status":"closed","template":"","meta":[],"product_brand":[],"product_cat":[327],"product_tag":[328],"class_list":{"0":"post-78961","1":"product","2":"type-product","3":"status-publish","4":"has-post-thumbnail","6":"product_cat-montres","7":"product_tag-montre-connectee","9":"first","10":"instock","11":"shipping-taxable","12":"product-type-external"},"_links":{"self":[{"href":"https:\/\/joutia.shop\/en\/wp-json\/wp\/v2\/product\/78961","targetHints":{"allow":["GET"]}}],"collection":[{"href":"https:\/\/joutia.shop\/en\/wp-json\/wp\/v2\/product"}],"about":[{"href":"https:\/\/joutia.shop\/en\/wp-json\/wp\/v2\/types\/product"}],"replies":[{"embeddable":true,"href":"https:\/\/joutia.shop\/en\/wp-json\/wp\/v2\/comments?post=78961"}],"wp:featuredmedia":[{"embeddable":true,"href":"https:\/\/joutia.shop\/en\/wp-json\/wp\/v2\/media\/77714"}],"wp:attachment":[{"href":"https:\/\/joutia.shop\/en\/wp-json\/wp\/v2\/media?parent=78961"}],"wp:term":[{"taxonomy":"product_brand","embeddable":true,"href":"https:\/\/joutia.shop\/en\/wp-json\/wp\/v2\/product_brand?post=78961"},{"taxonomy":"product_cat","embeddable":true,"href":"https:\/\/joutia.shop\/en\/wp-json\/wp\/v2\/product_cat?post=78961"},{"taxonomy":"product_tag","embeddable":true,"href":"https:\/\/joutia.shop\/en\/wp-json\/wp\/v2\/product_tag?post=78961"}],"curies":[{"name":"wp","href":"https:\/\/api.w.org\/{rel}","templated":true}]}}