{"id":78958,"date":"2026-03-14T23:31:10","date_gmt":"2026-03-14T23:31:10","guid":{"rendered":"https:\/\/joutia.shop\/product\/montre-connectee-homme-cadeau-saint-valentin-pour-homme1-45-hd-fitness-smartwatch-avec-appels-bluetooth114-sport-suivi-frequence-cardiaque-sommeil-podometre-etanche-ip68-pour-ios-android-2\/"},"modified":"2026-03-14T23:31:10","modified_gmt":"2026-03-14T23:31:10","slug":"montre-connectee-homme-cadeau-saint-valentin-pour-homme1-45-hd-fitness-smartwatch-avec-appels-bluetooth114-sport-suivi-frequence-cardiaque-sommeil-podometre-etanche-ip68-pour-ios-android-2","status":"publish","type":"product","link":"https:\/\/joutia.shop\/en\/product\/montre-connectee-homme-cadeau-saint-valentin-pour-homme1-45-hd-fitness-smartwatch-avec-appels-bluetooth114-sport-suivi-frequence-cardiaque-sommeil-podometre-etanche-ip68-pour-ios-android-2\/","title":{"rendered":"Montre Connect\u00e9e Homme, Cadeau Saint Valentin pour Homme,1.45&Prime; HD, Fitness Smartwatch avec Appels Bluetooth,114+ Sport, Suivi Fr\u00e9quence Cardiaque, Sommeil &#038; Podom\u00e8tre, \u00c9tanche IP68, pour ios Android"},"content":{"rendered":"<h2>Apple Watch Series 11 [GPS 46 mm] Montre connect\u00e9e avec bo\u00eetier Obsidienne et Bracelet Sport Noir. Score de Sommeil, Moniteur d\u2019activit\u00e9, Suivi de la sant\u00e9, \u00e9cran Toujours activ\u00e9<\/h2>\n<p>Le produit <strong>Apple Watch Series 11 [GPS 46 mm] Montre connect\u00e9e avec bo\u00eetier Obsidienne et Bracelet Sport Noir. Score de Sommeil, Moniteur d\u2019activit\u00e9, Suivi de la sant\u00e9, \u00e9cran Toujours activ\u00e9<\/strong> est con\u00e7u pour offrir performance, fiabilit\u00e9 et confort d&rsquo;utilisation.<\/p>\n<p>Ce produit est id\u00e9al pour une utilisation quotidienne et r\u00e9pond parfaitement aux besoins des utilisateurs recherchant qualit\u00e9 et efficacit\u00e9.<\/p>\n<h3>Caract\u00e9ristiques principales<\/h3>\n<ul>\n<li>Conception robuste et durable<\/li>\n<li>Utilisation simple et intuitive<\/li>\n<li>Performance fiable<\/li>\n<li>Excellent rapport qualit\u00e9-prix<\/li>\n<\/ul>\n","protected":false},"excerpt":{"rendered":"<p>Apple Watch Series 11 [GPS 46 mm] Montre connect\u00e9e avec bo\u00eetier Obsidienne et Bracelet Sport Noir. Score de Sommeil, Moniteur d\u2019activit\u00e9, Suivi de la sant\u00e9, \u00e9cran Toujours activ\u00e9 &#8211; produit de qualit\u00e9 con\u00e7u pour un usage quotidien, offrant performance et fiabilit\u00e9.<\/p>\n","protected":false},"featured_media":77811,"comment_status":"open","ping_status":"closed","template":"","meta":[],"product_brand":[],"product_cat":[327],"product_tag":[328],"class_list":{"0":"post-78958","1":"product","2":"type-product","3":"status-publish","4":"has-post-thumbnail","6":"product_cat-montres","7":"product_tag-montre-connectee","9":"first","10":"instock","11":"shipping-taxable","12":"product-type-external"},"_links":{"self":[{"href":"https:\/\/joutia.shop\/en\/wp-json\/wp\/v2\/product\/78958","targetHints":{"allow":["GET"]}}],"collection":[{"href":"https:\/\/joutia.shop\/en\/wp-json\/wp\/v2\/product"}],"about":[{"href":"https:\/\/joutia.shop\/en\/wp-json\/wp\/v2\/types\/product"}],"replies":[{"embeddable":true,"href":"https:\/\/joutia.shop\/en\/wp-json\/wp\/v2\/comments?post=78958"}],"wp:featuredmedia":[{"embeddable":true,"href":"https:\/\/joutia.shop\/en\/wp-json\/wp\/v2\/media\/77811"}],"wp:attachment":[{"href":"https:\/\/joutia.shop\/en\/wp-json\/wp\/v2\/media?parent=78958"}],"wp:term":[{"taxonomy":"product_brand","embeddable":true,"href":"https:\/\/joutia.shop\/en\/wp-json\/wp\/v2\/product_brand?post=78958"},{"taxonomy":"product_cat","embeddable":true,"href":"https:\/\/joutia.shop\/en\/wp-json\/wp\/v2\/product_cat?post=78958"},{"taxonomy":"product_tag","embeddable":true,"href":"https:\/\/joutia.shop\/en\/wp-json\/wp\/v2\/product_tag?post=78958"}],"curies":[{"name":"wp","href":"https:\/\/api.w.org\/{rel}","templated":true}]}}