{"id":78957,"date":"2026-03-14T23:31:10","date_gmt":"2026-03-14T23:31:10","guid":{"rendered":"https:\/\/joutia.shop\/product\/montre-connectee-homme-militaire-smartwatch-appels-bluetooth-torche-led-1-45-hd-batterie-960mah-frequence-cardiaque-sommeil-spo2120-modes-sportifs-etanche-ip68-2-sangles-android-ios-2\/"},"modified":"2026-03-14T23:31:10","modified_gmt":"2026-03-14T23:31:10","slug":"montre-connectee-homme-militaire-smartwatch-appels-bluetooth-torche-led-1-45-hd-batterie-960mah-frequence-cardiaque-sommeil-spo2120-modes-sportifs-etanche-ip68-2-sangles-android-ios-2","status":"publish","type":"product","link":"https:\/\/joutia.shop\/en\/product\/montre-connectee-homme-militaire-smartwatch-appels-bluetooth-torche-led-1-45-hd-batterie-960mah-frequence-cardiaque-sommeil-spo2120-modes-sportifs-etanche-ip68-2-sangles-android-ios-2\/","title":{"rendered":"Montre Connect\u00e9e Homme, Militaire Smartwatch Appels Bluetooth, Torche LED, 1.45\u00a0\u00bb HD, Batterie 960mAh, Fr\u00e9quence Cardiaque, Sommeil, SpO2,120+ Modes Sportifs, \u00c9tanche IP68, 2 Sangles, Android iOS"},"content":{"rendered":"<h2>Apple Watch Series 7 (GPS + Cellular, 45mm) Montre connect\u00e9e &#8211; Bo\u00eetier en Acier Inoxydable Graphite, Bracelet Milanais Graphite. Suivi de l\u2019activit\u00e9 Physique, r\u00e9sistance \u00e0 l\u2019Eau<\/h2>\n<p>Le produit <strong>Apple Watch Series 7 (GPS + Cellular, 45mm) Montre connect\u00e9e &#8211; Bo\u00eetier en Acier Inoxydable Graphite, Bracelet Milanais Graphite. Suivi de l\u2019activit\u00e9 Physique, r\u00e9sistance \u00e0 l\u2019Eau<\/strong> est con\u00e7u pour offrir performance, fiabilit\u00e9 et confort d&rsquo;utilisation.<\/p>\n<p>Ce produit est id\u00e9al pour une utilisation quotidienne et r\u00e9pond parfaitement aux besoins des utilisateurs recherchant qualit\u00e9 et efficacit\u00e9.<\/p>\n<h3>Caract\u00e9ristiques principales<\/h3>\n<ul>\n<li>Conception robuste et durable<\/li>\n<li>Utilisation simple et intuitive<\/li>\n<li>Performance fiable<\/li>\n<li>Excellent rapport qualit\u00e9-prix<\/li>\n<\/ul>","protected":false},"excerpt":{"rendered":"<p>Apple Watch Series 7 (GPS + Cellular, 45mm) Montre connect\u00e9e &#8211; Bo\u00eetier en Acier Inoxydable Graphite, Bracelet Milanais Graphite. Suivi de l\u2019activit\u00e9 Physique, r\u00e9sistance \u00e0 l\u2019Eau &#8211; produit de qualit\u00e9 con\u00e7u pour un usage quotidien, offrant performance et fiabilit\u00e9.<\/p>","protected":false},"featured_media":78024,"comment_status":"open","ping_status":"closed","template":"","meta":[],"product_brand":[],"product_cat":[327],"product_tag":[328],"class_list":{"0":"post-78957","1":"product","2":"type-product","3":"status-publish","4":"has-post-thumbnail","6":"product_cat-montres","7":"product_tag-montre-connectee","9":"first","10":"instock","11":"shipping-taxable","12":"product-type-external"},"_links":{"self":[{"href":"https:\/\/joutia.shop\/en\/wp-json\/wp\/v2\/product\/78957","targetHints":{"allow":["GET"]}}],"collection":[{"href":"https:\/\/joutia.shop\/en\/wp-json\/wp\/v2\/product"}],"about":[{"href":"https:\/\/joutia.shop\/en\/wp-json\/wp\/v2\/types\/product"}],"replies":[{"embeddable":true,"href":"https:\/\/joutia.shop\/en\/wp-json\/wp\/v2\/comments?post=78957"}],"wp:featuredmedia":[{"embeddable":true,"href":"https:\/\/joutia.shop\/en\/wp-json\/wp\/v2\/media\/78024"}],"wp:attachment":[{"href":"https:\/\/joutia.shop\/en\/wp-json\/wp\/v2\/media?parent=78957"}],"wp:term":[{"taxonomy":"product_brand","embeddable":true,"href":"https:\/\/joutia.shop\/en\/wp-json\/wp\/v2\/product_brand?post=78957"},{"taxonomy":"product_cat","embeddable":true,"href":"https:\/\/joutia.shop\/en\/wp-json\/wp\/v2\/product_cat?post=78957"},{"taxonomy":"product_tag","embeddable":true,"href":"https:\/\/joutia.shop\/en\/wp-json\/wp\/v2\/product_tag?post=78957"}],"curies":[{"name":"wp","href":"https:\/\/api.w.org\/{rel}","templated":true}]}}