{"id":78951,"date":"2026-03-14T23:31:09","date_gmt":"2026-03-14T23:31:09","guid":{"rendered":"https:\/\/joutia.shop\/product\/enomir-montre-connectee-femme-smart-watch-185-amoled-avec-appels-bluetooth-110-modes-sport-fitness-sommeil-cardiofrequencemetre-spo2-podometre-10-jours-3-atm-natation-ios-android-montre-2\/"},"modified":"2026-03-14T23:31:09","modified_gmt":"2026-03-14T23:31:09","slug":"enomir-montre-connectee-femme-smart-watch-185-amoled-avec-appels-bluetooth-110-modes-sport-fitness-sommeil-cardiofrequencemetre-spo2-podometre-10-jours-3-atm-natation-ios-android-montre-2","status":"publish","type":"product","link":"https:\/\/joutia.shop\/en\/product\/enomir-montre-connectee-femme-smart-watch-185-amoled-avec-appels-bluetooth-110-modes-sport-fitness-sommeil-cardiofrequencemetre-spo2-podometre-10-jours-3-atm-natation-ios-android-montre-2\/","title":{"rendered":"ENOMIR Montre Connect\u00e9e Femme Smart Watch 1,85&Prime; AMOLED avec Appels Bluetooth, 110+ Modes Sport Fitness, Sommeil, Cardiofr\u00e9quencem\u00e8tre, SpO2, Podom\u00e8tre, 10 Jours, 3 ATM Natation, iOS\/Android, Montre"},"content":{"rendered":"<h2>imoo Z3 Montre Connect\u00e9e Enfants, IP68 \u00c9tanche Montre Telephone Enfant avec Appels, Appels Vid\u00e9o, Chat Vocal, Wi-FI, GPS, SOS, Mode \u00c9cole, Podom\u00e8tre,4G Montre Intelligente Enfant (Bleu)<\/h2>\n<p>Le produit <strong>imoo Z3 Montre Connect\u00e9e Enfants, IP68 \u00c9tanche Montre Telephone Enfant avec Appels, Appels Vid\u00e9o, Chat Vocal, Wi-FI, GPS, SOS, Mode \u00c9cole, Podom\u00e8tre,4G Montre Intelligente Enfant (Bleu)<\/strong> est con\u00e7u pour offrir performance, fiabilit\u00e9 et confort d&rsquo;utilisation.<\/p>\n<p>Ce produit est id\u00e9al pour une utilisation quotidienne et r\u00e9pond parfaitement aux besoins des utilisateurs recherchant qualit\u00e9 et efficacit\u00e9.<\/p>\n<h3>Caract\u00e9ristiques principales<\/h3>\n<ul>\n<li>Conception robuste et durable<\/li>\n<li>Utilisation simple et intuitive<\/li>\n<li>Performance fiable<\/li>\n<li>Excellent rapport qualit\u00e9-prix<\/li>\n<\/ul>","protected":false},"excerpt":{"rendered":"<p>imoo Z3 Montre Connect\u00e9e Enfants, IP68 \u00c9tanche Montre Telephone Enfant avec Appels, Appels Vid\u00e9o, Chat Vocal, Wi-FI, GPS, SOS, Mode \u00c9cole, Podom\u00e8tre,4G Montre Intelligente Enfant (Bleu) &#8211; produit de qualit\u00e9 con\u00e7u pour un usage quotidien, offrant performance et fiabilit\u00e9.<\/p>","protected":false},"featured_media":77766,"comment_status":"open","ping_status":"closed","template":"","meta":[],"product_brand":[],"product_cat":[327],"product_tag":[328],"class_list":{"0":"post-78951","1":"product","2":"type-product","3":"status-publish","4":"has-post-thumbnail","6":"product_cat-montres","7":"product_tag-montre-connectee","9":"first","10":"instock","11":"shipping-taxable","12":"product-type-external"},"_links":{"self":[{"href":"https:\/\/joutia.shop\/en\/wp-json\/wp\/v2\/product\/78951","targetHints":{"allow":["GET"]}}],"collection":[{"href":"https:\/\/joutia.shop\/en\/wp-json\/wp\/v2\/product"}],"about":[{"href":"https:\/\/joutia.shop\/en\/wp-json\/wp\/v2\/types\/product"}],"replies":[{"embeddable":true,"href":"https:\/\/joutia.shop\/en\/wp-json\/wp\/v2\/comments?post=78951"}],"wp:featuredmedia":[{"embeddable":true,"href":"https:\/\/joutia.shop\/en\/wp-json\/wp\/v2\/media\/77766"}],"wp:attachment":[{"href":"https:\/\/joutia.shop\/en\/wp-json\/wp\/v2\/media?parent=78951"}],"wp:term":[{"taxonomy":"product_brand","embeddable":true,"href":"https:\/\/joutia.shop\/en\/wp-json\/wp\/v2\/product_brand?post=78951"},{"taxonomy":"product_cat","embeddable":true,"href":"https:\/\/joutia.shop\/en\/wp-json\/wp\/v2\/product_cat?post=78951"},{"taxonomy":"product_tag","embeddable":true,"href":"https:\/\/joutia.shop\/en\/wp-json\/wp\/v2\/product_tag?post=78951"}],"curies":[{"name":"wp","href":"https:\/\/api.w.org\/{rel}","templated":true}]}}