{"id":78935,"date":"2026-03-14T23:31:06","date_gmt":"2026-03-14T23:31:06","guid":{"rendered":"https:\/\/joutia.shop\/product\/blackview-montre-connectee-homme-14k-or-luxe-avec-ia-chatgpt-ecran-amoled-hd-1-43-gps-integre-lampe-de-poche-boussole-appels-bluetooth-surveillance-sante-100-modes-sport-pour-android-et-ios-2\/"},"modified":"2026-03-14T23:31:07","modified_gmt":"2026-03-14T23:31:07","slug":"blackview-montre-connectee-homme-14k-or-luxe-avec-ia-chatgpt-ecran-amoled-hd-1-43-gps-integre-lampe-de-poche-boussole-appels-bluetooth-surveillance-sante-100-modes-sport-pour-android-et-ios-2","status":"publish","type":"product","link":"https:\/\/joutia.shop\/en\/product\/blackview-montre-connectee-homme-14k-or-luxe-avec-ia-chatgpt-ecran-amoled-hd-1-43-gps-integre-lampe-de-poche-boussole-appels-bluetooth-surveillance-sante-100-modes-sport-pour-android-et-ios-2\/","title":{"rendered":"Blackview Montre Connect\u00e9e Homme 14K Or Luxe avec IA ChatGPT, \u00c9cran AMOLED HD 1.43&Prime;, GPS Int\u00e9gr\u00e9, Lampe de Poche, Boussole, Appels Bluetooth, Surveillance Sant\u00e9, 100+ Modes Sport, pour Android et iOS"},"content":{"rendered":"<h2>CASCHO Montre Connect\u00e9e Femme Homme, 1.85&Prime; HD Smartwatch, 115+ Modes, Sport Tracker avec t\u00e9l\u00e9phonie Bluetooth,Montre Podom\u00e8tre \u00e9tanche IP68, Veille jusqu&rsquo;\u00e0 30 Jours, iOS\/Android &#8211; Rose Rose<\/h2>\n<p>Le produit <strong>CASCHO Montre Connect\u00e9e Femme Homme, 1.85&Prime; HD Smartwatch, 115+ Modes, Sport Tracker avec t\u00e9l\u00e9phonie Bluetooth,Montre Podom\u00e8tre \u00e9tanche IP68, Veille jusqu&rsquo;\u00e0 30 Jours, iOS\/Android &#8211; Rose Rose<\/strong> est con\u00e7u pour offrir performance, fiabilit\u00e9 et confort d&rsquo;utilisation.<\/p>\n<p>Ce produit est id\u00e9al pour une utilisation quotidienne et r\u00e9pond parfaitement aux besoins des utilisateurs recherchant qualit\u00e9 et efficacit\u00e9.<\/p>\n<h3>Caract\u00e9ristiques principales<\/h3>\n<ul>\n<li>Conception robuste et durable<\/li>\n<li>Utilisation simple et intuitive<\/li>\n<li>Performance fiable<\/li>\n<li>Excellent rapport qualit\u00e9-prix<\/li>\n<\/ul>","protected":false},"excerpt":{"rendered":"<p>CASCHO Montre Connect\u00e9e Femme Homme, 1.85&Prime; HD Smartwatch, 115+ Modes, Sport Tracker avec t\u00e9l\u00e9phonie Bluetooth,Montre Podom\u00e8tre \u00e9tanche IP68, Veille jusqu&rsquo;\u00e0 30 Jours, iOS\/Android &#8211; Rose Rose &#8211; produit de qualit\u00e9 con\u00e7u pour un usage quotidien, offrant performance et fiabilit\u00e9.<\/p>","protected":false},"featured_media":77331,"comment_status":"open","ping_status":"closed","template":"","meta":[],"product_brand":[],"product_cat":[327],"product_tag":[328],"class_list":{"0":"post-78935","1":"product","2":"type-product","3":"status-publish","4":"has-post-thumbnail","6":"product_cat-montres","7":"product_tag-montre-connectee","9":"first","10":"instock","11":"shipping-taxable","12":"product-type-external"},"_links":{"self":[{"href":"https:\/\/joutia.shop\/en\/wp-json\/wp\/v2\/product\/78935","targetHints":{"allow":["GET"]}}],"collection":[{"href":"https:\/\/joutia.shop\/en\/wp-json\/wp\/v2\/product"}],"about":[{"href":"https:\/\/joutia.shop\/en\/wp-json\/wp\/v2\/types\/product"}],"replies":[{"embeddable":true,"href":"https:\/\/joutia.shop\/en\/wp-json\/wp\/v2\/comments?post=78935"}],"wp:featuredmedia":[{"embeddable":true,"href":"https:\/\/joutia.shop\/en\/wp-json\/wp\/v2\/media\/77331"}],"wp:attachment":[{"href":"https:\/\/joutia.shop\/en\/wp-json\/wp\/v2\/media?parent=78935"}],"wp:term":[{"taxonomy":"product_brand","embeddable":true,"href":"https:\/\/joutia.shop\/en\/wp-json\/wp\/v2\/product_brand?post=78935"},{"taxonomy":"product_cat","embeddable":true,"href":"https:\/\/joutia.shop\/en\/wp-json\/wp\/v2\/product_cat?post=78935"},{"taxonomy":"product_tag","embeddable":true,"href":"https:\/\/joutia.shop\/en\/wp-json\/wp\/v2\/product_tag?post=78935"}],"curies":[{"name":"wp","href":"https:\/\/api.w.org\/{rel}","templated":true}]}}