{"id":78763,"date":"2026-03-14T23:30:37","date_gmt":"2026-03-14T23:30:37","guid":{"rendered":"https:\/\/joutia.shop\/product\/the-vendetta-defense-a-riveting-legal-thriller-where-a-gutsy-lawyer-risks-her-life-to-win-justice-rosato-associates-book-6-english-edition-2\/"},"modified":"2026-03-14T23:30:37","modified_gmt":"2026-03-14T23:30:37","slug":"the-vendetta-defense-a-riveting-legal-thriller-where-a-gutsy-lawyer-risks-her-life-to-win-justice-rosato-associates-book-6-english-edition-2","status":"publish","type":"product","link":"https:\/\/joutia.shop\/en\/product\/the-vendetta-defense-a-riveting-legal-thriller-where-a-gutsy-lawyer-risks-her-life-to-win-justice-rosato-associates-book-6-english-edition-2\/","title":{"rendered":"The Vendetta Defense: A Riveting Legal Thriller Where a Gutsy Lawyer Risks Her Life to Win Justice (Rosato &#038; Associates Book 6) (English Edition)"},"content":{"rendered":"<h2>Ensemble complet de la s\u00e9rie Myron Bolitar de Harlan Coben (livres 1 \u00e0 10) : Deal Breaker, Drop Shot, Fade Away, Back Spin, One False Move, le dernier d\u00e9tail, Darkest Fear, Promise Me, Long Lost et L<\/h2>\n<p>Le produit <strong>Ensemble complet de la s\u00e9rie Myron Bolitar de Harlan Coben (livres 1 \u00e0 10) : Deal Breaker, Drop Shot, Fade Away, Back Spin, One False Move, le dernier d\u00e9tail, Darkest Fear, Promise Me, Long Lost et L<\/strong> est con\u00e7u pour offrir performance, fiabilit\u00e9 et confort d&rsquo;utilisation.<\/p>\n<p>Ce produit est id\u00e9al pour une utilisation quotidienne et r\u00e9pond parfaitement aux besoins des utilisateurs recherchant qualit\u00e9 et efficacit\u00e9.<\/p>\n<h3>Caract\u00e9ristiques principales<\/h3>\n<ul>\n<li>Conception robuste et durable<\/li>\n<li>Utilisation simple et intuitive<\/li>\n<li>Performance fiable<\/li>\n<li>Excellent rapport qualit\u00e9-prix<\/li>\n<\/ul>","protected":false},"excerpt":{"rendered":"<p>Ensemble complet de la s\u00e9rie Myron Bolitar de Harlan Coben (livres 1 \u00e0 10) : Deal Breaker, Drop Shot, Fade Away, Back Spin, One False Move, le dernier d\u00e9tail, Darkest Fear, Promise Me, Long Lost et L &#8211; produit de qualit\u00e9 con\u00e7u pour un usage quotidien, offrant performance et fiabilit\u00e9.<\/p>","protected":false},"featured_media":78027,"comment_status":"open","ping_status":"closed","template":"","meta":[],"product_brand":[],"product_cat":[320],"product_tag":[321],"class_list":{"0":"post-78763","1":"product","2":"type-product","3":"status-publish","4":"has-post-thumbnail","6":"product_cat-livres","7":"product_tag-livre","9":"first","10":"instock","11":"shipping-taxable","12":"product-type-external"},"_links":{"self":[{"href":"https:\/\/joutia.shop\/en\/wp-json\/wp\/v2\/product\/78763","targetHints":{"allow":["GET"]}}],"collection":[{"href":"https:\/\/joutia.shop\/en\/wp-json\/wp\/v2\/product"}],"about":[{"href":"https:\/\/joutia.shop\/en\/wp-json\/wp\/v2\/types\/product"}],"replies":[{"embeddable":true,"href":"https:\/\/joutia.shop\/en\/wp-json\/wp\/v2\/comments?post=78763"}],"wp:featuredmedia":[{"embeddable":true,"href":"https:\/\/joutia.shop\/en\/wp-json\/wp\/v2\/media\/78027"}],"wp:attachment":[{"href":"https:\/\/joutia.shop\/en\/wp-json\/wp\/v2\/media?parent=78763"}],"wp:term":[{"taxonomy":"product_brand","embeddable":true,"href":"https:\/\/joutia.shop\/en\/wp-json\/wp\/v2\/product_brand?post=78763"},{"taxonomy":"product_cat","embeddable":true,"href":"https:\/\/joutia.shop\/en\/wp-json\/wp\/v2\/product_cat?post=78763"},{"taxonomy":"product_tag","embeddable":true,"href":"https:\/\/joutia.shop\/en\/wp-json\/wp\/v2\/product_tag?post=78763"}],"curies":[{"name":"wp","href":"https:\/\/api.w.org\/{rel}","templated":true}]}}