{"id":78759,"date":"2026-03-14T23:30:36","date_gmt":"2026-03-14T23:30:36","guid":{"rendered":"https:\/\/joutia.shop\/product\/les-derniers-ados-sur-terre-un-roman-illustre-daventure-et-de-zombies-livre-pour-garcon-et-fille-de-12-a-17-ans-2\/"},"modified":"2026-03-14T23:30:36","modified_gmt":"2026-03-14T23:30:36","slug":"les-derniers-ados-sur-terre-un-roman-illustre-daventure-et-de-zombies-livre-pour-garcon-et-fille-de-12-a-17-ans-2","status":"publish","type":"product","link":"https:\/\/joutia.shop\/en\/product\/les-derniers-ados-sur-terre-un-roman-illustre-daventure-et-de-zombies-livre-pour-garcon-et-fille-de-12-a-17-ans-2\/","title":{"rendered":"LES DERNIERS ADOS SUR TERRE: Un Roman Illustr\u00e9 d&rsquo;Aventure et de Zombies ! Livre pour Gar\u00e7on et Fille de 12 \u00e0 17 ans"},"content":{"rendered":"<h2>CHENILLE QUI FAIT DES TROUS CARTONNE GRD FORMAT<\/h2>\n<p>Le produit <strong>CHENILLE QUI FAIT DES TROUS CARTONNE GRD FORMAT<\/strong> est con\u00e7u pour offrir performance, fiabilit\u00e9 et confort d&rsquo;utilisation.<\/p>\n<p>Ce produit est id\u00e9al pour une utilisation quotidienne et r\u00e9pond parfaitement aux besoins des utilisateurs recherchant qualit\u00e9 et efficacit\u00e9.<\/p>\n<h3>Caract\u00e9ristiques principales<\/h3>\n<ul>\n<li>Conception robuste et durable<\/li>\n<li>Utilisation simple et intuitive<\/li>\n<li>Performance fiable<\/li>\n<li>Excellent rapport qualit\u00e9-prix<\/li>\n<\/ul>","protected":false},"excerpt":{"rendered":"<p>CHENILLE QUI FAIT DES TROUS CARTONNE GRD FORMAT &#8211; produit de qualit\u00e9 con\u00e7u pour un usage quotidien, offrant performance et fiabilit\u00e9.<\/p>","protected":false},"featured_media":77755,"comment_status":"open","ping_status":"closed","template":"","meta":[],"product_brand":[],"product_cat":[320],"product_tag":[321],"class_list":{"0":"post-78759","1":"product","2":"type-product","3":"status-publish","4":"has-post-thumbnail","6":"product_cat-livres","7":"product_tag-livre","9":"first","10":"instock","11":"shipping-taxable","12":"product-type-external"},"_links":{"self":[{"href":"https:\/\/joutia.shop\/en\/wp-json\/wp\/v2\/product\/78759","targetHints":{"allow":["GET"]}}],"collection":[{"href":"https:\/\/joutia.shop\/en\/wp-json\/wp\/v2\/product"}],"about":[{"href":"https:\/\/joutia.shop\/en\/wp-json\/wp\/v2\/types\/product"}],"replies":[{"embeddable":true,"href":"https:\/\/joutia.shop\/en\/wp-json\/wp\/v2\/comments?post=78759"}],"wp:featuredmedia":[{"embeddable":true,"href":"https:\/\/joutia.shop\/en\/wp-json\/wp\/v2\/media\/77755"}],"wp:attachment":[{"href":"https:\/\/joutia.shop\/en\/wp-json\/wp\/v2\/media?parent=78759"}],"wp:term":[{"taxonomy":"product_brand","embeddable":true,"href":"https:\/\/joutia.shop\/en\/wp-json\/wp\/v2\/product_brand?post=78759"},{"taxonomy":"product_cat","embeddable":true,"href":"https:\/\/joutia.shop\/en\/wp-json\/wp\/v2\/product_cat?post=78759"},{"taxonomy":"product_tag","embeddable":true,"href":"https:\/\/joutia.shop\/en\/wp-json\/wp\/v2\/product_tag?post=78759"}],"curies":[{"name":"wp","href":"https:\/\/api.w.org\/{rel}","templated":true}]}}