{"id":78751,"date":"2026-03-14T23:30:34","date_gmt":"2026-03-14T23:30:34","guid":{"rendered":"https:\/\/joutia.shop\/product\/raconte-moi-ta-vie-mamie-ta-vie-ton-histoire-et-tes-souvenirs-livre-souvenir-a-remplir-pour-laisser-un-heritage-a-sa-famille-livre-dor-cadeau-original-a-offrir-2\/"},"modified":"2026-03-14T23:30:34","modified_gmt":"2026-03-14T23:30:34","slug":"raconte-moi-ta-vie-mamie-ta-vie-ton-histoire-et-tes-souvenirs-livre-souvenir-a-remplir-pour-laisser-un-heritage-a-sa-famille-livre-dor-cadeau-original-a-offrir-2","status":"publish","type":"product","link":"https:\/\/joutia.shop\/en\/product\/raconte-moi-ta-vie-mamie-ta-vie-ton-histoire-et-tes-souvenirs-livre-souvenir-a-remplir-pour-laisser-un-heritage-a-sa-famille-livre-dor-cadeau-original-a-offrir-2\/","title":{"rendered":"Raconte moi ta vie Mamie: Ta vie, ton histoire et tes souvenirs &#8211; Livre souvenir \u00e0 remplir pour laisser un h\u00e9ritage \u00e0 sa famille &#8211; Livre d&rsquo;or &#8211; Cadeau Original \u00e0 Offrir"},"content":{"rendered":"<h2>Les Fables de La Fontaine: Texte int\u00e9gral &#8211; Livres I &#8211; XII (Annot\u00e9 d&rsquo;une biographie)<\/h2>\n<p>Le produit <strong>Les Fables de La Fontaine: Texte int\u00e9gral &#8211; Livres I &#8211; XII (Annot\u00e9 d&rsquo;une biographie)<\/strong> est con\u00e7u pour offrir performance, fiabilit\u00e9 et confort d&rsquo;utilisation.<\/p>\n<p>Ce produit est id\u00e9al pour une utilisation quotidienne et r\u00e9pond parfaitement aux besoins des utilisateurs recherchant qualit\u00e9 et efficacit\u00e9.<\/p>\n<h3>Caract\u00e9ristiques principales<\/h3>\n<ul>\n<li>Conception robuste et durable<\/li>\n<li>Utilisation simple et intuitive<\/li>\n<li>Performance fiable<\/li>\n<li>Excellent rapport qualit\u00e9-prix<\/li>\n<\/ul>","protected":false},"excerpt":{"rendered":"<p>Les Fables de La Fontaine: Texte int\u00e9gral &#8211; Livres I &#8211; XII (Annot\u00e9 d&rsquo;une biographie) &#8211; produit de qualit\u00e9 con\u00e7u pour un usage quotidien, offrant performance et fiabilit\u00e9.<\/p>","protected":false},"featured_media":77799,"comment_status":"open","ping_status":"closed","template":"","meta":[],"product_brand":[],"product_cat":[320],"product_tag":[321],"class_list":{"0":"post-78751","1":"product","2":"type-product","3":"status-publish","4":"has-post-thumbnail","6":"product_cat-livres","7":"product_tag-livre","9":"first","10":"instock","11":"shipping-taxable","12":"product-type-external"},"_links":{"self":[{"href":"https:\/\/joutia.shop\/en\/wp-json\/wp\/v2\/product\/78751","targetHints":{"allow":["GET"]}}],"collection":[{"href":"https:\/\/joutia.shop\/en\/wp-json\/wp\/v2\/product"}],"about":[{"href":"https:\/\/joutia.shop\/en\/wp-json\/wp\/v2\/types\/product"}],"replies":[{"embeddable":true,"href":"https:\/\/joutia.shop\/en\/wp-json\/wp\/v2\/comments?post=78751"}],"wp:featuredmedia":[{"embeddable":true,"href":"https:\/\/joutia.shop\/en\/wp-json\/wp\/v2\/media\/77799"}],"wp:attachment":[{"href":"https:\/\/joutia.shop\/en\/wp-json\/wp\/v2\/media?parent=78751"}],"wp:term":[{"taxonomy":"product_brand","embeddable":true,"href":"https:\/\/joutia.shop\/en\/wp-json\/wp\/v2\/product_brand?post=78751"},{"taxonomy":"product_cat","embeddable":true,"href":"https:\/\/joutia.shop\/en\/wp-json\/wp\/v2\/product_cat?post=78751"},{"taxonomy":"product_tag","embeddable":true,"href":"https:\/\/joutia.shop\/en\/wp-json\/wp\/v2\/product_tag?post=78751"}],"curies":[{"name":"wp","href":"https:\/\/api.w.org\/{rel}","templated":true}]}}