{"id":78711,"date":"2026-03-14T23:30:27","date_gmt":"2026-03-14T23:30:27","guid":{"rendered":"https:\/\/joutia.shop\/product\/r36tmax-console-de-jeu-retro-ecran-ips-de-40-console-de-jeu-portable-retro-avec-plus-de-18-000-jeux-classiques-prend-en-charge-les-combats-en-reseau-wifi-et-otg-batterie-de-4000-mah-avec-etui-2\/"},"modified":"2026-03-14T23:30:27","modified_gmt":"2026-03-14T23:30:27","slug":"r36tmax-console-de-jeu-retro-ecran-ips-de-40-console-de-jeu-portable-retro-avec-plus-de-18-000-jeux-classiques-prend-en-charge-les-combats-en-reseau-wifi-et-otg-batterie-de-4000-mah-avec-etui-2","status":"publish","type":"product","link":"https:\/\/joutia.shop\/en\/product\/r36tmax-console-de-jeu-retro-ecran-ips-de-40-console-de-jeu-portable-retro-avec-plus-de-18-000-jeux-classiques-prend-en-charge-les-combats-en-reseau-wifi-et-otg-batterie-de-4000-mah-avec-etui-2\/","title":{"rendered":"R36TMAX Console de jeu r\u00e9tro, \u00e9cran IPS de 4,0&Prime;, console de jeu portable r\u00e9tro avec plus de 18 000 jeux classiques, prend en charge les combats en r\u00e9seau WiFi et OTG, batterie de 4000 mAh, avec \u00e9tui"},"content":{"rendered":"<h2>Console de jeu portable Miyoo Mini Plus avec \u00e9tui de rangement, 3,5 pouces r\u00e9tro vid\u00e9o rechargeable, \u00e9mulato, carte TF 64 Go int\u00e9gr\u00e9e et plus de 10 000 jeux.<\/h2>\n<p>Le produit <strong>Console de jeu portable Miyoo Mini Plus avec \u00e9tui de rangement, 3,5 pouces r\u00e9tro vid\u00e9o rechargeable, \u00e9mulato, carte TF 64 Go int\u00e9gr\u00e9e et plus de 10 000 jeux.<\/strong> est con\u00e7u pour offrir performance, fiabilit\u00e9 et confort d&rsquo;utilisation.<\/p>\n<p>Ce produit est id\u00e9al pour une utilisation quotidienne et r\u00e9pond parfaitement aux besoins des utilisateurs recherchant qualit\u00e9 et efficacit\u00e9.<\/p>\n<h3>Caract\u00e9ristiques principales<\/h3>\n<ul>\n<li>Conception robuste et durable<\/li>\n<li>Utilisation simple et intuitive<\/li>\n<li>Performance fiable<\/li>\n<li>Excellent rapport qualit\u00e9-prix<\/li>\n<\/ul>","protected":false},"excerpt":{"rendered":"<p>Console de jeu portable Miyoo Mini Plus avec \u00e9tui de rangement, 3,5 pouces r\u00e9tro vid\u00e9o rechargeable, \u00e9mulato, carte TF 64 Go int\u00e9gr\u00e9e et plus de 10 000 jeux. &#8211; produit de qualit\u00e9 con\u00e7u pour un usage quotidien, offrant performance et fiabilit\u00e9.<\/p>","protected":false},"featured_media":77610,"comment_status":"open","ping_status":"closed","template":"","meta":[],"product_brand":[],"product_cat":[318],"product_tag":[319],"class_list":{"0":"post-78711","1":"product","2":"type-product","3":"status-publish","4":"has-post-thumbnail","6":"product_cat-jeux-video","7":"product_tag-console-jeux","9":"first","10":"instock","11":"shipping-taxable","12":"product-type-external"},"_links":{"self":[{"href":"https:\/\/joutia.shop\/en\/wp-json\/wp\/v2\/product\/78711","targetHints":{"allow":["GET"]}}],"collection":[{"href":"https:\/\/joutia.shop\/en\/wp-json\/wp\/v2\/product"}],"about":[{"href":"https:\/\/joutia.shop\/en\/wp-json\/wp\/v2\/types\/product"}],"replies":[{"embeddable":true,"href":"https:\/\/joutia.shop\/en\/wp-json\/wp\/v2\/comments?post=78711"}],"wp:featuredmedia":[{"embeddable":true,"href":"https:\/\/joutia.shop\/en\/wp-json\/wp\/v2\/media\/77610"}],"wp:attachment":[{"href":"https:\/\/joutia.shop\/en\/wp-json\/wp\/v2\/media?parent=78711"}],"wp:term":[{"taxonomy":"product_brand","embeddable":true,"href":"https:\/\/joutia.shop\/en\/wp-json\/wp\/v2\/product_brand?post=78711"},{"taxonomy":"product_cat","embeddable":true,"href":"https:\/\/joutia.shop\/en\/wp-json\/wp\/v2\/product_cat?post=78711"},{"taxonomy":"product_tag","embeddable":true,"href":"https:\/\/joutia.shop\/en\/wp-json\/wp\/v2\/product_tag?post=78711"}],"curies":[{"name":"wp","href":"https:\/\/api.w.org\/{rel}","templated":true}]}}