{"id":78702,"date":"2026-03-14T23:30:26","date_gmt":"2026-03-14T23:30:26","guid":{"rendered":"https:\/\/joutia.shop\/product\/console-de-jeu-portable-pour-enfants-avec-216-jeux-video-classiques-ecran-de-32-rechargeable-systeme-de-jeu-retro-plug-and-play-jeux-darcade-portables-pour-garcons-et-filles-de-4-a-12-2\/"},"modified":"2026-03-14T23:30:26","modified_gmt":"2026-03-14T23:30:26","slug":"console-de-jeu-portable-pour-enfants-avec-216-jeux-video-classiques-ecran-de-32-rechargeable-systeme-de-jeu-retro-plug-and-play-jeux-darcade-portables-pour-garcons-et-filles-de-4-a-12-2","status":"publish","type":"product","link":"https:\/\/joutia.shop\/en\/product\/console-de-jeu-portable-pour-enfants-avec-216-jeux-video-classiques-ecran-de-32-rechargeable-systeme-de-jeu-retro-plug-and-play-jeux-darcade-portables-pour-garcons-et-filles-de-4-a-12-2\/","title":{"rendered":"Console de jeu portable pour enfants avec 216 jeux vid\u00e9o classiques, \u00e9cran de 3,2&Prime;, rechargeable, syst\u00e8me de jeu r\u00e9tro Plug and Play, jeux d&rsquo;arcade portables pour gar\u00e7ons et filles de 4 \u00e0 12"},"content":{"rendered":"<h2>R36MAX Console de jeu portable r\u00e9tro, \u00e9cran IPS HD de 4&Prime;, 64 Go int\u00e9gr\u00e9, plus de 18 000 jeux classiques, console de jeu r\u00e9tro portable avec syst\u00e8me Linux open source et batterie de 4000 mAh (noir, 63<\/h2>\n<p>Le produit <strong>R36MAX Console de jeu portable r\u00e9tro, \u00e9cran IPS HD de 4&Prime;, 64 Go int\u00e9gr\u00e9, plus de 18 000 jeux classiques, console de jeu r\u00e9tro portable avec syst\u00e8me Linux open source et batterie de 4000 mAh (noir, 63<\/strong> est con\u00e7u pour offrir performance, fiabilit\u00e9 et confort d&rsquo;utilisation.<\/p>\n<p>Ce produit est id\u00e9al pour une utilisation quotidienne et r\u00e9pond parfaitement aux besoins des utilisateurs recherchant qualit\u00e9 et efficacit\u00e9.<\/p>\n<h3>Caract\u00e9ristiques principales<\/h3>\n<ul>\n<li>Conception robuste et durable<\/li>\n<li>Utilisation simple et intuitive<\/li>\n<li>Performance fiable<\/li>\n<li>Excellent rapport qualit\u00e9-prix<\/li>\n<\/ul>","protected":false},"excerpt":{"rendered":"<p>R36MAX Console de jeu portable r\u00e9tro, \u00e9cran IPS HD de 4&Prime;, 64 Go int\u00e9gr\u00e9, plus de 18 000 jeux classiques, console de jeu r\u00e9tro portable avec syst\u00e8me Linux open source et batterie de 4000 mAh (noir, 63 &#8211; produit de qualit\u00e9 con\u00e7u pour un usage quotidien, offrant performance et fiabilit\u00e9.<\/p>","protected":false},"featured_media":77567,"comment_status":"open","ping_status":"closed","template":"","meta":[],"product_brand":[],"product_cat":[318],"product_tag":[319],"class_list":{"0":"post-78702","1":"product","2":"type-product","3":"status-publish","4":"has-post-thumbnail","6":"product_cat-jeux-video","7":"product_tag-console-jeux","9":"first","10":"instock","11":"shipping-taxable","12":"product-type-external"},"_links":{"self":[{"href":"https:\/\/joutia.shop\/en\/wp-json\/wp\/v2\/product\/78702","targetHints":{"allow":["GET"]}}],"collection":[{"href":"https:\/\/joutia.shop\/en\/wp-json\/wp\/v2\/product"}],"about":[{"href":"https:\/\/joutia.shop\/en\/wp-json\/wp\/v2\/types\/product"}],"replies":[{"embeddable":true,"href":"https:\/\/joutia.shop\/en\/wp-json\/wp\/v2\/comments?post=78702"}],"wp:featuredmedia":[{"embeddable":true,"href":"https:\/\/joutia.shop\/en\/wp-json\/wp\/v2\/media\/77567"}],"wp:attachment":[{"href":"https:\/\/joutia.shop\/en\/wp-json\/wp\/v2\/media?parent=78702"}],"wp:term":[{"taxonomy":"product_brand","embeddable":true,"href":"https:\/\/joutia.shop\/en\/wp-json\/wp\/v2\/product_brand?post=78702"},{"taxonomy":"product_cat","embeddable":true,"href":"https:\/\/joutia.shop\/en\/wp-json\/wp\/v2\/product_cat?post=78702"},{"taxonomy":"product_tag","embeddable":true,"href":"https:\/\/joutia.shop\/en\/wp-json\/wp\/v2\/product_tag?post=78702"}],"curies":[{"name":"wp","href":"https:\/\/api.w.org\/{rel}","templated":true}]}}