{"id":78679,"date":"2026-03-14T23:30:21","date_gmt":"2026-03-14T23:30:21","guid":{"rendered":"https:\/\/joutia.shop\/product\/sony-alpha-6100-appareil-photo-numerique-hybride-aps-c-en-kit-avec-lobjectif-zoom-e-16-50mm-f-3-5-5-6-pz-oss-af-en-0-02s-suivi-des-yeux-humains-et-animaux-video-4k-ecran-selfie-vlogging-2\/"},"modified":"2026-03-14T23:30:22","modified_gmt":"2026-03-14T23:30:22","slug":"sony-alpha-6100-appareil-photo-numerique-hybride-aps-c-en-kit-avec-lobjectif-zoom-e-16-50mm-f-3-5-5-6-pz-oss-af-en-0-02s-suivi-des-yeux-humains-et-animaux-video-4k-ecran-selfie-vlogging-2","status":"publish","type":"product","link":"https:\/\/joutia.shop\/en\/product\/sony-alpha-6100-appareil-photo-numerique-hybride-aps-c-en-kit-avec-lobjectif-zoom-e-16-50mm-f-3-5-5-6-pz-oss-af-en-0-02s-suivi-des-yeux-humains-et-animaux-video-4k-ecran-selfie-vlogging-2\/","title":{"rendered":"Sony Alpha 6100, Appareil Photo Num\u00e9rique Hybride APS-C en kit avec l&rsquo;Objectif Zoom E 16-50mm f\/3.5-5.6 PZ OSS (AF en 0.02s, Suivi des Yeux Humains et Animaux, Vid\u00e9o 4K, Ecran Selfie Vlogging)"},"content":{"rendered":"<h2>Fujifilm X100VI Noir<\/h2>\n<p>Le produit <strong>Fujifilm X100VI Noir<\/strong> est con\u00e7u pour offrir performance, fiabilit\u00e9 et confort d&rsquo;utilisation.<\/p>\n<p>Ce produit est id\u00e9al pour une utilisation quotidienne et r\u00e9pond parfaitement aux besoins des utilisateurs recherchant qualit\u00e9 et efficacit\u00e9.<\/p>\n<h3>Caract\u00e9ristiques principales<\/h3>\n<ul>\n<li>Conception robuste et durable<\/li>\n<li>Utilisation simple et intuitive<\/li>\n<li>Performance fiable<\/li>\n<li>Excellent rapport qualit\u00e9-prix<\/li>\n<\/ul>","protected":false},"excerpt":{"rendered":"<p>Fujifilm X100VI Noir &#8211; produit de qualit\u00e9 con\u00e7u pour un usage quotidien, offrant performance et fiabilit\u00e9.<\/p>","protected":false},"featured_media":77364,"comment_status":"open","ping_status":"closed","template":"","meta":[],"product_brand":[],"product_cat":[316],"product_tag":[317],"class_list":{"0":"post-78679","1":"product","2":"type-product","3":"status-publish","4":"has-post-thumbnail","6":"product_cat-photo","7":"product_tag-appareil-photo","9":"first","10":"instock","11":"shipping-taxable","12":"product-type-external"},"_links":{"self":[{"href":"https:\/\/joutia.shop\/en\/wp-json\/wp\/v2\/product\/78679","targetHints":{"allow":["GET"]}}],"collection":[{"href":"https:\/\/joutia.shop\/en\/wp-json\/wp\/v2\/product"}],"about":[{"href":"https:\/\/joutia.shop\/en\/wp-json\/wp\/v2\/types\/product"}],"replies":[{"embeddable":true,"href":"https:\/\/joutia.shop\/en\/wp-json\/wp\/v2\/comments?post=78679"}],"wp:featuredmedia":[{"embeddable":true,"href":"https:\/\/joutia.shop\/en\/wp-json\/wp\/v2\/media\/77364"}],"wp:attachment":[{"href":"https:\/\/joutia.shop\/en\/wp-json\/wp\/v2\/media?parent=78679"}],"wp:term":[{"taxonomy":"product_brand","embeddable":true,"href":"https:\/\/joutia.shop\/en\/wp-json\/wp\/v2\/product_brand?post=78679"},{"taxonomy":"product_cat","embeddable":true,"href":"https:\/\/joutia.shop\/en\/wp-json\/wp\/v2\/product_cat?post=78679"},{"taxonomy":"product_tag","embeddable":true,"href":"https:\/\/joutia.shop\/en\/wp-json\/wp\/v2\/product_tag?post=78679"}],"curies":[{"name":"wp","href":"https:\/\/api.w.org\/{rel}","templated":true}]}}