{"id":78671,"date":"2026-03-14T23:30:20","date_gmt":"2026-03-14T23:30:20","guid":{"rendered":"https:\/\/joutia.shop\/product\/canon-eos-r50-appareil-photo-blanc-objectif-rf-s-18-45-is-stm-hybride-aps-c-24m-pixels-15-im-sec-cmos-af-dual-pixel-video-4k-30p-wifi-blanc-2\/"},"modified":"2026-03-14T23:30:20","modified_gmt":"2026-03-14T23:30:20","slug":"canon-eos-r50-appareil-photo-blanc-objectif-rf-s-18-45-is-stm-hybride-aps-c-24m-pixels-15-im-sec-cmos-af-dual-pixel-video-4k-30p-wifi-blanc-2","status":"publish","type":"product","link":"https:\/\/joutia.shop\/en\/product\/canon-eos-r50-appareil-photo-blanc-objectif-rf-s-18-45-is-stm-hybride-aps-c-24m-pixels-15-im-sec-cmos-af-dual-pixel-video-4k-30p-wifi-blanc-2\/","title":{"rendered":"Canon EOS R50 Appareil Photo Blanc + Objectif RF-S 18-45 is STM (Hybride APS-C 24M Pixels, 15 im\/Sec, CMOS AF Dual Pixel, vid\u00e9o 4K\/30p, WiFi), Blanc"},"content":{"rendered":"<h2>SOOMFON Appareil Photo Num\u00e9rique Max 72MP avec vid\u00e9o 1080P, Digital Camera Zoom 16X 19 Filtres, Appareil Photo Compact avec 2 Batteries et Carte 32 Go, Digital Camera pour Adulte\/D\u00e9butant\/Enfant-Rose<\/h2>\n<p>Le produit <strong>SOOMFON Appareil Photo Num\u00e9rique Max 72MP avec vid\u00e9o 1080P, Digital Camera Zoom 16X 19 Filtres, Appareil Photo Compact avec 2 Batteries et Carte 32 Go, Digital Camera pour Adulte\/D\u00e9butant\/Enfant-Rose<\/strong> est con\u00e7u pour offrir performance, fiabilit\u00e9 et confort d&rsquo;utilisation.<\/p>\n<p>Ce produit est id\u00e9al pour une utilisation quotidienne et r\u00e9pond parfaitement aux besoins des utilisateurs recherchant qualit\u00e9 et efficacit\u00e9.<\/p>\n<h3>Caract\u00e9ristiques principales<\/h3>\n<ul>\n<li>Conception robuste et durable<\/li>\n<li>Utilisation simple et intuitive<\/li>\n<li>Performance fiable<\/li>\n<li>Excellent rapport qualit\u00e9-prix<\/li>\n<\/ul>","protected":false},"excerpt":{"rendered":"<p>SOOMFON Appareil Photo Num\u00e9rique Max 72MP avec vid\u00e9o 1080P, Digital Camera Zoom 16X 19 Filtres, Appareil Photo Compact avec 2 Batteries et Carte 32 Go, Digital Camera pour Adulte\/D\u00e9butant\/Enfant-Rose &#8211; produit de qualit\u00e9 con\u00e7u pour un usage quotidien, offrant performance et fiabilit\u00e9.<\/p>","protected":false},"featured_media":77455,"comment_status":"open","ping_status":"closed","template":"","meta":[],"product_brand":[],"product_cat":[316],"product_tag":[317],"class_list":{"0":"post-78671","1":"product","2":"type-product","3":"status-publish","4":"has-post-thumbnail","6":"product_cat-photo","7":"product_tag-appareil-photo","9":"first","10":"instock","11":"shipping-taxable","12":"product-type-external"},"_links":{"self":[{"href":"https:\/\/joutia.shop\/en\/wp-json\/wp\/v2\/product\/78671","targetHints":{"allow":["GET"]}}],"collection":[{"href":"https:\/\/joutia.shop\/en\/wp-json\/wp\/v2\/product"}],"about":[{"href":"https:\/\/joutia.shop\/en\/wp-json\/wp\/v2\/types\/product"}],"replies":[{"embeddable":true,"href":"https:\/\/joutia.shop\/en\/wp-json\/wp\/v2\/comments?post=78671"}],"wp:featuredmedia":[{"embeddable":true,"href":"https:\/\/joutia.shop\/en\/wp-json\/wp\/v2\/media\/77455"}],"wp:attachment":[{"href":"https:\/\/joutia.shop\/en\/wp-json\/wp\/v2\/media?parent=78671"}],"wp:term":[{"taxonomy":"product_brand","embeddable":true,"href":"https:\/\/joutia.shop\/en\/wp-json\/wp\/v2\/product_brand?post=78671"},{"taxonomy":"product_cat","embeddable":true,"href":"https:\/\/joutia.shop\/en\/wp-json\/wp\/v2\/product_cat?post=78671"},{"taxonomy":"product_tag","embeddable":true,"href":"https:\/\/joutia.shop\/en\/wp-json\/wp\/v2\/product_tag?post=78671"}],"curies":[{"name":"wp","href":"https:\/\/api.w.org\/{rel}","templated":true}]}}