{"id":78665,"date":"2026-03-14T23:30:15","date_gmt":"2026-03-14T23:30:15","guid":{"rendered":"https:\/\/joutia.shop\/product\/sony-alpha-6400appareil-photo-numerique-hybride-aps-c-en-kit-avec-lobjectif-zoom-e-16-50mm-f-3-5-5-6-pz-oss-242-mp-af-en-0-02s-suivi-des-yeux-4k-hlg-ecran-selfie-vloggingilce6400-a6400-2\/"},"modified":"2026-03-14T23:30:16","modified_gmt":"2026-03-14T23:30:16","slug":"sony-alpha-6400appareil-photo-numerique-hybride-aps-c-en-kit-avec-lobjectif-zoom-e-16-50mm-f-3-5-5-6-pz-oss-242-mp-af-en-0-02s-suivi-des-yeux-4k-hlg-ecran-selfie-vloggingilce6400-a6400-2","status":"publish","type":"product","link":"https:\/\/joutia.shop\/en\/product\/sony-alpha-6400appareil-photo-numerique-hybride-aps-c-en-kit-avec-lobjectif-zoom-e-16-50mm-f-3-5-5-6-pz-oss-242-mp-af-en-0-02s-suivi-des-yeux-4k-hlg-ecran-selfie-vloggingilce6400-a6400-2\/","title":{"rendered":"Sony Alpha 6400|Appareil Photo Num\u00e9rique Hybride APS-C en kit avec l&rsquo;Objectif Zoom E 16-50mm f\/3.5-5.6 PZ OSS (24,2 MP, AF en 0.02s, Suivi des Yeux, 4K HLG, Ecran Selfie Vlogging)(ILCE6400, A6400)"},"content":{"rendered":"<h2>Appareil photo num\u00e9rique 4K 64MP 18X Digitalzoom 2.8 Zoll gro\u00dfer Bildschirm Inclusive 1 Akku 1usb C\u00e2ble 64G TF Carte 2 Woven Lanyard f\u00fcr Anf\u00e4nger Student und Teenagers (Wei\u00df)<\/h2>\n<p>Le produit <strong>Appareil photo num\u00e9rique 4K 64MP 18X Digitalzoom 2.8 Zoll gro\u00dfer Bildschirm Inclusive 1 Akku 1usb C\u00e2ble 64G TF Carte 2 Woven Lanyard f\u00fcr Anf\u00e4nger Student und Teenagers (Wei\u00df)<\/strong> est con\u00e7u pour offrir performance, fiabilit\u00e9 et confort d&rsquo;utilisation.<\/p>\n<p>Ce produit est id\u00e9al pour une utilisation quotidienne et r\u00e9pond parfaitement aux besoins des utilisateurs recherchant qualit\u00e9 et efficacit\u00e9.<\/p>\n<h3>Caract\u00e9ristiques principales<\/h3>\n<ul>\n<li>Conception robuste et durable<\/li>\n<li>Utilisation simple et intuitive<\/li>\n<li>Performance fiable<\/li>\n<li>Excellent rapport qualit\u00e9-prix<\/li>\n<\/ul>","protected":false},"excerpt":{"rendered":"<p>Appareil photo num\u00e9rique 4K 64MP 18X Digitalzoom 2.8 Zoll gro\u00dfer Bildschirm Inclusive 1 Akku 1usb C\u00e2ble 64G TF Carte 2 Woven Lanyard f\u00fcr Anf\u00e4nger Student und Teenagers (Wei\u00df) &#8211; produit de qualit\u00e9 con\u00e7u pour un usage quotidien, offrant performance et fiabilit\u00e9.<\/p>","protected":false},"featured_media":77934,"comment_status":"open","ping_status":"closed","template":"","meta":[],"product_brand":[],"product_cat":[316],"product_tag":[317],"class_list":{"0":"post-78665","1":"product","2":"type-product","3":"status-publish","4":"has-post-thumbnail","6":"product_cat-photo","7":"product_tag-appareil-photo","9":"first","10":"instock","11":"shipping-taxable","12":"product-type-external"},"_links":{"self":[{"href":"https:\/\/joutia.shop\/en\/wp-json\/wp\/v2\/product\/78665","targetHints":{"allow":["GET"]}}],"collection":[{"href":"https:\/\/joutia.shop\/en\/wp-json\/wp\/v2\/product"}],"about":[{"href":"https:\/\/joutia.shop\/en\/wp-json\/wp\/v2\/types\/product"}],"replies":[{"embeddable":true,"href":"https:\/\/joutia.shop\/en\/wp-json\/wp\/v2\/comments?post=78665"}],"wp:featuredmedia":[{"embeddable":true,"href":"https:\/\/joutia.shop\/en\/wp-json\/wp\/v2\/media\/77934"}],"wp:attachment":[{"href":"https:\/\/joutia.shop\/en\/wp-json\/wp\/v2\/media?parent=78665"}],"wp:term":[{"taxonomy":"product_brand","embeddable":true,"href":"https:\/\/joutia.shop\/en\/wp-json\/wp\/v2\/product_brand?post=78665"},{"taxonomy":"product_cat","embeddable":true,"href":"https:\/\/joutia.shop\/en\/wp-json\/wp\/v2\/product_cat?post=78665"},{"taxonomy":"product_tag","embeddable":true,"href":"https:\/\/joutia.shop\/en\/wp-json\/wp\/v2\/product_tag?post=78665"}],"curies":[{"name":"wp","href":"https:\/\/api.w.org\/{rel}","templated":true}]}}