{"id":78662,"date":"2026-03-14T23:30:07","date_gmt":"2026-03-14T23:30:07","guid":{"rendered":"https:\/\/joutia.shop\/product\/canon-appareils-photo-eos-90d-body-2\/"},"modified":"2026-03-14T23:30:07","modified_gmt":"2026-03-14T23:30:07","slug":"canon-appareils-photo-eos-90d-body-2","status":"publish","type":"product","link":"https:\/\/joutia.shop\/en\/product\/canon-appareils-photo-eos-90d-body-2\/","title":{"rendered":"Canon Appareils photo EOS 90D Body"},"content":{"rendered":"<h2>Appareil Photo num\u00e9rique 4K 64MP avec WiFi \u00e9cran Rabattable 180 degr\u00e9s Zoom num\u00e9rique 16x Double Batterie Carte SD 32 Go Chargeur Inclus id\u00e9al pour vlogging Selfies et Voyages<\/h2>\n<p>Le produit <strong>Appareil Photo num\u00e9rique 4K 64MP avec WiFi \u00e9cran Rabattable 180 degr\u00e9s Zoom num\u00e9rique 16x Double Batterie Carte SD 32 Go Chargeur Inclus id\u00e9al pour vlogging Selfies et Voyages<\/strong> est con\u00e7u pour offrir performance, fiabilit\u00e9 et confort d&rsquo;utilisation.<\/p>\n<p>Ce produit est id\u00e9al pour une utilisation quotidienne et r\u00e9pond parfaitement aux besoins des utilisateurs recherchant qualit\u00e9 et efficacit\u00e9.<\/p>\n<h3>Caract\u00e9ristiques principales<\/h3>\n<ul>\n<li>Conception robuste et durable<\/li>\n<li>Utilisation simple et intuitive<\/li>\n<li>Performance fiable<\/li>\n<li>Excellent rapport qualit\u00e9-prix<\/li>\n<\/ul>","protected":false},"excerpt":{"rendered":"<p>Appareil Photo num\u00e9rique 4K 64MP avec WiFi \u00e9cran Rabattable 180 degr\u00e9s Zoom num\u00e9rique 16x Double Batterie Carte SD 32 Go Chargeur Inclus id\u00e9al pour vlogging Selfies et Voyages &#8211; produit de qualit\u00e9 con\u00e7u pour un usage quotidien, offrant performance et fiabilit\u00e9.<\/p>","protected":false},"featured_media":77688,"comment_status":"open","ping_status":"closed","template":"","meta":[],"product_brand":[],"product_cat":[316],"product_tag":[317],"class_list":{"0":"post-78662","1":"product","2":"type-product","3":"status-publish","4":"has-post-thumbnail","6":"product_cat-photo","7":"product_tag-appareil-photo","9":"first","10":"instock","11":"shipping-taxable","12":"product-type-external"},"_links":{"self":[{"href":"https:\/\/joutia.shop\/en\/wp-json\/wp\/v2\/product\/78662","targetHints":{"allow":["GET"]}}],"collection":[{"href":"https:\/\/joutia.shop\/en\/wp-json\/wp\/v2\/product"}],"about":[{"href":"https:\/\/joutia.shop\/en\/wp-json\/wp\/v2\/types\/product"}],"replies":[{"embeddable":true,"href":"https:\/\/joutia.shop\/en\/wp-json\/wp\/v2\/comments?post=78662"}],"wp:featuredmedia":[{"embeddable":true,"href":"https:\/\/joutia.shop\/en\/wp-json\/wp\/v2\/media\/77688"}],"wp:attachment":[{"href":"https:\/\/joutia.shop\/en\/wp-json\/wp\/v2\/media?parent=78662"}],"wp:term":[{"taxonomy":"product_brand","embeddable":true,"href":"https:\/\/joutia.shop\/en\/wp-json\/wp\/v2\/product_brand?post=78662"},{"taxonomy":"product_cat","embeddable":true,"href":"https:\/\/joutia.shop\/en\/wp-json\/wp\/v2\/product_cat?post=78662"},{"taxonomy":"product_tag","embeddable":true,"href":"https:\/\/joutia.shop\/en\/wp-json\/wp\/v2\/product_tag?post=78662"}],"curies":[{"name":"wp","href":"https:\/\/api.w.org\/{rel}","templated":true}]}}