{"id":78656,"date":"2026-03-14T23:30:05","date_gmt":"2026-03-14T23:30:05","guid":{"rendered":"https:\/\/joutia.shop\/product\/nikon-z-f-appareil-photo-hybride-capteur-plein-format-245-mp-4k-ultra-hd-a-60p-expeed-7-rafale-30-i-s-ecran-tactile-orientable-2\/"},"modified":"2026-03-14T23:30:05","modified_gmt":"2026-03-14T23:30:05","slug":"nikon-z-f-appareil-photo-hybride-capteur-plein-format-245-mp-4k-ultra-hd-a-60p-expeed-7-rafale-30-i-s-ecran-tactile-orientable-2","status":"publish","type":"product","link":"https:\/\/joutia.shop\/en\/product\/nikon-z-f-appareil-photo-hybride-capteur-plein-format-245-mp-4k-ultra-hd-a-60p-expeed-7-rafale-30-i-s-ecran-tactile-orientable-2\/","title":{"rendered":"NIKON Z f, Appareil Photo Hybride capteur Plein Format (24,5 MP, 4K Ultra HD \u00e0 60p, Expeed 7, Rafale 30 i\/s, \u00e9cran Tactile orientable,..)"},"content":{"rendered":"<h2>Panasonic Lumix S5M2X | Appareil Photo Hybride Plein Format (24MP, Autofocus Phase, Double Stabilisation, Vid\u00e9o 6K 10bit illimit\u00e9, Rafale AFC 30ips, Tropicalis\u00e9) \u2013 Version Fran\u00e7aise<\/h2>\n<p>Le produit <strong>Panasonic Lumix S5M2X | Appareil Photo Hybride Plein Format (24MP, Autofocus Phase, Double Stabilisation, Vid\u00e9o 6K 10bit illimit\u00e9, Rafale AFC 30ips, Tropicalis\u00e9) \u2013 Version Fran\u00e7aise<\/strong> est con\u00e7u pour offrir performance, fiabilit\u00e9 et confort d&rsquo;utilisation.<\/p>\n<p>Ce produit est id\u00e9al pour une utilisation quotidienne et r\u00e9pond parfaitement aux besoins des utilisateurs recherchant qualit\u00e9 et efficacit\u00e9.<\/p>\n<h3>Caract\u00e9ristiques principales<\/h3>\n<ul>\n<li>Conception robuste et durable<\/li>\n<li>Utilisation simple et intuitive<\/li>\n<li>Performance fiable<\/li>\n<li>Excellent rapport qualit\u00e9-prix<\/li>\n<\/ul>","protected":false},"excerpt":{"rendered":"<p>Panasonic Lumix S5M2X | Appareil Photo Hybride Plein Format (24MP, Autofocus Phase, Double Stabilisation, Vid\u00e9o 6K 10bit illimit\u00e9, Rafale AFC 30ips, Tropicalis\u00e9) \u2013 Version Fran\u00e7aise &#8211; produit de qualit\u00e9 con\u00e7u pour un usage quotidien, offrant performance et fiabilit\u00e9.<\/p>","protected":false},"featured_media":77806,"comment_status":"open","ping_status":"closed","template":"","meta":[],"product_brand":[],"product_cat":[316],"product_tag":[317],"class_list":{"0":"post-78656","1":"product","2":"type-product","3":"status-publish","4":"has-post-thumbnail","6":"product_cat-photo","7":"product_tag-appareil-photo","9":"first","10":"instock","11":"shipping-taxable","12":"product-type-external"},"_links":{"self":[{"href":"https:\/\/joutia.shop\/en\/wp-json\/wp\/v2\/product\/78656","targetHints":{"allow":["GET"]}}],"collection":[{"href":"https:\/\/joutia.shop\/en\/wp-json\/wp\/v2\/product"}],"about":[{"href":"https:\/\/joutia.shop\/en\/wp-json\/wp\/v2\/types\/product"}],"replies":[{"embeddable":true,"href":"https:\/\/joutia.shop\/en\/wp-json\/wp\/v2\/comments?post=78656"}],"wp:featuredmedia":[{"embeddable":true,"href":"https:\/\/joutia.shop\/en\/wp-json\/wp\/v2\/media\/77806"}],"wp:attachment":[{"href":"https:\/\/joutia.shop\/en\/wp-json\/wp\/v2\/media?parent=78656"}],"wp:term":[{"taxonomy":"product_brand","embeddable":true,"href":"https:\/\/joutia.shop\/en\/wp-json\/wp\/v2\/product_brand?post=78656"},{"taxonomy":"product_cat","embeddable":true,"href":"https:\/\/joutia.shop\/en\/wp-json\/wp\/v2\/product_cat?post=78656"},{"taxonomy":"product_tag","embeddable":true,"href":"https:\/\/joutia.shop\/en\/wp-json\/wp\/v2\/product_tag?post=78656"}],"curies":[{"name":"wp","href":"https:\/\/api.w.org\/{rel}","templated":true}]}}