{"id":78648,"date":"2026-03-14T23:30:03","date_gmt":"2026-03-14T23:30:03","guid":{"rendered":"https:\/\/joutia.shop\/product\/canon-eos-r6-mark-ii-appareil-photo-hybride-sans-objectif-2-batteries-kit-batterie-supplementaire-242-megapixels-40-img-s-video-4k-60p-dual-pixel-cmos-auto-focus-ii-noir-2\/"},"modified":"2026-03-14T23:30:04","modified_gmt":"2026-03-14T23:30:04","slug":"canon-eos-r6-mark-ii-appareil-photo-hybride-sans-objectif-2-batteries-kit-batterie-supplementaire-242-megapixels-40-img-s-video-4k-60p-dual-pixel-cmos-auto-focus-ii-noir-2","status":"publish","type":"product","link":"https:\/\/joutia.shop\/en\/product\/canon-eos-r6-mark-ii-appareil-photo-hybride-sans-objectif-2-batteries-kit-batterie-supplementaire-242-megapixels-40-img-s-video-4k-60p-dual-pixel-cmos-auto-focus-ii-noir-2\/","title":{"rendered":"Canon EOS R6 Mark II Appareil Photo Hybride sans Objectif + 2 Batteries (Kit Batterie Suppl\u00e9mentaire) &#8211; 24,2 m\u00e9gapixels, 40 img\/s, vid\u00e9o 4K 60p, Dual Pixel CMOS Auto Focus II, Noir"},"content":{"rendered":"<h2>Sony Alpha 6100, Appareil Photo Num\u00e9rique Hybride APS-C en kit avec l&rsquo;Objectif Zoom E 16-50mm f\/3.5-5.6 PZ OSS (AF en 0.02s, Suivi des Yeux Humains et Animaux, Vid\u00e9o 4K, Ecran Selfie Vlogging)<\/h2>\n<p>Le produit <strong>Sony Alpha 6100, Appareil Photo Num\u00e9rique Hybride APS-C en kit avec l&rsquo;Objectif Zoom E 16-50mm f\/3.5-5.6 PZ OSS (AF en 0.02s, Suivi des Yeux Humains et Animaux, Vid\u00e9o 4K, Ecran Selfie Vlogging)<\/strong> est con\u00e7u pour offrir performance, fiabilit\u00e9 et confort d&rsquo;utilisation.<\/p>\n<p>Ce produit est id\u00e9al pour une utilisation quotidienne et r\u00e9pond parfaitement aux besoins des utilisateurs recherchant qualit\u00e9 et efficacit\u00e9.<\/p>\n<h3>Caract\u00e9ristiques principales<\/h3>\n<ul>\n<li>Conception robuste et durable<\/li>\n<li>Utilisation simple et intuitive<\/li>\n<li>Performance fiable<\/li>\n<li>Excellent rapport qualit\u00e9-prix<\/li>\n<\/ul>","protected":false},"excerpt":{"rendered":"<p>Sony Alpha 6100, Appareil Photo Num\u00e9rique Hybride APS-C en kit avec l&rsquo;Objectif Zoom E 16-50mm f\/3.5-5.6 PZ OSS (AF en 0.02s, Suivi des Yeux Humains et Animaux, Vid\u00e9o 4K, Ecran Selfie Vlogging) &#8211; produit de qualit\u00e9 con\u00e7u pour un usage quotidien, offrant performance et fiabilit\u00e9.<\/p>","protected":false},"featured_media":77872,"comment_status":"open","ping_status":"closed","template":"","meta":[],"product_brand":[],"product_cat":[316],"product_tag":[317],"class_list":{"0":"post-78648","1":"product","2":"type-product","3":"status-publish","4":"has-post-thumbnail","6":"product_cat-photo","7":"product_tag-appareil-photo","9":"first","10":"instock","11":"shipping-taxable","12":"product-type-external"},"_links":{"self":[{"href":"https:\/\/joutia.shop\/en\/wp-json\/wp\/v2\/product\/78648","targetHints":{"allow":["GET"]}}],"collection":[{"href":"https:\/\/joutia.shop\/en\/wp-json\/wp\/v2\/product"}],"about":[{"href":"https:\/\/joutia.shop\/en\/wp-json\/wp\/v2\/types\/product"}],"replies":[{"embeddable":true,"href":"https:\/\/joutia.shop\/en\/wp-json\/wp\/v2\/comments?post=78648"}],"wp:featuredmedia":[{"embeddable":true,"href":"https:\/\/joutia.shop\/en\/wp-json\/wp\/v2\/media\/77872"}],"wp:attachment":[{"href":"https:\/\/joutia.shop\/en\/wp-json\/wp\/v2\/media?parent=78648"}],"wp:term":[{"taxonomy":"product_brand","embeddable":true,"href":"https:\/\/joutia.shop\/en\/wp-json\/wp\/v2\/product_brand?post=78648"},{"taxonomy":"product_cat","embeddable":true,"href":"https:\/\/joutia.shop\/en\/wp-json\/wp\/v2\/product_cat?post=78648"},{"taxonomy":"product_tag","embeddable":true,"href":"https:\/\/joutia.shop\/en\/wp-json\/wp\/v2\/product_tag?post=78648"}],"curies":[{"name":"wp","href":"https:\/\/api.w.org\/{rel}","templated":true}]}}