{"id":78646,"date":"2026-03-14T23:30:03","date_gmt":"2026-03-14T23:30:03","guid":{"rendered":"https:\/\/joutia.shop\/product\/sony-alpha-6700-aps-c-appareil-photo-hybride-avec-objectif-16-50-mm-ii-autofocus-ia-stabilisation-5-axes-video-4k-120p-ecran-tactile-objectif-sel-35f18-monture-e-aps-c-35-mm-f1-8-2\/"},"modified":"2026-03-14T23:30:03","modified_gmt":"2026-03-14T23:30:03","slug":"sony-alpha-6700-aps-c-appareil-photo-hybride-avec-objectif-16-50-mm-ii-autofocus-ia-stabilisation-5-axes-video-4k-120p-ecran-tactile-objectif-sel-35f18-monture-e-aps-c-35-mm-f1-8-2","status":"publish","type":"product","link":"https:\/\/joutia.shop\/en\/product\/sony-alpha-6700-aps-c-appareil-photo-hybride-avec-objectif-16-50-mm-ii-autofocus-ia-stabilisation-5-axes-video-4k-120p-ecran-tactile-objectif-sel-35f18-monture-e-aps-c-35-mm-f1-8-2\/","title":{"rendered":"Sony Alpha 6700 (APS-C) &#8211; Appareil Photo Hybride avec Objectif 16-50 mm II \u2013 autofocus IA, stabilisation 5 Axes, vid\u00e9o 4K 120p, \u00e9cran Tactile + Objectif SEL-35F18 Monture E APS-C 35 mm F1.8"},"content":{"rendered":"<h2>Sony Alpha 7C | Appareil Photo Num\u00e9rique Hybride Plein Format + FE 28-60mm f\/4-5.6 (Design compact et l\u00e9ger, Eye AF en temps r\u00e9el, 24.2Mp, stabilisation interne 5 axes, 4K HDR, \u00e9cran selfie)<\/h2>\n<p>Le produit <strong>Sony Alpha 7C | Appareil Photo Num\u00e9rique Hybride Plein Format + FE 28-60mm f\/4-5.6 (Design compact et l\u00e9ger, Eye AF en temps r\u00e9el, 24.2Mp, stabilisation interne 5 axes, 4K HDR, \u00e9cran selfie)<\/strong> est con\u00e7u pour offrir performance, fiabilit\u00e9 et confort d&rsquo;utilisation.<\/p>\n<p>Ce produit est id\u00e9al pour une utilisation quotidienne et r\u00e9pond parfaitement aux besoins des utilisateurs recherchant qualit\u00e9 et efficacit\u00e9.<\/p>\n<h3>Caract\u00e9ristiques principales<\/h3>\n<ul>\n<li>Conception robuste et durable<\/li>\n<li>Utilisation simple et intuitive<\/li>\n<li>Performance fiable<\/li>\n<li>Excellent rapport qualit\u00e9-prix<\/li>\n<\/ul>","protected":false},"excerpt":{"rendered":"<p>Sony Alpha 7C | Appareil Photo Num\u00e9rique Hybride Plein Format + FE 28-60mm f\/4-5.6 (Design compact et l\u00e9ger, Eye AF en temps r\u00e9el, 24.2Mp, stabilisation interne 5 axes, 4K HDR, \u00e9cran selfie) &#8211; produit de qualit\u00e9 con\u00e7u pour un usage quotidien, offrant performance et fiabilit\u00e9.<\/p>","protected":false},"featured_media":77473,"comment_status":"open","ping_status":"closed","template":"","meta":[],"product_brand":[],"product_cat":[316],"product_tag":[317],"class_list":{"0":"post-78646","1":"product","2":"type-product","3":"status-publish","4":"has-post-thumbnail","6":"product_cat-photo","7":"product_tag-appareil-photo","9":"first","10":"instock","11":"shipping-taxable","12":"product-type-external"},"_links":{"self":[{"href":"https:\/\/joutia.shop\/en\/wp-json\/wp\/v2\/product\/78646","targetHints":{"allow":["GET"]}}],"collection":[{"href":"https:\/\/joutia.shop\/en\/wp-json\/wp\/v2\/product"}],"about":[{"href":"https:\/\/joutia.shop\/en\/wp-json\/wp\/v2\/types\/product"}],"replies":[{"embeddable":true,"href":"https:\/\/joutia.shop\/en\/wp-json\/wp\/v2\/comments?post=78646"}],"wp:featuredmedia":[{"embeddable":true,"href":"https:\/\/joutia.shop\/en\/wp-json\/wp\/v2\/media\/77473"}],"wp:attachment":[{"href":"https:\/\/joutia.shop\/en\/wp-json\/wp\/v2\/media?parent=78646"}],"wp:term":[{"taxonomy":"product_brand","embeddable":true,"href":"https:\/\/joutia.shop\/en\/wp-json\/wp\/v2\/product_brand?post=78646"},{"taxonomy":"product_cat","embeddable":true,"href":"https:\/\/joutia.shop\/en\/wp-json\/wp\/v2\/product_cat?post=78646"},{"taxonomy":"product_tag","embeddable":true,"href":"https:\/\/joutia.shop\/en\/wp-json\/wp\/v2\/product_tag?post=78646"}],"curies":[{"name":"wp","href":"https:\/\/api.w.org\/{rel}","templated":true}]}}