{"id":78638,"date":"2026-03-14T23:30:02","date_gmt":"2026-03-14T23:30:02","guid":{"rendered":"https:\/\/joutia.shop\/product\/appareil-photo-numerique-avec-carte-32gb-44mp-1080p-hd-appareil-photo-numerique-compact-avec-ecran-lcd-16x-zoom-numerique-2-batteries-pour-les-adolescentsdebutantsgrun-2\/"},"modified":"2026-03-14T23:30:02","modified_gmt":"2026-03-14T23:30:02","slug":"appareil-photo-numerique-avec-carte-32gb-44mp-1080p-hd-appareil-photo-numerique-compact-avec-ecran-lcd-16x-zoom-numerique-2-batteries-pour-les-adolescentsdebutantsgrun-2","status":"publish","type":"product","link":"https:\/\/joutia.shop\/en\/product\/appareil-photo-numerique-avec-carte-32gb-44mp-1080p-hd-appareil-photo-numerique-compact-avec-ecran-lcd-16x-zoom-numerique-2-batteries-pour-les-adolescentsdebutantsgrun-2\/","title":{"rendered":"Appareil Photo Num\u00e9rique avec Carte 32GB, 44MP 1080P HD Appareil Photo Num\u00e9rique Compact avec \u00e9cran LCD 16X Zoom num\u00e9rique &#038; 2 Batteries pour Les Adolescents,d\u00e9butants(Gr\u00fcn)"},"content":{"rendered":"<h2>NBD Appareil Photo Num\u00e9rique 5K 64MP avec Autofocus, Zoom Num\u00e9rique 18x, \u00c9cran IPS 3&Prime; Orientable 180\u00b0, Design R\u00e9tro \u00c9l\u00e9gant, Carte 64GB + 2 Batteries (Argent\u00e9)<\/h2>\n<p>Le produit <strong>NBD Appareil Photo Num\u00e9rique 5K 64MP avec Autofocus, Zoom Num\u00e9rique 18x, \u00c9cran IPS 3&Prime; Orientable 180\u00b0, Design R\u00e9tro \u00c9l\u00e9gant, Carte 64GB + 2 Batteries (Argent\u00e9)<\/strong> est con\u00e7u pour offrir performance, fiabilit\u00e9 et confort d&rsquo;utilisation.<\/p>\n<p>Ce produit est id\u00e9al pour une utilisation quotidienne et r\u00e9pond parfaitement aux besoins des utilisateurs recherchant qualit\u00e9 et efficacit\u00e9.<\/p>\n<h3>Caract\u00e9ristiques principales<\/h3>\n<ul>\n<li>Conception robuste et durable<\/li>\n<li>Utilisation simple et intuitive<\/li>\n<li>Performance fiable<\/li>\n<li>Excellent rapport qualit\u00e9-prix<\/li>\n<\/ul>","protected":false},"excerpt":{"rendered":"<p>NBD Appareil Photo Num\u00e9rique 5K 64MP avec Autofocus, Zoom Num\u00e9rique 18x, \u00c9cran IPS 3&Prime; Orientable 180\u00b0, Design R\u00e9tro \u00c9l\u00e9gant, Carte 64GB + 2 Batteries (Argent\u00e9) &#8211; produit de qualit\u00e9 con\u00e7u pour un usage quotidien, offrant performance et fiabilit\u00e9.<\/p>","protected":false},"featured_media":77943,"comment_status":"open","ping_status":"closed","template":"","meta":[],"product_brand":[],"product_cat":[316],"product_tag":[317],"class_list":{"0":"post-78638","1":"product","2":"type-product","3":"status-publish","4":"has-post-thumbnail","6":"product_cat-photo","7":"product_tag-appareil-photo","9":"first","10":"instock","11":"shipping-taxable","12":"product-type-external"},"_links":{"self":[{"href":"https:\/\/joutia.shop\/en\/wp-json\/wp\/v2\/product\/78638","targetHints":{"allow":["GET"]}}],"collection":[{"href":"https:\/\/joutia.shop\/en\/wp-json\/wp\/v2\/product"}],"about":[{"href":"https:\/\/joutia.shop\/en\/wp-json\/wp\/v2\/types\/product"}],"replies":[{"embeddable":true,"href":"https:\/\/joutia.shop\/en\/wp-json\/wp\/v2\/comments?post=78638"}],"wp:featuredmedia":[{"embeddable":true,"href":"https:\/\/joutia.shop\/en\/wp-json\/wp\/v2\/media\/77943"}],"wp:attachment":[{"href":"https:\/\/joutia.shop\/en\/wp-json\/wp\/v2\/media?parent=78638"}],"wp:term":[{"taxonomy":"product_brand","embeddable":true,"href":"https:\/\/joutia.shop\/en\/wp-json\/wp\/v2\/product_brand?post=78638"},{"taxonomy":"product_cat","embeddable":true,"href":"https:\/\/joutia.shop\/en\/wp-json\/wp\/v2\/product_cat?post=78638"},{"taxonomy":"product_tag","embeddable":true,"href":"https:\/\/joutia.shop\/en\/wp-json\/wp\/v2\/product_tag?post=78638"}],"curies":[{"name":"wp","href":"https:\/\/api.w.org\/{rel}","templated":true}]}}