{"id":78627,"date":"2026-03-14T23:29:59","date_gmt":"2026-03-14T23:29:59","guid":{"rendered":"https:\/\/joutia.shop\/product\/samsung-televiseur-tq77s93d-77-77-pouces-oled-4k-smart-tv-2024-2\/"},"modified":"2026-03-14T23:29:59","modified_gmt":"2026-03-14T23:29:59","slug":"samsung-televiseur-tq77s93d-77-77-pouces-oled-4k-smart-tv-2024-2","status":"publish","type":"product","link":"https:\/\/joutia.shop\/en\/product\/samsung-televiseur-tq77s93d-77-77-pouces-oled-4k-smart-tv-2024-2\/","title":{"rendered":"Samsung T\u00e9l\u00e9viseur TQ77S93D 77&Prime; (77 Pouces) OLED 4K Smart TV 2024"},"content":{"rendered":"<h2>Samsung TV AI Mini LED 55 Pouces Neo QLED QN80F 4K Smart TV, Quantum Matrix Core, Processeur NQ4 AI Gen2, WiFi, Airplay, HDR, Q-Symphony, OTS Lite, Knox Security, Gaming Hub, Bixby, Dolby Atmos<\/h2>\n<p>Le produit <strong>Samsung TV AI Mini LED 55 Pouces Neo QLED QN80F 4K Smart TV, Quantum Matrix Core, Processeur NQ4 AI Gen2, WiFi, Airplay, HDR, Q-Symphony, OTS Lite, Knox Security, Gaming Hub, Bixby, Dolby Atmos<\/strong> est con\u00e7u pour offrir performance, fiabilit\u00e9 et confort d&rsquo;utilisation.<\/p>\n<p>Ce produit est id\u00e9al pour une utilisation quotidienne et r\u00e9pond parfaitement aux besoins des utilisateurs recherchant qualit\u00e9 et efficacit\u00e9.<\/p>\n<h3>Caract\u00e9ristiques principales<\/h3>\n<ul>\n<li>Conception robuste et durable<\/li>\n<li>Utilisation simple et intuitive<\/li>\n<li>Performance fiable<\/li>\n<li>Excellent rapport qualit\u00e9-prix<\/li>\n<\/ul>","protected":false},"excerpt":{"rendered":"<p>Samsung TV AI Mini LED 55 Pouces Neo QLED QN80F 4K Smart TV, Quantum Matrix Core, Processeur NQ4 AI Gen2, WiFi, Airplay, HDR, Q-Symphony, OTS Lite, Knox Security, Gaming Hub, Bixby, Dolby Atmos &#8211; produit de qualit\u00e9 con\u00e7u pour un usage quotidien, offrant performance et fiabilit\u00e9.<\/p>","protected":false},"featured_media":77923,"comment_status":"open","ping_status":"closed","template":"","meta":[],"product_brand":[],"product_cat":[314],"product_tag":[315],"class_list":{"0":"post-78627","1":"product","2":"type-product","3":"status-publish","4":"has-post-thumbnail","6":"product_cat-television","7":"product_tag-tv-4k","9":"first","10":"instock","11":"shipping-taxable","12":"product-type-external"},"_links":{"self":[{"href":"https:\/\/joutia.shop\/en\/wp-json\/wp\/v2\/product\/78627","targetHints":{"allow":["GET"]}}],"collection":[{"href":"https:\/\/joutia.shop\/en\/wp-json\/wp\/v2\/product"}],"about":[{"href":"https:\/\/joutia.shop\/en\/wp-json\/wp\/v2\/types\/product"}],"replies":[{"embeddable":true,"href":"https:\/\/joutia.shop\/en\/wp-json\/wp\/v2\/comments?post=78627"}],"wp:featuredmedia":[{"embeddable":true,"href":"https:\/\/joutia.shop\/en\/wp-json\/wp\/v2\/media\/77923"}],"wp:attachment":[{"href":"https:\/\/joutia.shop\/en\/wp-json\/wp\/v2\/media?parent=78627"}],"wp:term":[{"taxonomy":"product_brand","embeddable":true,"href":"https:\/\/joutia.shop\/en\/wp-json\/wp\/v2\/product_brand?post=78627"},{"taxonomy":"product_cat","embeddable":true,"href":"https:\/\/joutia.shop\/en\/wp-json\/wp\/v2\/product_cat?post=78627"},{"taxonomy":"product_tag","embeddable":true,"href":"https:\/\/joutia.shop\/en\/wp-json\/wp\/v2\/product_tag?post=78627"}],"curies":[{"name":"wp","href":"https:\/\/api.w.org\/{rel}","templated":true}]}}